{"id":35687,"date":"2025-02-20T23:35:06","date_gmt":"2025-02-20T22:35:06","guid":{"rendered":"https:\/\/olemosaic.orbitalia.org\/producto\/funda-de-telefono-para-iphone-12-tpu-panoramica-barcelona-azul-2\/"},"modified":"2025-07-25T20:24:39","modified_gmt":"2025-07-25T18:24:39","slug":"capa-de-telemovel-para-iphone-12-tpu-panoramica-barcelona-azul-2","status":"publish","type":"product","link":"https:\/\/olemosaic.orbitalia.org\/pt-pt\/produto\/capa-de-telemovel-para-iphone-12-tpu-panoramica-barcelona-azul-2\/","title":{"rendered":"Capa de telem\u00f3vel para iPhone 12 (TPU). Panor\u00e2mica. Gaud\u00ed. Barcelona. Azul"},"content":{"rendered":"<p>Capa para iPhone 12 com design panor\u00e2mico de Barcelona, fabricada em TPU resistente. Esta pe\u00e7a vibrante apresenta uma ilustra\u00e7\u00e3o colorida que destaca os \u00edcones mais emblem\u00e1ticos da cidade, incluindo a majestosa Sagrada Fam\u00edlia e os caracter\u00edsticos edif\u00edcios modernistas, todos dispostos sobre um fundo azul claro que evoca os mosaicos de Gaud\u00ed. A aten\u00e7\u00e3o cuidada aos detalhes manifesta-se nos tons quentes e alegres que dar\u00e3o um toque din\u00e2mico ao seu dispositivo. Na parte inferior da capa, o texto &#8220;Barcelona&#8221; destaca-se com um estilo art\u00edstico e atraente, fazendo deste produto uma excelente homenagem \u00e0 rica cultura e \u00e0 arte da Cidade Condal.<\/p>\n<p>Esta recorda\u00e7\u00e3o de Barcelona \u00e9 mais do que um simples acess\u00f3rio, \u00e9 uma pe\u00e7a que captura a ess\u00eancia de uma das cidades mais visitadas da Europa, tornando-se uma recorda\u00e7\u00e3o perfeita para aqueles que desejam levar um pedacinho desta vibrante metr\u00f3pole para onde quer que v\u00e3o. Na Ol\u00e9 Mosaic, somos distribuidores de recorda\u00e7\u00f5es de alta qualidade, oferecendo capas por grosso que combinam funcionalidade e est\u00e9tica, ideais para lojas de presentes tur\u00edsticos que procuram produtos \u00fanicos e representativos da cultura espanhola. Esta capa para iPhone 12 ser\u00e1 uma adi\u00e7\u00e3o valiosa para captar a aten\u00e7\u00e3o dos turistas que desejem recordar a sua viagem a Barcelona.<\/p>\n","protected":false},"excerpt":{"rendered":"<p>Capa para iPhone 12 fabricada em TPU com uma panor\u00e2mica vibrante de Barcelona. Este design colorido apresenta elementos ic\u00f3nicos da cidade, como a Sagrada Fam\u00edlia e edif\u00edcios modernistas, sobre um fundo azul claro que evoca os mosaicos de Gaud\u00ed. A ilustra\u00e7\u00e3o art\u00edstica inclui detalhes chamativos em tons quentes e a palavra &#8220;Barcelona&#8221; escrita com um estilo din\u00e2mico. Ideal para proteger o seu dispositivo enquanto mostra o seu amor por esta ic\u00f3nica cidade mediterr\u00e2nica.<\/p>\n","protected":false},"featured_media":12225,"template":"","meta":{"_acf_changed":false},"product_brand":[],"product_cat":[685],"product_tag":[],"class_list":{"0":"post-35687","1":"product","2":"type-product","3":"status-publish","4":"has-post-thumbnail","6":"product_cat-capas-para-telemoveis","7":"pa_ciudad-barcelona","8":"pa_motivo-panoramas","9":"pa_pais-espana","11":"first","12":"instock","13":"shipping-taxable","14":"product-type-simple"},"acf":[],"_links":{"self":[{"href":"https:\/\/olemosaic.orbitalia.org\/pt-pt\/wp-json\/wp\/v2\/product\/35687","targetHints":{"allow":["GET"]}}],"collection":[{"href":"https:\/\/olemosaic.orbitalia.org\/pt-pt\/wp-json\/wp\/v2\/product"}],"about":[{"href":"https:\/\/olemosaic.orbitalia.org\/pt-pt\/wp-json\/wp\/v2\/types\/product"}],"wp:featuredmedia":[{"embeddable":true,"href":"https:\/\/olemosaic.orbitalia.org\/pt-pt\/wp-json\/wp\/v2\/media\/12225"}],"wp:attachment":[{"href":"https:\/\/olemosaic.orbitalia.org\/pt-pt\/wp-json\/wp\/v2\/media?parent=35687"}],"wp:term":[{"taxonomy":"product_brand","embeddable":true,"href":"https:\/\/olemosaic.orbitalia.org\/pt-pt\/wp-json\/wp\/v2\/product_brand?post=35687"},{"taxonomy":"product_cat","embeddable":true,"href":"https:\/\/olemosaic.orbitalia.org\/pt-pt\/wp-json\/wp\/v2\/product_cat?post=35687"},{"taxonomy":"product_tag","embeddable":true,"href":"https:\/\/olemosaic.orbitalia.org\/pt-pt\/wp-json\/wp\/v2\/product_tag?post=35687"}],"curies":[{"name":"wp","href":"https:\/\/api.w.org\/{rel}","templated":true}]}}