{"id":35634,"date":"2025-02-20T22:35:03","date_gmt":"2025-02-20T22:35:03","guid":{"rendered":"https:\/\/olemosaic.orbitalia.org\/producto\/funda-de-telefono-para-iphone-11-pro-tpu-gato-barcelona-negro\/"},"modified":"2025-07-25T19:51:59","modified_gmt":"2025-07-25T17:51:59","slug":"capa-de-telemovel-para-iphone-11-pro-tpu-gato-barcelona-preto","status":"publish","type":"product","link":"https:\/\/olemosaic.orbitalia.org\/pt-pt\/produto\/capa-de-telemovel-para-iphone-11-pro-tpu-gato-barcelona-preto\/","title":{"rendered":"Capa para telem\u00f3vel para iPhone 11 Pro (TPU). Gato. Barcelona. Preto"},"content":{"rendered":"<p>Capa para iPhone 11 Pro com um vibrante design de um gato estilizado em mosaico que captura a alma art\u00edstica de Barcelona. Fabricada em material TPU, esta capa \u00e9 resistente e leve, oferecendo uma prote\u00e7\u00e3o eficaz para o seu dispositivo. O gato, representado num formato colorido e din\u00e2mico, destaca-se sobre um elegante fundo preto, com tonalidades brilhantes em vermelho, azul, verde e amarelo que d\u00e3o vida \u00e0 sua figura. \u00c0 sua volta, borboletas em voo conferem um toque de alegria, simbolizando a liberdade e o encanto da cidade.<\/p>\n<p>Na base da capa, a palavra \u201cBarcelona\u201d apresenta-se com um sofisticado efeito manuscrito, convertendo este acess\u00f3rio numa recorda\u00e7\u00e3o \u00fanica e moderna que celebra a criatividade e o esp\u00edrito cultural da regi\u00e3o. Este produto n\u00e3o \u00e9 apenas uma forma pr\u00e1tica de proteger o seu telem\u00f3vel, mas tamb\u00e9m uma excelente op\u00e7\u00e3o como souvenir que reflete a vibrante vida urbana de Barcelona e o seu legado art\u00edstico.<\/p>\n<p>Na Ol\u00e9 Mosaic, especializamo-nos na distribui\u00e7\u00e3o de souvenirs aut\u00eanticos, e esta capa de telem\u00f3vel \u00e9 uma op\u00e7\u00e3o perfeita para lojas de presentes tur\u00edsticos que procuram oferecer produtos de qualidade e relev\u00e2ncia cultural. Como grossistas de acess\u00f3rios, garantimos um design inovador e aut\u00eantico que ir\u00e1 ressoar com os turistas que procuram levar consigo um peda\u00e7o do encanto de Barcelona.<\/p>\n","protected":false},"excerpt":{"rendered":"<p>Capa para iPhone 11 Pro de TPU, decorada com um design vibrante de um gato estilizado e colorido em formato mosaico, que evoca o esp\u00edrito art\u00edstico de Barcelona. Sobre um fundo preto, o gato destaca-se pelos seus tons brilhantes em vermelho, azul, verde e amarelo, acompanhado de borboletas em voo que acrescentam um toque de alegria. Na parte inferior, a palavra &#8220;Barcelona&#8221; \u00e9 impressa com uma elegante tipografia manuscrita, tornando-a um souvenir \u00fanico e moderno.<\/p>\n","protected":false},"featured_media":12172,"template":"","meta":{"_acf_changed":false},"product_brand":[],"product_cat":[685],"product_tag":[516],"class_list":{"0":"post-35634","1":"product","2":"type-product","3":"status-publish","4":"has-post-thumbnail","6":"product_cat-capas-para-telemoveis","7":"product_tag-animais","8":"pa_ciudad-barcelona","9":"pa_motivo-gatos","10":"pa_pais-espana","12":"first","13":"instock","14":"shipping-taxable","15":"product-type-simple"},"acf":[],"_links":{"self":[{"href":"https:\/\/olemosaic.orbitalia.org\/pt-pt\/wp-json\/wp\/v2\/product\/35634","targetHints":{"allow":["GET"]}}],"collection":[{"href":"https:\/\/olemosaic.orbitalia.org\/pt-pt\/wp-json\/wp\/v2\/product"}],"about":[{"href":"https:\/\/olemosaic.orbitalia.org\/pt-pt\/wp-json\/wp\/v2\/types\/product"}],"wp:featuredmedia":[{"embeddable":true,"href":"https:\/\/olemosaic.orbitalia.org\/pt-pt\/wp-json\/wp\/v2\/media\/12172"}],"wp:attachment":[{"href":"https:\/\/olemosaic.orbitalia.org\/pt-pt\/wp-json\/wp\/v2\/media?parent=35634"}],"wp:term":[{"taxonomy":"product_brand","embeddable":true,"href":"https:\/\/olemosaic.orbitalia.org\/pt-pt\/wp-json\/wp\/v2\/product_brand?post=35634"},{"taxonomy":"product_cat","embeddable":true,"href":"https:\/\/olemosaic.orbitalia.org\/pt-pt\/wp-json\/wp\/v2\/product_cat?post=35634"},{"taxonomy":"product_tag","embeddable":true,"href":"https:\/\/olemosaic.orbitalia.org\/pt-pt\/wp-json\/wp\/v2\/product_tag?post=35634"}],"curies":[{"name":"wp","href":"https:\/\/api.w.org\/{rel}","templated":true}]}}