{"id":35546,"date":"2025-02-20T23:34:59","date_gmt":"2025-02-20T22:34:59","guid":{"rendered":"https:\/\/olemosaic.orbitalia.org\/producto\/funda-de-telefono-para-iphone-13-pro-tpu-abstracto-verde-2\/"},"modified":"2025-07-25T17:57:32","modified_gmt":"2025-07-25T15:57:32","slug":"capa-para-telemovel-iphone-13-pro-tpu-abstrato-estilo-moderno-verde","status":"publish","type":"product","link":"https:\/\/olemosaic.orbitalia.org\/pt-pt\/produto\/capa-para-telemovel-iphone-13-pro-tpu-abstrato-estilo-moderno-verde\/","title":{"rendered":"Capa para telem\u00f3vel para iPhone 13 Pro (TPU). Abstrato. Estilo moderno. Verde"},"content":{"rendered":"<p>Capa para iPhone 13 Pro com design de mosaico. Esta capa elegante, fabricada em TPU, um material duradouro e flex\u00edvel, oferece uma prote\u00e7\u00e3o eficaz para o seu dispositivo, resistindo ao uso di\u00e1rio e exibindo um vibrante design abstrato em tons de verde, azul e laranja. O padr\u00e3o de mosaico, que adorna a capa, evoca o estilo arquitet\u00f3nico caracter\u00edstico das obras de Antoni Gaud\u00ed, famoso pelas suas formas geom\u00e9tricas fluidas e pela sua integra\u00e7\u00e3o da natureza na arte. Cada detalhe do mosaico foi meticulosamente pensado para oferecer uma est\u00e9tica moderna e art\u00edstica que destaca a beleza do design mediterr\u00e2nico.<\/p>\n<p>As formas geom\u00e9tricas entrela\u00e7adas conferem profundidade e dinamismo \u00e0 pe\u00e7a, tornando-a um acess\u00f3rio apelativo que, al\u00e9m de proteger, representa um peda\u00e7o da rica cultura espanhola. Este souvenir \u00e9 perfeito para turistas que procuram uma forma de levar consigo um fragmento da singularidade de Barcelona e das suas influ\u00eancias art\u00edsticas. Na Ol\u00e9 Mosaic, dedicamo-nos a oferecer produtos aut\u00eanticos e representativos como esta capa, ideal para lojas de recorda\u00e7\u00f5es que valorizam a qualidade e o design. Com a nossa vasta gama de capas por grosso, garantimos que cada pe\u00e7a conte uma hist\u00f3ria e proporcione um toque de eleg\u00e2ncia cultural.<\/p>\n","protected":false},"excerpt":{"rendered":"<p>Capa para iPhone 13 Pro de TPU, com um design abstrato e vibrante em tons de verde, azul e laranja. Este modelo apresenta um padr\u00e3o de mosaico que evoca o estilo arquitet\u00f3nico de Gaud\u00ed, com formas geom\u00e9tricas entrela\u00e7adas que lhe conferem um toque moderno e art\u00edstico. Uma op\u00e7\u00e3o ideal para proteger o seu dispositivo e exibir um peda\u00e7o da cultura mediterr\u00e2nica.<\/p>\n","protected":false},"featured_media":12317,"template":"","meta":{"_acf_changed":false},"product_brand":[],"product_cat":[685],"product_tag":[],"class_list":{"0":"post-35546","1":"product","2":"type-product","3":"status-publish","4":"has-post-thumbnail","6":"product_cat-capas-para-telemoveis","7":"pa_motivo-resumo","9":"first","10":"instock","11":"shipping-taxable","12":"product-type-simple"},"acf":[],"_links":{"self":[{"href":"https:\/\/olemosaic.orbitalia.org\/pt-pt\/wp-json\/wp\/v2\/product\/35546","targetHints":{"allow":["GET"]}}],"collection":[{"href":"https:\/\/olemosaic.orbitalia.org\/pt-pt\/wp-json\/wp\/v2\/product"}],"about":[{"href":"https:\/\/olemosaic.orbitalia.org\/pt-pt\/wp-json\/wp\/v2\/types\/product"}],"wp:featuredmedia":[{"embeddable":true,"href":"https:\/\/olemosaic.orbitalia.org\/pt-pt\/wp-json\/wp\/v2\/media\/12317"}],"wp:attachment":[{"href":"https:\/\/olemosaic.orbitalia.org\/pt-pt\/wp-json\/wp\/v2\/media?parent=35546"}],"wp:term":[{"taxonomy":"product_brand","embeddable":true,"href":"https:\/\/olemosaic.orbitalia.org\/pt-pt\/wp-json\/wp\/v2\/product_brand?post=35546"},{"taxonomy":"product_cat","embeddable":true,"href":"https:\/\/olemosaic.orbitalia.org\/pt-pt\/wp-json\/wp\/v2\/product_cat?post=35546"},{"taxonomy":"product_tag","embeddable":true,"href":"https:\/\/olemosaic.orbitalia.org\/pt-pt\/wp-json\/wp\/v2\/product_tag?post=35546"}],"curies":[{"name":"wp","href":"https:\/\/api.w.org\/{rel}","templated":true}]}}