{"id":35545,"date":"2025-02-20T22:34:59","date_gmt":"2025-02-20T22:34:59","guid":{"rendered":"https:\/\/olemosaic.orbitalia.org\/producto\/funda-de-telefono-para-xiaomi-rmnote-12-tpu-motivos-marinos-azul\/"},"modified":"2025-07-25T20:01:56","modified_gmt":"2025-07-25T18:01:56","slug":"capa-para-telemovel-xiaomi-rmnote-12-tpu-motivos-marinos-azul","status":"publish","type":"product","link":"https:\/\/olemosaic.orbitalia.org\/pt-pt\/produto\/capa-para-telemovel-xiaomi-rmnote-12-tpu-motivos-marinos-azul\/","title":{"rendered":"Capa para telem\u00f3vel para Xiaomi RMNote 12 (TPU). Motivos marinhos. Azul"},"content":{"rendered":"<p>Capa para telem\u00f3vel concebida para Xiaomi RMNote 12, fabricada em TPU, com motivos marinhos vibrantes. Esta capa n\u00e3o s\u00f3 protege o seu dispositivo, como o transforma num acess\u00f3rio verdadeiramente apelativo. Com um fundo azul profundo que evoca a frescura do oceano, a capa apresenta um mosaico colorido que inclui golfinhos, tartarugas e cavalos-marinhos, cada um representado com um estilo art\u00edstico moderno e atraente. Os golfinhos, s\u00edmbolo de intelig\u00eancia e alegria, nadam alegremente \u00e0 superf\u00edcie, enquanto as tartarugas acrescentam um toque de serenidade, simbolizando a longevidade e a sabedoria. O design tamb\u00e9m inclui divertidos cavalos-marinhos e elementos naturais, criando uma paisagem marinha que capta a ess\u00eancia vibrante da vida submarina.<\/p>\n<p>Este produto n\u00e3o \u00e9 apenas pr\u00e1tico, mas tamb\u00e9m uma representa\u00e7\u00e3o cultural da beleza costeira que caracteriza muitas regi\u00f5es de Espanha e Portugal, onde a vida marinha faz parte integrante do patrim\u00f3nio local. Na Ol\u00e9 Mosaic, especializamo-nos na distribui\u00e7\u00e3o de souvenirs por grosso, tornando esta capa um excelente presente para lojas de artigos tur\u00edsticos que procuram produtos representativos e aut\u00eanticos. O seu design atraente e liga\u00e7\u00e3o cultural tornam-na uma excelente ideia para turistas que desejam levar consigo um fragmento do oceano. Como grossistas de acess\u00f3rios, garantimos qualidade e autenticidade em cada produto, assegurando que cada capa n\u00e3o s\u00f3 proteja, mas tamb\u00e9m celebre a diversidade marinha.<\/p>\n","protected":false},"excerpt":{"rendered":"<p>Capa para telem\u00f3vel concebida para o Xiaomi Redmi Note 12, fabricada em TPU, com motivos marinhos vibrantes. A capa apresenta um fundo azul escuro decorado com um mosaico colorido que inclui golfinhos, tartarugas e cavalos-marinhos, todos representados com um estilo art\u00edstico moderno. Desfrute da frescura do oceano com esta pe\u00e7a \u00fanica que n\u00e3o s\u00f3 protege o seu dispositivo, como tamb\u00e9m o torna um acess\u00f3rio de destaque.<\/p>\n","protected":false},"featured_media":12697,"template":"","meta":{"_acf_changed":false},"product_brand":[],"product_cat":[685],"product_tag":[516],"class_list":{"0":"post-35545","1":"product","2":"type-product","3":"status-publish","4":"has-post-thumbnail","6":"product_cat-capas-para-telemoveis","7":"product_tag-animais","8":"pa_motivo-animais-marinhos","10":"first","11":"instock","12":"shipping-taxable","13":"product-type-simple"},"acf":[],"_links":{"self":[{"href":"https:\/\/olemosaic.orbitalia.org\/pt-pt\/wp-json\/wp\/v2\/product\/35545","targetHints":{"allow":["GET"]}}],"collection":[{"href":"https:\/\/olemosaic.orbitalia.org\/pt-pt\/wp-json\/wp\/v2\/product"}],"about":[{"href":"https:\/\/olemosaic.orbitalia.org\/pt-pt\/wp-json\/wp\/v2\/types\/product"}],"wp:featuredmedia":[{"embeddable":true,"href":"https:\/\/olemosaic.orbitalia.org\/pt-pt\/wp-json\/wp\/v2\/media\/12697"}],"wp:attachment":[{"href":"https:\/\/olemosaic.orbitalia.org\/pt-pt\/wp-json\/wp\/v2\/media?parent=35545"}],"wp:term":[{"taxonomy":"product_brand","embeddable":true,"href":"https:\/\/olemosaic.orbitalia.org\/pt-pt\/wp-json\/wp\/v2\/product_brand?post=35545"},{"taxonomy":"product_cat","embeddable":true,"href":"https:\/\/olemosaic.orbitalia.org\/pt-pt\/wp-json\/wp\/v2\/product_cat?post=35545"},{"taxonomy":"product_tag","embeddable":true,"href":"https:\/\/olemosaic.orbitalia.org\/pt-pt\/wp-json\/wp\/v2\/product_tag?post=35545"}],"curies":[{"name":"wp","href":"https:\/\/api.w.org\/{rel}","templated":true}]}}