{"id":35492,"date":"2025-02-20T22:34:58","date_gmt":"2025-02-20T22:34:58","guid":{"rendered":"https:\/\/olemosaic.orbitalia.org\/producto\/funda-de-telefono-para-samsung-a13-tpu-mariposa-barcelona-blanco\/"},"modified":"2025-07-25T20:16:27","modified_gmt":"2025-07-25T18:16:27","slug":"capa-de-telemovel-para-samsung-a13-tpu-borboleta-barcelona-branco","status":"publish","type":"product","link":"https:\/\/olemosaic.orbitalia.org\/pt-pt\/produto\/capa-de-telemovel-para-samsung-a13-tpu-borboleta-barcelona-branco\/","title":{"rendered":"Capa de telem\u00f3vel para Samsung A13 (TPU). Borboleta. Barcelona. Branco"},"content":{"rendered":"<p>Capa de TPU para Samsung A13 com um design vibrante de borboletas. Esta atraente capa est\u00e1 decorada com um motivo colorido que apresenta borboletas em tons intensos de laranja, azul e rosa, conferindo uma sensa\u00e7\u00e3o de frescura e alegria a qualquer dispositivo. A base branca da capa est\u00e1 adornada com um padr\u00e3o de mosaico, uma clara refer\u00eancia \u00e0 famosa cer\u00e2mica de Barcelona, que destaca a rica tradi\u00e7\u00e3o art\u00edstica da cidade. Na parte inferior, o texto &#8220;Barcelona&#8221; \u00e9 apresentado com uma tipografia moderna, acrescentando um toque contempor\u00e2neo ao produto.<\/p>\n<p>Esta capa n\u00e3o s\u00f3 proporciona uma excelente prote\u00e7\u00e3o para o Samsung A13, como tamb\u00e9m atua como uma recorda\u00e7\u00e3o do esplendor cultural de Barcelona, perfeita para aqueles que procuram captar a ess\u00eancia da cidade enquanto mant\u00eam o seu dispositivo elegante. A combina\u00e7\u00e3o de arte e funcionalidade torna esta capa de telem\u00f3vel num souvenir representativo ideal para os turistas que desejam levar consigo uma parte da sua experi\u00eancia barcelonesa. Na Ol\u00e9 Mosaic, oferecemos souvenirs personalizados de alta qualidade por grosso, garantindo que cada pe\u00e7a seja aut\u00eantica e culturalmente relevante. Esta capa de borboletas \u00e9 uma excelente op\u00e7\u00e3o para lojas de presentes tur\u00edsticos que procuram um produto \u00fanico e atraente.<\/p>\n","protected":false},"excerpt":{"rendered":"<p>Capa de TPU para Samsung A13, adornada com um design vibrante de borboletas em cores intensas como laranja, azul e rosa, que conferem um toque de frescura e alegria. A base branca apresenta um padr\u00e3o de mosaico que evoca a famosa cer\u00e2mica de Barcelona, enquanto o texto &#8220;Barcelona&#8221; se destaca na parte inferior, acrescentando um charme moderno. Este produto combina prote\u00e7\u00e3o e estilo, ideal para os amantes da cidade.<\/p>\n","protected":false},"featured_media":12505,"template":"","meta":{"_acf_changed":false},"product_brand":[],"product_cat":[685],"product_tag":[516],"class_list":{"0":"post-35492","1":"product","2":"type-product","3":"status-publish","4":"has-post-thumbnail","6":"product_cat-capas-para-telemoveis","7":"product_tag-animais","8":"pa_ciudad-barcelona","9":"pa_motivo-borboletas","10":"pa_pais-espana","12":"first","13":"instock","14":"shipping-taxable","15":"product-type-simple"},"acf":[],"_links":{"self":[{"href":"https:\/\/olemosaic.orbitalia.org\/pt-pt\/wp-json\/wp\/v2\/product\/35492","targetHints":{"allow":["GET"]}}],"collection":[{"href":"https:\/\/olemosaic.orbitalia.org\/pt-pt\/wp-json\/wp\/v2\/product"}],"about":[{"href":"https:\/\/olemosaic.orbitalia.org\/pt-pt\/wp-json\/wp\/v2\/types\/product"}],"wp:featuredmedia":[{"embeddable":true,"href":"https:\/\/olemosaic.orbitalia.org\/pt-pt\/wp-json\/wp\/v2\/media\/12505"}],"wp:attachment":[{"href":"https:\/\/olemosaic.orbitalia.org\/pt-pt\/wp-json\/wp\/v2\/media?parent=35492"}],"wp:term":[{"taxonomy":"product_brand","embeddable":true,"href":"https:\/\/olemosaic.orbitalia.org\/pt-pt\/wp-json\/wp\/v2\/product_brand?post=35492"},{"taxonomy":"product_cat","embeddable":true,"href":"https:\/\/olemosaic.orbitalia.org\/pt-pt\/wp-json\/wp\/v2\/product_cat?post=35492"},{"taxonomy":"product_tag","embeddable":true,"href":"https:\/\/olemosaic.orbitalia.org\/pt-pt\/wp-json\/wp\/v2\/product_tag?post=35492"}],"curies":[{"name":"wp","href":"https:\/\/api.w.org\/{rel}","templated":true}]}}