{"id":35490,"date":"2025-02-20T23:34:57","date_gmt":"2025-02-20T22:34:57","guid":{"rendered":"https:\/\/olemosaic.orbitalia.org\/producto\/dragon-figura-de-resina-de-85-cm-pintada-a-mano\/"},"modified":"2025-07-25T20:18:58","modified_gmt":"2025-07-25T18:18:58","slug":"dragao-figura-de-resina-de-8-5-cm-pintada-a-mao","status":"publish","type":"product","link":"https:\/\/olemosaic.orbitalia.org\/pt-pt\/produto\/dragao-figura-de-resina-de-8-5-cm-pintada-a-mao\/","title":{"rendered":"Drag\u00e3o. Figura de mosaico de 8,5 cm."},"content":{"rendered":"<p>Figurinha de drag\u00e3o vibrante de resina<\/p>\n<p>Descubra a nossa espetacular figurinha de drag\u00e3o, elaborada em resina de alta qualidade e com efeito pintado \u00e0 m\u00e3o. Com dimens\u00f5es de 8,5 cm de comprimento, esta encantadora pe\u00e7a destaca-se pelo seu design \u00fanico e colorido, que inclui uma explos\u00e3o de tons azuis, laranjas e verdes. Cada detalhe foi cuidadosamente criado, dando vida a um drag\u00e3o que parece estar em movimento, conferindo um toque art\u00edstico e l\u00fadico a qualquer espa\u00e7o. Este drag\u00e3o simboliza a rica tradi\u00e7\u00e3o folcl\u00f3rica de Espanha, onde as lendas e os mitos se entrela\u00e7am com a cultura.<\/p>\n<p>O seu estilo vibrante e moderno torna-o um souvenir atraente, ideal tanto para colecionadores como para amantes da arte. Este objeto decorativo n\u00e3o s\u00f3 real\u00e7a a est\u00e9tica da sua casa, mas tamb\u00e9m narra uma hist\u00f3ria cultural, sendo um presente perfeito para aqueles que procuram levar um pedacinho da ess\u00eancia espanhola. Na Ol\u00e9 Mosaic, focamo-nos em oferecer souvenirs aut\u00eanticos e de qualidade no setor grossista. Esta figurinha de drag\u00e3o \u00e9 uma excelente op\u00e7\u00e3o para lojas de presentes tur\u00edsticos, pois combina o artesanato tradicional com uma est\u00e9tica contempor\u00e2nea que encantar\u00e1 os turistas.<\/p>\n","protected":false},"excerpt":{"rendered":"<p>Figurinha de drag\u00e3o elaborada em resina, com um design vibrante e um comprimento de 8,5 cm. Esta pe\u00e7a, de design artesanal e pintada \u00e0 m\u00e3o, apresenta um mosaico de cores apelativas, incluindo tons azuis, laranjas e verdes, o que lhe confere um toque art\u00edstico e l\u00fadico. Ideal para colecionadores e amantes da arte, esta figura simboliza o folclore e a cultura de Espanha, sendo um souvenir atraente ou uma decora\u00e7\u00e3o singular para qualquer espa\u00e7o.<\/p>\n","protected":false},"featured_media":6272,"template":"","meta":{"_acf_changed":false},"product_brand":[],"product_cat":[552],"product_tag":[],"class_list":{"0":"post-35490","1":"product","2":"type-product","3":"status-publish","4":"has-post-thumbnail","6":"product_cat-numeros","7":"pa_motivo-dragao","9":"first","10":"instock","11":"shipping-taxable","12":"product-type-simple"},"acf":[],"_links":{"self":[{"href":"https:\/\/olemosaic.orbitalia.org\/pt-pt\/wp-json\/wp\/v2\/product\/35490","targetHints":{"allow":["GET"]}}],"collection":[{"href":"https:\/\/olemosaic.orbitalia.org\/pt-pt\/wp-json\/wp\/v2\/product"}],"about":[{"href":"https:\/\/olemosaic.orbitalia.org\/pt-pt\/wp-json\/wp\/v2\/types\/product"}],"wp:featuredmedia":[{"embeddable":true,"href":"https:\/\/olemosaic.orbitalia.org\/pt-pt\/wp-json\/wp\/v2\/media\/6272"}],"wp:attachment":[{"href":"https:\/\/olemosaic.orbitalia.org\/pt-pt\/wp-json\/wp\/v2\/media?parent=35490"}],"wp:term":[{"taxonomy":"product_brand","embeddable":true,"href":"https:\/\/olemosaic.orbitalia.org\/pt-pt\/wp-json\/wp\/v2\/product_brand?post=35490"},{"taxonomy":"product_cat","embeddable":true,"href":"https:\/\/olemosaic.orbitalia.org\/pt-pt\/wp-json\/wp\/v2\/product_cat?post=35490"},{"taxonomy":"product_tag","embeddable":true,"href":"https:\/\/olemosaic.orbitalia.org\/pt-pt\/wp-json\/wp\/v2\/product_tag?post=35490"}],"curies":[{"name":"wp","href":"https:\/\/api.w.org\/{rel}","templated":true}]}}