{"id":35489,"date":"2025-02-20T23:34:57","date_gmt":"2025-02-20T22:34:57","guid":{"rendered":"https:\/\/olemosaic.orbitalia.org\/producto\/toro-figura-de-resina-de-8-cm-pintada-a-mano-2\/"},"modified":"2025-07-25T18:59:10","modified_gmt":"2025-07-25T16:59:10","slug":"touro-figura-de-resina-de-8-cm-pintada-a-mao-2","status":"publish","type":"product","link":"https:\/\/olemosaic.orbitalia.org\/pt-pt\/produto\/touro-figura-de-resina-de-8-cm-pintada-a-mao-2\/","title":{"rendered":"Touro. Figura de mosaico de 8 cm. V\u00e1rias cores."},"content":{"rendered":"<p>Figura decorativa de um touro de resina com efeito pintado \u00e0 m\u00e3o. Com uma altura de 8 cm, esta vibrante figura capta a ess\u00eancia da tradi\u00e7\u00e3o espanhola gra\u00e7as ao seu design colorido em mosaico, que combina tons de vermelho, azul, verde, amarelo e rosa. Cada detalhe desta pe\u00e7a \u00e9 meticulosamente elaborado, destacando o corpo robusto do touro, um s\u00edmbolo de for\u00e7a e coragem que representa o folclore espanhol.<\/p>\n<p>O acabamento em mosaico n\u00e3o s\u00f3 lhe confere um car\u00e1cter art\u00edstico \u00fanico, mas tamb\u00e9m lhe d\u00e1 um ar festivo e alegre, tornando esta figura uma excelente recorda\u00e7\u00e3o para os turistas que procuram um souvenir aut\u00eantico da sua visita a Espanha. Este \u00edcone da cultura espanhola tornou-se um objeto decorativo muito apreciado em in\u00fameros lares e espa\u00e7os, acrescentando um toque de cor e autenticidade.<\/p>\n<p>Na Ol\u00e9 Mosaic, dedicamo-nos \u00e0 distribui\u00e7\u00e3o de souvenirs por grosso e oferecemos esta figura de touro como uma op\u00e7\u00e3o ideal para lojas de presentes tur\u00edsticos. Ao escolher este souvenir, os compradores n\u00e3o s\u00f3 adquirem uma pe\u00e7a decorativa, mas tamb\u00e9m um s\u00edmbolo da rica heran\u00e7a cultural espanhola. A figura de resina do touro \u00e9 perfeita para quem deseja levar um peda\u00e7o de Espanha e desfrutar da sua relev\u00e2ncia cultural no seu dia a dia.<\/p>\n","protected":false},"excerpt":{"rendered":"<p>Figura de um touro, design artesanal, pintado \u00e0 m\u00e3o, com um design colorido e vibrante que representa a tradi\u00e7\u00e3o espanhola. Com 8 cm de altura, esta pe\u00e7a decorativa destaca-se pelo seu acabamento em mosaico, combinando tons de vermelho, azul, verde, amarelo e rosa que evocam o folclore. Ideal como recorda\u00e7\u00e3o ou como elemento decorativo, reflete a emblem\u00e1tica figura do touro na cultura espanhola, conferindo um toque art\u00edstico e cultural a qualquer espa\u00e7o.<\/p>\n","protected":false},"featured_media":8705,"template":"","meta":{"_acf_changed":false},"product_brand":[],"product_cat":[552],"product_tag":[516],"class_list":{"0":"post-35489","1":"product","2":"type-product","3":"status-publish","4":"has-post-thumbnail","6":"product_cat-numeros","7":"product_tag-animais","8":"pa_motivo-touros","10":"first","11":"instock","12":"shipping-taxable","13":"product-type-simple"},"acf":[],"_links":{"self":[{"href":"https:\/\/olemosaic.orbitalia.org\/pt-pt\/wp-json\/wp\/v2\/product\/35489","targetHints":{"allow":["GET"]}}],"collection":[{"href":"https:\/\/olemosaic.orbitalia.org\/pt-pt\/wp-json\/wp\/v2\/product"}],"about":[{"href":"https:\/\/olemosaic.orbitalia.org\/pt-pt\/wp-json\/wp\/v2\/types\/product"}],"wp:featuredmedia":[{"embeddable":true,"href":"https:\/\/olemosaic.orbitalia.org\/pt-pt\/wp-json\/wp\/v2\/media\/8705"}],"wp:attachment":[{"href":"https:\/\/olemosaic.orbitalia.org\/pt-pt\/wp-json\/wp\/v2\/media?parent=35489"}],"wp:term":[{"taxonomy":"product_brand","embeddable":true,"href":"https:\/\/olemosaic.orbitalia.org\/pt-pt\/wp-json\/wp\/v2\/product_brand?post=35489"},{"taxonomy":"product_cat","embeddable":true,"href":"https:\/\/olemosaic.orbitalia.org\/pt-pt\/wp-json\/wp\/v2\/product_cat?post=35489"},{"taxonomy":"product_tag","embeddable":true,"href":"https:\/\/olemosaic.orbitalia.org\/pt-pt\/wp-json\/wp\/v2\/product_tag?post=35489"}],"curies":[{"name":"wp","href":"https:\/\/api.w.org\/{rel}","templated":true}]}}