{"id":35470,"date":"2025-02-20T23:34:57","date_gmt":"2025-02-20T22:34:57","guid":{"rendered":"https:\/\/olemosaic.orbitalia.org\/producto\/bailaora-figura-de-resina-de-17-cm-negro-rojo-pintada-a-mano\/"},"modified":"2025-07-25T19:04:14","modified_gmt":"2025-07-25T17:04:14","slug":"bailarina-figura-de-resina-de-17-cm-preto-vermelho-pintada-a-mao","status":"publish","type":"product","link":"https:\/\/olemosaic.orbitalia.org\/pt-pt\/produto\/bailarina-figura-de-resina-de-17-cm-preto-vermelho-pintada-a-mao\/","title":{"rendered":"Bailarina. Figura de mosaico de 17 cm. Preto \/ vermelho."},"content":{"rendered":"<p>Figura de resina de uma bailarina de flamenco<\/p>\n<p>Esta encantadora figura de resina de 17 cm de altura captura a ess\u00eancia da arte flamenca com o seu vibrante design e os seus cuidados detalhes. Representa uma bailarina trajada com um elegante vestido preto adornado com chamativas bolinhas vermelhas. A pe\u00e7a aparenta estar pintada \u00e0 m\u00e3o, o que garante a sua singularidade e autenticidade. O folho largo na parte inferior do vestido, juntamente com os detalhes das mangas, conferem uma din\u00e2mica sensa\u00e7\u00e3o de movimento, refletindo a gra\u00e7a e o ritmo caracter\u00edsticos do flamenco. A bailarina segura um leque decorativo, que acentua ainda mais a sensa\u00e7\u00e3o de movimento e a paix\u00e3o, evocando as atua\u00e7\u00f5es vibrantes que adornam os tablaos da Andaluzia.<\/p>\n<p>Este souvenir \u00e9 un reflexo perfeito da rica cultura andaluza, pois simboliza a eleg\u00e2ncia e a vibrante tradi\u00e7\u00e3o da dan\u00e7a flamenca. Ideal como recorda\u00e7\u00e3o de uma viagem a Espanha, esta figura n\u00e3o s\u00f3 serve como um belo objeto decorativo, mas tamb\u00e9m como um testemunho do patrim\u00f3nio cultural que representa. Na Ol\u00e9 Mosaic, oferecemos esta figura como parte da nossa sele\u00e7\u00e3o de produtos por grosso, ideais para lojas de presentes tur\u00edsticos que procuram artigos aut\u00eanticos e de qualidade. N\u00e3o h\u00e1 melhor maneira de levar um pedacinho da Andaluzia do que com esta requintada figura de bailarina flamenca, uma pe\u00e7a que, sem d\u00favida, encantar\u00e1 os visitantes.<\/p>\n","protected":false},"excerpt":{"rendered":"<p>Figura de 17 cm que representa uma bailarina de flamenco, design artesanal, pintado \u00e0 m\u00e3o, com um vestido preto vibrante adornado com bolinhas vermelhas. O seu elegante traje complementa-se com um folho largo na parte inferior e detalhes nas mangas. A bailarina segura um leque decorativo que acrescenta movimento \u00e0 cena, capturando a ess\u00eancia do flamenco. Ideal como recorda\u00e7\u00e3o que reflete a rica cultura andaluza.<\/p>\n","protected":false},"featured_media":7848,"template":"","meta":{"_acf_changed":false},"product_brand":[],"product_cat":[552],"product_tag":[],"class_list":{"0":"post-35470","1":"product","2":"type-product","3":"status-publish","4":"has-post-thumbnail","6":"product_cat-numeros","7":"pa_motivo-dancarinos","9":"first","10":"instock","11":"shipping-taxable","12":"product-type-simple"},"acf":[],"_links":{"self":[{"href":"https:\/\/olemosaic.orbitalia.org\/pt-pt\/wp-json\/wp\/v2\/product\/35470","targetHints":{"allow":["GET"]}}],"collection":[{"href":"https:\/\/olemosaic.orbitalia.org\/pt-pt\/wp-json\/wp\/v2\/product"}],"about":[{"href":"https:\/\/olemosaic.orbitalia.org\/pt-pt\/wp-json\/wp\/v2\/types\/product"}],"wp:featuredmedia":[{"embeddable":true,"href":"https:\/\/olemosaic.orbitalia.org\/pt-pt\/wp-json\/wp\/v2\/media\/7848"}],"wp:attachment":[{"href":"https:\/\/olemosaic.orbitalia.org\/pt-pt\/wp-json\/wp\/v2\/media?parent=35470"}],"wp:term":[{"taxonomy":"product_brand","embeddable":true,"href":"https:\/\/olemosaic.orbitalia.org\/pt-pt\/wp-json\/wp\/v2\/product_brand?post=35470"},{"taxonomy":"product_cat","embeddable":true,"href":"https:\/\/olemosaic.orbitalia.org\/pt-pt\/wp-json\/wp\/v2\/product_cat?post=35470"},{"taxonomy":"product_tag","embeddable":true,"href":"https:\/\/olemosaic.orbitalia.org\/pt-pt\/wp-json\/wp\/v2\/product_tag?post=35470"}],"curies":[{"name":"wp","href":"https:\/\/api.w.org\/{rel}","templated":true}]}}