{"id":35469,"date":"2025-02-20T23:34:56","date_gmt":"2025-02-20T22:34:56","guid":{"rendered":"https:\/\/olemosaic.orbitalia.org\/producto\/toro-figura-de-resina-de-32-cm-pintada-a-mano-2\/"},"modified":"2025-07-25T20:38:08","modified_gmt":"2025-07-25T18:38:08","slug":"touro-figura-de-resina-de-32-cm-pintada-a-mao-2","status":"publish","type":"product","link":"https:\/\/olemosaic.orbitalia.org\/pt-pt\/produto\/touro-figura-de-resina-de-32-cm-pintada-a-mao-2\/","title":{"rendered":"Touro. Figura de mosaico de 32 cm. V\u00e1rias cores."},"content":{"rendered":"<p>Figura de resina de um touro<\/p>\n<p>Descubra a nossa espetacular figura de resina de um touro, uma pe\u00e7a art\u00edstica \u00fanica de 32 cm, elaborada com um vibrante design de mosaico. Cada figura tem um efeito pintado \u00e0 m\u00e3o, o que resulta numa colorida representa\u00e7\u00e3o que captura a ess\u00eancia do folclore espanhol, ideal tanto como recorda\u00e7\u00e3o como elemento decorativo. O touro, s\u00edmbolo emblem\u00e1tico da tradi\u00e7\u00e3o taurina em Espanha, est\u00e1 representado numa postura din\u00e2mica que parece ganhar vida, destacando a sua for\u00e7a e energia.<\/p>\n<p>A mistura de tons brilhantes como vermelho, azul, amarelo e verde combina-se de forma magistral, real\u00e7ando n\u00e3o s\u00f3 a forma do touro, mas tamb\u00e9m o seu car\u00e1cter festivo e alegre. Esta obra n\u00e3o \u00e9 apenas um objeto decorativo, mas um reflexo da arte e da cultura espanhola, que evoca a rica tradi\u00e7\u00e3o das corridas de touros e o lugar especial que este nobre animal ocupa no cora\u00e7\u00e3o de muitos.<\/p>\n<p>Ideal para turistas que procuram recorda\u00e7\u00f5es aut\u00eanticas e representativas, este touro de resina \u00e9 a escolha perfeita para quem deseja levar um peda\u00e7o de Espanha. Na Ol\u00e9 Mosaic, o nosso compromisso como grossista de souvenirs alinha-se com a qualidade e a autenticidade, oferecendo a lojas de presentes tur\u00edsticos a oportunidade de apresentar produtos que celebram a cultura local. Embeleze qualquer espa\u00e7o com esta pe\u00e7a, que n\u00e3o \u00e9 apenas uma recorda\u00e7\u00e3o, mas tamb\u00e9m uma celebra\u00e7\u00e3o das tradi\u00e7\u00f5es espanholas.<\/p>\n","protected":false},"excerpt":{"rendered":"<p>Figura de um touro de 32 cm, design artesanal, pintado \u00e0 m\u00e3o, com um vibrante design de mosaico. Esta colorida representa\u00e7\u00e3o captura a ess\u00eancia do folclore espanhol, ideal como souvenir ou elemento decorativo. A mistura de tons brilhantes como vermelho, azul, amarelo e verde combina-se na perfei\u00e7\u00e3o para real\u00e7ar a din\u00e2mica forma do touro, s\u00edmbolo da tradi\u00e7\u00e3o taurina em Espanha. Um artigo \u00fanico que confere um toque de alegria e cultura a qualquer espa\u00e7o.<\/p>\n","protected":false},"featured_media":8757,"template":"","meta":{"_acf_changed":false},"product_brand":[],"product_cat":[552],"product_tag":[516],"class_list":{"0":"post-35469","1":"product","2":"type-product","3":"status-publish","4":"has-post-thumbnail","6":"product_cat-numeros","7":"product_tag-animais","8":"pa_motivo-touros","10":"first","11":"instock","12":"shipping-taxable","13":"product-type-simple"},"acf":[],"_links":{"self":[{"href":"https:\/\/olemosaic.orbitalia.org\/pt-pt\/wp-json\/wp\/v2\/product\/35469","targetHints":{"allow":["GET"]}}],"collection":[{"href":"https:\/\/olemosaic.orbitalia.org\/pt-pt\/wp-json\/wp\/v2\/product"}],"about":[{"href":"https:\/\/olemosaic.orbitalia.org\/pt-pt\/wp-json\/wp\/v2\/types\/product"}],"wp:featuredmedia":[{"embeddable":true,"href":"https:\/\/olemosaic.orbitalia.org\/pt-pt\/wp-json\/wp\/v2\/media\/8757"}],"wp:attachment":[{"href":"https:\/\/olemosaic.orbitalia.org\/pt-pt\/wp-json\/wp\/v2\/media?parent=35469"}],"wp:term":[{"taxonomy":"product_brand","embeddable":true,"href":"https:\/\/olemosaic.orbitalia.org\/pt-pt\/wp-json\/wp\/v2\/product_brand?post=35469"},{"taxonomy":"product_cat","embeddable":true,"href":"https:\/\/olemosaic.orbitalia.org\/pt-pt\/wp-json\/wp\/v2\/product_cat?post=35469"},{"taxonomy":"product_tag","embeddable":true,"href":"https:\/\/olemosaic.orbitalia.org\/pt-pt\/wp-json\/wp\/v2\/product_tag?post=35469"}],"curies":[{"name":"wp","href":"https:\/\/api.w.org\/{rel}","templated":true}]}}