{"id":35423,"date":"2025-02-20T23:34:56","date_gmt":"2025-02-20T22:34:56","guid":{"rendered":"https:\/\/olemosaic.orbitalia.org\/producto\/toro-figura-de-resina-de-8-cm-pintada-a-mano\/"},"modified":"2025-07-25T18:39:29","modified_gmt":"2025-07-25T16:39:29","slug":"touro-figura-resina-8-cm-pintada-mao","status":"publish","type":"product","link":"https:\/\/olemosaic.orbitalia.org\/pt-pt\/produto\/touro-figura-resina-8-cm-pintada-mao\/","title":{"rendered":"Touro. Figura de mosaico de 8 cm."},"content":{"rendered":"<p>Figura de resina de touro<\/p>\n<p>Esta colorida figura de resina, com forma de touro, \u00e9 uma recorda\u00e7\u00e3o excecional da rica cultura espanhola. Com os seus 8 cm de altura, \u00e9 perfeita para exibir em qualquer canto da casa. Pintada \u00e0 m\u00e3o com um mosaico vibrante, destaca-se pelas suas aplica\u00e7\u00f5es brilhantes em tons de vermelho, azul, amarelo e verde, que refletem a paix\u00e3o e a arte que caracterizam a tradi\u00e7\u00e3o espanhola. O touro \u00e9 um s\u00edmbolo emblem\u00e1tico de for\u00e7a e coragem, muito enraizado na cultura ib\u00e9rica, especialmente na Andaluzia, onde as touradas fazem parte de eventos culturais importantes.<\/p>\n<p>Cada detalhe deste touro artesanal capta a ess\u00eancia do folclore hisp\u00e2nico, tornando-o n\u00e3o apenas num objeto decorativo, mas num aut\u00eantico s\u00edmbolo da heran\u00e7a cultural que perdurou ao longo dos s\u00e9culos. A habilidade artesanal na pintura e na elabora\u00e7\u00e3o do mosaico real\u00e7a a dedica\u00e7\u00e3o e o talento presentes em cada pe\u00e7a. Este colorido souvenir \u00e9 ideal para os turistas que procuram levar para casa um peda\u00e7o de Espanha, o que o torna um presente perfeito ou uma adi\u00e7\u00e3o valiosa a qualquer cole\u00e7\u00e3o. Na Ol\u00e9 Mosaic, especializamo-nos na distribui\u00e7\u00e3o de souvenirs por grosso, garantindo produtos aut\u00eanticos que celebram a tradi\u00e7\u00e3o e a cultura espanhola. Este touro \u00e9, sem d\u00favida, uma excelente op\u00e7\u00e3o para as lojas de presentes tur\u00edsticos que desejem oferecer aos seus clientes souvenirs que representem fielmente a ess\u00eancia de Espanha.<\/p>\n","protected":false},"excerpt":{"rendered":"<p>Figura de 8 cm com forma de touro, de design artesanal e pintada \u00e0 m\u00e3o. Este souvenir colorido e vibrante representa a cultura espanhola, destacando-se pelas suas aplica\u00e7\u00f5es de mosaico em tons de vermelho, azul, amarelo, verde e outras matizes. A habilidade artesanal reflete-se em cada detalhe, captando a ess\u00eancia do touro, um s\u00edmbolo de for\u00e7a e tradi\u00e7\u00e3o em Espanha. \u00c9 perfeito para levar um peda\u00e7o do folclore hisp\u00e2nico para qualquer casa.<\/p>\n","protected":false},"featured_media":11104,"template":"","meta":{"_acf_changed":false},"product_brand":[],"product_cat":[552],"product_tag":[516],"class_list":{"0":"post-35423","1":"product","2":"type-product","3":"status-publish","4":"has-post-thumbnail","6":"product_cat-numeros","7":"product_tag-animais","8":"pa_motivo-touros","10":"first","11":"instock","12":"shipping-taxable","13":"product-type-simple"},"acf":[],"_links":{"self":[{"href":"https:\/\/olemosaic.orbitalia.org\/pt-pt\/wp-json\/wp\/v2\/product\/35423","targetHints":{"allow":["GET"]}}],"collection":[{"href":"https:\/\/olemosaic.orbitalia.org\/pt-pt\/wp-json\/wp\/v2\/product"}],"about":[{"href":"https:\/\/olemosaic.orbitalia.org\/pt-pt\/wp-json\/wp\/v2\/types\/product"}],"wp:featuredmedia":[{"embeddable":true,"href":"https:\/\/olemosaic.orbitalia.org\/pt-pt\/wp-json\/wp\/v2\/media\/11104"}],"wp:attachment":[{"href":"https:\/\/olemosaic.orbitalia.org\/pt-pt\/wp-json\/wp\/v2\/media?parent=35423"}],"wp:term":[{"taxonomy":"product_brand","embeddable":true,"href":"https:\/\/olemosaic.orbitalia.org\/pt-pt\/wp-json\/wp\/v2\/product_brand?post=35423"},{"taxonomy":"product_cat","embeddable":true,"href":"https:\/\/olemosaic.orbitalia.org\/pt-pt\/wp-json\/wp\/v2\/product_cat?post=35423"},{"taxonomy":"product_tag","embeddable":true,"href":"https:\/\/olemosaic.orbitalia.org\/pt-pt\/wp-json\/wp\/v2\/product_tag?post=35423"}],"curies":[{"name":"wp","href":"https:\/\/api.w.org\/{rel}","templated":true}]}}