{"id":35422,"date":"2025-02-20T23:34:56","date_gmt":"2025-02-20T22:34:56","guid":{"rendered":"https:\/\/olemosaic.orbitalia.org\/producto\/cerdito-figura-de-resina-de-7-cm-pintada-a-mano\/"},"modified":"2025-07-25T19:20:03","modified_gmt":"2025-07-25T17:20:03","slug":"porquinho-figura-resina-7-cm-pintada-mao","status":"publish","type":"product","link":"https:\/\/olemosaic.orbitalia.org\/pt-pt\/produto\/porquinho-figura-resina-7-cm-pintada-mao\/","title":{"rendered":"Porquinho. Figura de mosaico de 7 cm."},"content":{"rendered":"<p>Figura de resina de porquinho<\/p>\n<p>Descubra esta encantadora figura de resina de porquinho, uma pe\u00e7a de arte decorativa que capta a ess\u00eancia do folclore espanhol. Com uma altura de 7 cm, este ador\u00e1vel porquinho \u00e9 pintado \u00e0 m\u00e3o com um design multicolor vibrante que combina uma variedade de formas geom\u00e9tricas cheias de vida e cor. Cada detalhe foi cuidadosamente elaborado, real\u00e7ando a mestria e a autenticidade deste magn\u00edfico souvenir. As alegoriras visuais n\u00e3o s\u00f3 embelezam a sua superf\u00edcie, como tamb\u00e9m evocam a riqueza cultural de Espanha, tornando esta figura num aut\u00eantico s\u00edmbolo de alegria e tradi\u00e7\u00e3o.<\/p>\n<p>O porquinho, animal emblem\u00e1tico em v\u00e1rias culturas, representa a prosperidade e a boa sorte, o que o torna um presente ideal para colecionadores ou como um detalhe especial para os seus entes queridos. O seu design din\u00e2mico e modernista confere um toque alegre a qualquer espa\u00e7o, seja em casa, no escrit\u00f3rio ou como parte de uma cole\u00e7\u00e3o de souvenirs. Na Ol\u00e9 Mosaic, como distribuidores de souvenirs por grosso, oferecemos produtos que refletem a rica heran\u00e7a cultural de Espanha. Este porquinho pintado \u00e0 m\u00e3o \u00e9 uma excelente op\u00e7\u00e3o para lojas de presentes tur\u00edsticos que procuram artigos \u00fanicos e representativos que toquem o cora\u00e7\u00e3o dos visitantes.<\/p>\n","protected":false},"excerpt":{"rendered":"<p>Figura de 7 cm com forma de porquinho, de design artesanal e pintada \u00e0 m\u00e3o, com um design multicolor vibrante. Este encantador souvenir destaca-se pelos seus motivos aleg\u00f3ricos, repletos de formas geom\u00e9tricas que evocam o folclore espanhol. Cada detalhe \u00e9 cuidadosamente elaborado, tornando esta pe\u00e7a num elemento decorativo atraente, ideal para dar um toque alegre a qualquer espa\u00e7o. Perfeito para colecionadores ou como presente, capta a ess\u00eancia da cultura espanhola.<\/p>\n","protected":false},"featured_media":9451,"template":"","meta":{"_acf_changed":false},"product_brand":[],"product_cat":[552],"product_tag":[516],"class_list":{"0":"post-35422","1":"product","2":"type-product","3":"status-publish","4":"has-post-thumbnail","6":"product_cat-numeros","7":"product_tag-animais","8":"pa_motivo-porquinhos","10":"first","11":"instock","12":"shipping-taxable","13":"product-type-simple"},"acf":[],"_links":{"self":[{"href":"https:\/\/olemosaic.orbitalia.org\/pt-pt\/wp-json\/wp\/v2\/product\/35422","targetHints":{"allow":["GET"]}}],"collection":[{"href":"https:\/\/olemosaic.orbitalia.org\/pt-pt\/wp-json\/wp\/v2\/product"}],"about":[{"href":"https:\/\/olemosaic.orbitalia.org\/pt-pt\/wp-json\/wp\/v2\/types\/product"}],"wp:featuredmedia":[{"embeddable":true,"href":"https:\/\/olemosaic.orbitalia.org\/pt-pt\/wp-json\/wp\/v2\/media\/9451"}],"wp:attachment":[{"href":"https:\/\/olemosaic.orbitalia.org\/pt-pt\/wp-json\/wp\/v2\/media?parent=35422"}],"wp:term":[{"taxonomy":"product_brand","embeddable":true,"href":"https:\/\/olemosaic.orbitalia.org\/pt-pt\/wp-json\/wp\/v2\/product_brand?post=35422"},{"taxonomy":"product_cat","embeddable":true,"href":"https:\/\/olemosaic.orbitalia.org\/pt-pt\/wp-json\/wp\/v2\/product_cat?post=35422"},{"taxonomy":"product_tag","embeddable":true,"href":"https:\/\/olemosaic.orbitalia.org\/pt-pt\/wp-json\/wp\/v2\/product_tag?post=35422"}],"curies":[{"name":"wp","href":"https:\/\/api.w.org\/{rel}","templated":true}]}}