{"id":35421,"date":"2025-02-20T23:34:56","date_gmt":"2025-02-20T22:34:56","guid":{"rendered":"https:\/\/olemosaic.orbitalia.org\/producto\/bulldog-figura-de-resina-de-11-cm-pintada-a-mano\/"},"modified":"2025-07-25T19:44:29","modified_gmt":"2025-07-25T17:44:29","slug":"bulldog-figura-resina-11-cm-pintada-mao","status":"publish","type":"product","link":"https:\/\/olemosaic.orbitalia.org\/pt-pt\/produto\/bulldog-figura-resina-11-cm-pintada-mao\/","title":{"rendered":"Bulldog. Figura de mosaico de 11 cm."},"content":{"rendered":"<p>Figura de resina de bulldog franc\u00eas<\/p>\n<p>Esta figura de resina de um bulldog franc\u00eas \u00e9 uma recorda\u00e7\u00e3o encantadora que capta a ess\u00eancia deste animal cativante, ideal para os amantes de c\u00e3es e da cultura espanhola. Com uma altura de 11 cm, esta pe\u00e7a \u00e9 meticulosamente pintada \u00e0 m\u00e3o num estilo mosaico vibrante, que utiliza uma rica paleta de cores que vai do vermelho intenso ao azul profundo, criando um efeito visual verdadeiramente cativante. Os tons brilhantes entrela\u00e7am-se de forma harmoniosa, destacando as ador\u00e1veis caracter\u00edsticas do bulldog, como as suas orelhas erguidas e o seu rosto expressivo, o que a torna uma excelente op\u00e7\u00e3o decorativa que trar\u00e1 um toque alegre e colorido a qualquer espa\u00e7o.<\/p>\n<p>O design detalhado reflete a singularidade do bulldog franc\u00eas, um s\u00edmbolo de ternura e companheirismo, e estabelece uma liga\u00e7\u00e3o cultural com Espanha, onde estes c\u00e3es s\u00e3o apreciados pelo seu car\u00e1ter amig\u00e1vel e pela sua beleza distinta. Esta recorda\u00e7\u00e3o n\u00e3o \u00e9 apenas um objeto decorativo, mas tamb\u00e9m uma representa\u00e7\u00e3o aut\u00eantica da cultura canina que adorna as casas de muitos espanh\u00f3is. Na Ol\u00e9 Mosaic, oferecemos esta figura de bulldog como parte da nossa sele\u00e7\u00e3o de recorda\u00e7\u00f5es de qualidade, garantindo que cada cliente encontre uma lembran\u00e7a representativa que capte a magia da cultura local e o calor dos seus habitantes. Perfeito para lojas de presentes tur\u00edsticos que procurem uma op\u00e7\u00e3o atraente e significativa para os seus clientes.<\/p>\n","protected":false},"excerpt":{"rendered":"<p>Figura de um bulldog de 11 cm, de design artesanal e pintada \u00e0 m\u00e3o, com cores vivas num estilo mosaico. Este encantador souvenir destaca-se pelo seu design detalhado, que reflete a beleza e singularidade do bulldog franc\u00eas, com uma variedade de tons brilhantes que geram um efeito visual apelativo. Perfeita para os amantes de c\u00e3es e da cultura espanhola, esta figura \u00e9 um excelente elemento decorativo que adiciona um toque alegre a qualquer espa\u00e7o.<\/p>\n","protected":false},"featured_media":11046,"template":"","meta":{"_acf_changed":false},"product_brand":[],"product_cat":[552],"product_tag":[],"class_list":{"0":"post-35421","1":"product","2":"type-product","3":"status-publish","4":"has-post-thumbnail","6":"product_cat-numeros","7":"pa_motivo-bulldogs","9":"first","10":"instock","11":"shipping-taxable","12":"product-type-simple"},"acf":[],"_links":{"self":[{"href":"https:\/\/olemosaic.orbitalia.org\/pt-pt\/wp-json\/wp\/v2\/product\/35421","targetHints":{"allow":["GET"]}}],"collection":[{"href":"https:\/\/olemosaic.orbitalia.org\/pt-pt\/wp-json\/wp\/v2\/product"}],"about":[{"href":"https:\/\/olemosaic.orbitalia.org\/pt-pt\/wp-json\/wp\/v2\/types\/product"}],"wp:featuredmedia":[{"embeddable":true,"href":"https:\/\/olemosaic.orbitalia.org\/pt-pt\/wp-json\/wp\/v2\/media\/11046"}],"wp:attachment":[{"href":"https:\/\/olemosaic.orbitalia.org\/pt-pt\/wp-json\/wp\/v2\/media?parent=35421"}],"wp:term":[{"taxonomy":"product_brand","embeddable":true,"href":"https:\/\/olemosaic.orbitalia.org\/pt-pt\/wp-json\/wp\/v2\/product_brand?post=35421"},{"taxonomy":"product_cat","embeddable":true,"href":"https:\/\/olemosaic.orbitalia.org\/pt-pt\/wp-json\/wp\/v2\/product_cat?post=35421"},{"taxonomy":"product_tag","embeddable":true,"href":"https:\/\/olemosaic.orbitalia.org\/pt-pt\/wp-json\/wp\/v2\/product_tag?post=35421"}],"curies":[{"name":"wp","href":"https:\/\/api.w.org\/{rel}","templated":true}]}}