{"id":35420,"date":"2025-02-20T23:34:56","date_gmt":"2025-02-20T22:34:56","guid":{"rendered":"https:\/\/olemosaic.orbitalia.org\/producto\/bailaora-figura-de-resina-de-12-cm-pintada-a-mano\/"},"modified":"2025-07-25T19:29:35","modified_gmt":"2025-07-25T17:29:35","slug":"bailarina-flamenco-figura-resina-12-cm-pintada-mao","status":"publish","type":"product","link":"https:\/\/olemosaic.orbitalia.org\/pt-pt\/produto\/bailarina-flamenco-figura-resina-12-cm-pintada-mao\/","title":{"rendered":"Bailarina de Flamenco. Figura de mosaico de 12 cm."},"content":{"rendered":"<p>Figura de resina de bailarina de flamenco. Este encantador souvenir, de 12 cm de altura, capta a ess\u00eancia vibrante da tradi\u00e7\u00e3o flamenca espanhola. Cada figura \u00e9 meticulosamente pintada \u00e0 m\u00e3o com efeito de mosaico e representa uma bailarina vestida com um espetacular vestido decorado com mosaicos coloridos que evocam a rica heran\u00e7a cultural de Espanha. O vestido, que se desdobra numa saia ondulante, \u00e9 real\u00e7ado com detalhes delicados que conferem um toque de eleg\u00e2ncia e movimento \u00e0 pe\u00e7a. A bailarina segura um leque numa m\u00e3o, s\u00edmbolo do flamenco, enquanto o seu penteado sofisticado e a flor que adorna o seu cabelo completam o conjunto, refletindo o fervor do folclore espanhol.<\/p>\n<p>Este produto n\u00e3o \u00e9 apenas um elemento decorativo atraente, mas tamb\u00e9m uma excelente recorda\u00e7\u00e3o de Espanha, ideal para turistas que desejam levar um pedacinho da cultura andaluza. Na Ol\u00e9 Mosaic, oferecemos figuras aut\u00eanticas que representam a arte e a tradi\u00e7\u00e3o espanhola, perfeitas para lojas de presentes tur\u00edsticos que procuram artigos singulares e de qualidade. Ao adquirir esta figura de bailarina de flamenco, os comerciantes garantem aos seus clientes um souvenir excecional que honra a autenticidade e a beleza da cultura espanhola, tornando-a uma adi\u00e7\u00e3o valiosa a qualquer cole\u00e7\u00e3o.<\/p>\n","protected":false},"excerpt":{"rendered":"<p>Figura de 12 cm que representa uma bailarina de flamenco, de design artesanal e pintada \u00e0 m\u00e3o, com um vestido vibrante decorado com mosaicos coloridos. A bailarina segura um leque numa m\u00e3o, enquanto o seu elegante penteado e a flor que o adorna evocam o folclore espanhol. Com detalhes na saia ondulante e um acabamento brilhante, esta figura capta a ess\u00eancia da tradi\u00e7\u00e3o flamenca, sendo perfeita como recorda\u00e7\u00e3o de Espanha ou elemento decorativo.<\/p>\n","protected":false},"featured_media":6124,"template":"","meta":{"_acf_changed":false},"product_brand":[],"product_cat":[552],"product_tag":[],"class_list":{"0":"post-35420","1":"product","2":"type-product","3":"status-publish","4":"has-post-thumbnail","6":"product_cat-numeros","7":"pa_motivo-dancarinos","9":"first","10":"instock","11":"shipping-taxable","12":"product-type-simple"},"acf":[],"_links":{"self":[{"href":"https:\/\/olemosaic.orbitalia.org\/pt-pt\/wp-json\/wp\/v2\/product\/35420","targetHints":{"allow":["GET"]}}],"collection":[{"href":"https:\/\/olemosaic.orbitalia.org\/pt-pt\/wp-json\/wp\/v2\/product"}],"about":[{"href":"https:\/\/olemosaic.orbitalia.org\/pt-pt\/wp-json\/wp\/v2\/types\/product"}],"wp:featuredmedia":[{"embeddable":true,"href":"https:\/\/olemosaic.orbitalia.org\/pt-pt\/wp-json\/wp\/v2\/media\/6124"}],"wp:attachment":[{"href":"https:\/\/olemosaic.orbitalia.org\/pt-pt\/wp-json\/wp\/v2\/media?parent=35420"}],"wp:term":[{"taxonomy":"product_brand","embeddable":true,"href":"https:\/\/olemosaic.orbitalia.org\/pt-pt\/wp-json\/wp\/v2\/product_brand?post=35420"},{"taxonomy":"product_cat","embeddable":true,"href":"https:\/\/olemosaic.orbitalia.org\/pt-pt\/wp-json\/wp\/v2\/product_cat?post=35420"},{"taxonomy":"product_tag","embeddable":true,"href":"https:\/\/olemosaic.orbitalia.org\/pt-pt\/wp-json\/wp\/v2\/product_tag?post=35420"}],"curies":[{"name":"wp","href":"https:\/\/api.w.org\/{rel}","templated":true}]}}