{"id":35413,"date":"2025-02-20T23:34:55","date_gmt":"2025-02-20T22:34:55","guid":{"rendered":"https:\/\/olemosaic.orbitalia.org\/producto\/bailaora-figura-de-resina-de-12-cm-negro-rojo-pintada-a-mano\/"},"modified":"2025-07-25T20:18:48","modified_gmt":"2025-07-25T18:18:48","slug":"bailarina-flamenco-figura-resina-12-cm-preto-vermelho-pintada-a-mao","status":"publish","type":"product","link":"https:\/\/olemosaic.orbitalia.org\/pt-pt\/produto\/bailarina-flamenco-figura-resina-12-cm-preto-vermelho-pintada-a-mao\/","title":{"rendered":"Bailarina de Flamenco. Figura de mosaico de 12 cm. Preto \/ vermelho."},"content":{"rendered":"<p>Figura de resina de bailarina flamenca<\/p>\n<p>Esta elegante figura de resina, de 12 cm de altura, capta a ess\u00eancia vibrante da arte flamenca espanhola, um aut\u00eantico souvenir de Sevilha. Pintada \u00e0 m\u00e3o, destaca-se pela sua paleta de cores preto e vermelho, que reflete a paix\u00e3o e o dinamismo desta tradi\u00e7\u00e3o cultural. A bailarina veste um impressionante vestido de folhos decorado com bolas vermelhas, um s\u00edmbolo cl\u00e1ssico do traje flamenco, e a sua postura evoca o movimento e a gra\u00e7a da dan\u00e7a. Na sua m\u00e3o segura um leque colorido, um toque distintivo e cultural que complementa o seu traje, um detalhe essencial do flamenco.<\/p>\n<p>Esta figura n\u00e3o \u00e9 apenas um objeto decorativo; \u00e9 uma recorda\u00e7\u00e3o palp\u00e1vel da rica heran\u00e7a cultural andaluza. Ideal para quem procura um souvenir aut\u00eantico, esta pe\u00e7a \u00e9 perfeita para exibir em qualquer casa, acrescentando um toque de Espanha \u00e0 decora\u00e7\u00e3o. Na Ol\u00e9 Mosaic, especializamo-nos na distribui\u00e7\u00e3o de souvenirs por grosso, e esta figura de bailarina \u00e9 uma excelente op\u00e7\u00e3o para lojas de presentes tur\u00edsticos, oferecendo aos seus clientes um peda\u00e7o da alma de Sevilha. Al\u00e9m disso, como grossistas de artigos t\u00edpicos, garantimos a qualidade e autenticidade de cada produto.<\/p>\n","protected":false},"excerpt":{"rendered":"<p>Figura de 12 cm que representa uma elegante bailarina de flamenco, design artesanal, pintada \u00e0 m\u00e3o, em tons de preto e vermelho. Decorada com um vestido de folhos e bolas vermelhas, esta figura capta a ess\u00eancia da arte flamenca espanhola. Segura um leque de cores vibrantes que acrescenta um toque cultural distintivo. Ideal como souvenir de Sevilha, esta obra de arte ser\u00e1 um elemento decorativo atraente em qualquer casa.<\/p>\n","protected":false},"featured_media":7849,"template":"","meta":{"_acf_changed":false},"product_brand":[],"product_cat":[552],"product_tag":[],"class_list":{"0":"post-35413","1":"product","2":"type-product","3":"status-publish","4":"has-post-thumbnail","6":"product_cat-numeros","7":"pa_motivo-dancarinos","9":"first","10":"instock","11":"shipping-taxable","12":"product-type-simple"},"acf":[],"_links":{"self":[{"href":"https:\/\/olemosaic.orbitalia.org\/pt-pt\/wp-json\/wp\/v2\/product\/35413","targetHints":{"allow":["GET"]}}],"collection":[{"href":"https:\/\/olemosaic.orbitalia.org\/pt-pt\/wp-json\/wp\/v2\/product"}],"about":[{"href":"https:\/\/olemosaic.orbitalia.org\/pt-pt\/wp-json\/wp\/v2\/types\/product"}],"wp:featuredmedia":[{"embeddable":true,"href":"https:\/\/olemosaic.orbitalia.org\/pt-pt\/wp-json\/wp\/v2\/media\/7849"}],"wp:attachment":[{"href":"https:\/\/olemosaic.orbitalia.org\/pt-pt\/wp-json\/wp\/v2\/media?parent=35413"}],"wp:term":[{"taxonomy":"product_brand","embeddable":true,"href":"https:\/\/olemosaic.orbitalia.org\/pt-pt\/wp-json\/wp\/v2\/product_brand?post=35413"},{"taxonomy":"product_cat","embeddable":true,"href":"https:\/\/olemosaic.orbitalia.org\/pt-pt\/wp-json\/wp\/v2\/product_cat?post=35413"},{"taxonomy":"product_tag","embeddable":true,"href":"https:\/\/olemosaic.orbitalia.org\/pt-pt\/wp-json\/wp\/v2\/product_tag?post=35413"}],"curies":[{"name":"wp","href":"https:\/\/api.w.org\/{rel}","templated":true}]}}