{"id":35410,"date":"2025-02-20T23:34:55","date_gmt":"2025-02-20T22:34:55","guid":{"rendered":"https:\/\/olemosaic.orbitalia.org\/producto\/bailaora-figura-de-resina-de-8-cm-rojo-pintada-a-mano\/"},"modified":"2025-07-25T18:36:31","modified_gmt":"2025-07-25T16:36:31","slug":"bailarina-flamenco-figura-resina-8-cm-vermelho-pintada-a-mao","status":"publish","type":"product","link":"https:\/\/olemosaic.orbitalia.org\/pt-pt\/produto\/bailarina-flamenco-figura-resina-8-cm-vermelho-pintada-a-mao\/","title":{"rendered":"Bailarina de Flamenco. Figura de mosaico de 8 cm. Vermelho."},"content":{"rendered":"<p>Figura de resina de bailarina flamenca<\/p>\n<p>Esta encantadora figura de resina de 8 cm representa magistralmente uma bailarina de flamenco, com efeito pintado \u00e0 m\u00e3o em tons vibrantes de vermelho que evocam a paix\u00e3o e a arte do folclore espanhol. Veste um belo traje de folhos adornado com flores, que real\u00e7a o dinamismo da sua figura. Com uma m\u00e3o segura um leque que insinua movimento, enquanto a sua postura e express\u00e3o refletem a ess\u00eancia do flamenco, uma dan\u00e7a rica em tradi\u00e7\u00e3o e emo\u00e7\u00e3o. A aten\u00e7\u00e3o ao detalhe \u00e9 not\u00e1vel; as bordas onduladas do seu vestido e as nuances no seu rosto acrescentam profundidade e car\u00e1cter, fazendo desta figura uma pe\u00e7a verdadeiramente \u00fanica.<\/p>\n<p>Este souvenir n\u00e3o \u00e9 apenas uma representa\u00e7\u00e3o do flamenco, mas tamb\u00e9m simboliza a cultura andaluza que o acolhe. O flamenco, com as suas ra\u00edzes na hist\u00f3ria e nas tradi\u00e7\u00f5es espanholas, \u00e9 um legado cultural que ressoa em cada canto da Andaluzia. Esta figura \u00e9 ideal como recorda\u00e7\u00e3o para quem visita a regi\u00e3o ou como elemento decorativo em qualquer espa\u00e7o, conferindo um toque aut\u00eantico e vibrante. Na Ol\u00e9 Mosaic, orgulhamo-nos de oferecer souvenirs de qualidade que captam a ess\u00eancia de Espanha, e esta figura de bailarina \u00e9, sem d\u00favida, uma adi\u00e7\u00e3o ideal para lojas de presentes tur\u00edsticos que procuram produtos aut\u00eanticos. Como grossistas de souvenirs, garantimos a originalidade e o encanto de cada pe\u00e7a, tornando-a perfeita para os amantes da cultura e da arte espanhola.<\/p>\n","protected":false},"excerpt":{"rendered":"<p>Figura de 8 cm que representa uma bailarina de flamenco, design artesanal, pintada \u00e0 m\u00e3o, em tons vibrantes de vermelho. Apresenta um belo traje de folhos e flores, e segura um leque que confere dinamismo \u00e0 pose. Os detalhes, cuidados ao m\u00e1ximo, evocam a tradi\u00e7\u00e3o e a arte do flamenco, captando a ess\u00eancia da cultura espanhola. Ideal como recorda\u00e7\u00e3o ou para decorar espa\u00e7os com um toque andaluz.<\/p>\n","protected":false},"featured_media":6133,"template":"","meta":{"_acf_changed":false},"product_brand":[],"product_cat":[552],"product_tag":[],"class_list":{"0":"post-35410","1":"product","2":"type-product","3":"status-publish","4":"has-post-thumbnail","6":"product_cat-numeros","7":"pa_motivo-dancarinos","9":"first","10":"instock","11":"shipping-taxable","12":"product-type-simple"},"acf":[],"_links":{"self":[{"href":"https:\/\/olemosaic.orbitalia.org\/pt-pt\/wp-json\/wp\/v2\/product\/35410","targetHints":{"allow":["GET"]}}],"collection":[{"href":"https:\/\/olemosaic.orbitalia.org\/pt-pt\/wp-json\/wp\/v2\/product"}],"about":[{"href":"https:\/\/olemosaic.orbitalia.org\/pt-pt\/wp-json\/wp\/v2\/types\/product"}],"wp:featuredmedia":[{"embeddable":true,"href":"https:\/\/olemosaic.orbitalia.org\/pt-pt\/wp-json\/wp\/v2\/media\/6133"}],"wp:attachment":[{"href":"https:\/\/olemosaic.orbitalia.org\/pt-pt\/wp-json\/wp\/v2\/media?parent=35410"}],"wp:term":[{"taxonomy":"product_brand","embeddable":true,"href":"https:\/\/olemosaic.orbitalia.org\/pt-pt\/wp-json\/wp\/v2\/product_brand?post=35410"},{"taxonomy":"product_cat","embeddable":true,"href":"https:\/\/olemosaic.orbitalia.org\/pt-pt\/wp-json\/wp\/v2\/product_cat?post=35410"},{"taxonomy":"product_tag","embeddable":true,"href":"https:\/\/olemosaic.orbitalia.org\/pt-pt\/wp-json\/wp\/v2\/product_tag?post=35410"}],"curies":[{"name":"wp","href":"https:\/\/api.w.org\/{rel}","templated":true}]}}