{"id":35356,"date":"2025-02-20T23:34:53","date_gmt":"2025-02-20T22:34:53","guid":{"rendered":"https:\/\/olemosaic.orbitalia.org\/producto\/4-bols-de-coco-de-13-x-6-cm-abanico-4\/"},"modified":"2025-07-25T20:06:56","modified_gmt":"2025-07-25T18:06:56","slug":"4-tacas-de-coco-de-13-x-6-cm-leque-4","status":"publish","type":"product","link":"https:\/\/olemosaic.orbitalia.org\/pt-pt\/produto\/4-tacas-de-coco-de-13-x-6-cm-leque-4\/","title":{"rendered":"4 Ta\u00e7as de coco de 13 x 6 cm. Leque. Fundo escuro."},"content":{"rendered":"<p><span data-sheets-root=\"1\">Este conjunto de 4 ta\u00e7as de coco natural com design de leque \u00e9 uma proposta visualmente impactante que funde arte popular espanhola e est\u00e9tica contempor\u00e2nea. Com dimens\u00f5es de 13 x 6 cm, cada ta\u00e7a foi trabalhada \u00e0 m\u00e3o e apresenta um acabamento brilhante que real\u00e7a a intensidade das suas cores. No centro, destaca-se um leque pintado em tons vibrantes \u2014 azul, vermelho, amarelo e rosa \u2014 que contrasta com o fundo escuro salpicado de pontos, evocando o dinamismo e a expressividade do folclore ib\u00e9rico.<\/p>\n<p>O motivo do leque, s\u00edmbolo profundamente enraizado na cultura espanhola e associado ao flamenco e \u00e0 tradi\u00e7\u00e3o andaluza, ganha vida rodeado por um padr\u00e3o decorativo de cora\u00e7\u00f5es pintados \u00e0 m\u00e3o que percorrem a borda interior da ta\u00e7a, gerando um efeito visual de grande atratividade. Este jogo crom\u00e1tico e simb\u00f3lico transforma cada pe\u00e7a numa recorda\u00e7\u00e3o aut\u00eantica, cheia de cor e significado.<\/p>\n<p>Estas ta\u00e7as de coco decorativas s\u00e3o uma op\u00e7\u00e3o perfeita para turistas que procuram recorda\u00e7\u00f5es de Espanha com identidade cultural e design apelativo. Na Ol\u00e9 Mosaic, distribuidor de recorda\u00e7\u00f5es por grosso, oferecemos pe\u00e7as originais que celebram as ra\u00edzes mediterr\u00e2nicas com un toque moderno. Uma escolha excelente para lojas de presentes tur\u00edsticos que valorizam a arte artesanal com car\u00e1cter local.<\/span><\/p>\n","protected":false},"excerpt":{"rendered":"<p>Conjunto de 4 ta\u00e7as de coco natural de 13 x 6 cm decoradas com um design vibrante de leque central. Cada ta\u00e7a tem um design artesanal, pintado \u00e0 m\u00e3o, com cores intensas \u2014 azul, vermelho, amarelo e rosa \u2014 sobre fundo escuro, e rodeado de cora\u00e7\u00f5es em contraste. O seu acabamento brilhante e o seu estilo artesanal evocam a arte popular espanhola, combinando simbolismo folcl\u00f3rico com um design moderno e apelativo.<\/p>\n","protected":false},"featured_media":10666,"template":"","meta":{"_acf_changed":false},"product_brand":[],"product_cat":[513],"product_tag":[],"class_list":{"0":"post-35356","1":"product","2":"type-product","3":"status-publish","4":"has-post-thumbnail","6":"product_cat-bols","7":"pa_motivo-leques","9":"first","10":"instock","11":"shipping-taxable","12":"product-type-simple"},"acf":[],"_links":{"self":[{"href":"https:\/\/olemosaic.orbitalia.org\/pt-pt\/wp-json\/wp\/v2\/product\/35356","targetHints":{"allow":["GET"]}}],"collection":[{"href":"https:\/\/olemosaic.orbitalia.org\/pt-pt\/wp-json\/wp\/v2\/product"}],"about":[{"href":"https:\/\/olemosaic.orbitalia.org\/pt-pt\/wp-json\/wp\/v2\/types\/product"}],"wp:featuredmedia":[{"embeddable":true,"href":"https:\/\/olemosaic.orbitalia.org\/pt-pt\/wp-json\/wp\/v2\/media\/10666"}],"wp:attachment":[{"href":"https:\/\/olemosaic.orbitalia.org\/pt-pt\/wp-json\/wp\/v2\/media?parent=35356"}],"wp:term":[{"taxonomy":"product_brand","embeddable":true,"href":"https:\/\/olemosaic.orbitalia.org\/pt-pt\/wp-json\/wp\/v2\/product_brand?post=35356"},{"taxonomy":"product_cat","embeddable":true,"href":"https:\/\/olemosaic.orbitalia.org\/pt-pt\/wp-json\/wp\/v2\/product_cat?post=35356"},{"taxonomy":"product_tag","embeddable":true,"href":"https:\/\/olemosaic.orbitalia.org\/pt-pt\/wp-json\/wp\/v2\/product_tag?post=35356"}],"curies":[{"name":"wp","href":"https:\/\/api.w.org\/{rel}","templated":true}]}}