{"id":35300,"date":"2025-02-20T23:34:51","date_gmt":"2025-02-20T22:34:51","guid":{"rendered":"https:\/\/olemosaic.orbitalia.org\/producto\/plato-de-ceramica-de-15-cm-salamandra-y-flores-blanco\/"},"modified":"2025-07-25T19:27:10","modified_gmt":"2025-07-25T17:27:10","slug":"prato-de-ceramica-de-15-cm-salamandra-e-flores-branco","status":"publish","type":"product","link":"https:\/\/olemosaic.orbitalia.org\/pt-pt\/produto\/prato-de-ceramica-de-15-cm-salamandra-e-flores-branco\/","title":{"rendered":"Prato de cer\u00e2mica de 15 cm. Salamandra e flores. Branco."},"content":{"rendered":"<p>Este vibrante prato de cer\u00e2mica de 15 cm \u00e9 uma aut\u00eantica joia da arte mu\u00f1oziana, ideal para quem procura um souvenir genu\u00edno de Espanha. Decorado com um design encantador de salamandras e flores, este prato destaca-se pelo seu mosaico colorido, que abrange uma deslumbrante paleta de vermelhos, azuis, amarelos e verdes sobre fundo branco. Cada detalhe \u00e9 pintado \u00e0 m\u00e3o, refletindo a rica tradi\u00e7\u00e3o artesanal da cer\u00e2mica espanhola, o que o torna uma pe\u00e7a \u00fanica e exclusiva.<\/p>\n<p>A representa\u00e7\u00e3o de salamandras, frequentemente associadas \u00e0 natureza e \u00e0 vida no folclore espanhol, juntamente com as flores alegres, acrescenta um toque de frescura e vitalidade, fazendo deste prato um acess\u00f3rio perfeito tanto para decora\u00e7\u00e3o como para uso quotidiano. O seu design alegre e original complementar\u00e1 qualquer espa\u00e7o e tornar-se-\u00e1 um elemento central em qualquer casa.<\/p>\n<p>Este prato n\u00e3o \u00e9 apenas um bonito elemento decorativo, mas tamb\u00e9m uma recorda\u00e7\u00e3o representativa da cultura espanhola, o que o torna um excelente souvenir para turistas. Na Ol\u00e9 Mosaic, somos especialistas na distribui\u00e7\u00e3o de souvenirs por grosso, e oferecemos produtos como este prato de cer\u00e2mica, que se destacam pela sua autenticidade e valor cultural. Perfeito para lojas de presentes tur\u00edsticos que procuram oferecer arte e tradi\u00e7\u00e3o aos seus clientes, este prato de cer\u00e2mica \u00e9 um s\u00edmbolo do legado art\u00edstico de Espanha.<\/p>\n","protected":false},"excerpt":{"rendered":"<p>Prato de cer\u00e2mica de 15 cm com um design vibrante de salamandras e flores. Este prato destaca-se pelo seu mosaico colorido em tons de vermelho, azul, amarelo e verde sobre um fundo branco, criando uma composi\u00e7\u00e3o alegre e \u00fanica. Pintado com estilo artesanal, reflete a rica tradi\u00e7\u00e3o art\u00edstica de cer\u00e2mica espanhola, o que o torna um souvenir perfeito da sua cultura. Ideal para decora\u00e7\u00e3o ou uso di\u00e1rio, complementar\u00e1 qualquer espa\u00e7o com um toque de cor e originalidade.<\/p>\n","protected":false},"featured_media":8351,"template":"","meta":{"_acf_changed":false},"product_brand":[],"product_cat":[629],"product_tag":[516,515],"class_list":{"0":"post-35300","1":"product","2":"type-product","3":"status-publish","4":"has-post-thumbnail","6":"product_cat-pratos-decorativos","7":"product_tag-animais","8":"product_tag-ceramica","9":"pa_motivo-salamandras","11":"first","12":"instock","13":"shipping-taxable","14":"product-type-simple"},"acf":[],"_links":{"self":[{"href":"https:\/\/olemosaic.orbitalia.org\/pt-pt\/wp-json\/wp\/v2\/product\/35300","targetHints":{"allow":["GET"]}}],"collection":[{"href":"https:\/\/olemosaic.orbitalia.org\/pt-pt\/wp-json\/wp\/v2\/product"}],"about":[{"href":"https:\/\/olemosaic.orbitalia.org\/pt-pt\/wp-json\/wp\/v2\/types\/product"}],"wp:featuredmedia":[{"embeddable":true,"href":"https:\/\/olemosaic.orbitalia.org\/pt-pt\/wp-json\/wp\/v2\/media\/8351"}],"wp:attachment":[{"href":"https:\/\/olemosaic.orbitalia.org\/pt-pt\/wp-json\/wp\/v2\/media?parent=35300"}],"wp:term":[{"taxonomy":"product_brand","embeddable":true,"href":"https:\/\/olemosaic.orbitalia.org\/pt-pt\/wp-json\/wp\/v2\/product_brand?post=35300"},{"taxonomy":"product_cat","embeddable":true,"href":"https:\/\/olemosaic.orbitalia.org\/pt-pt\/wp-json\/wp\/v2\/product_cat?post=35300"},{"taxonomy":"product_tag","embeddable":true,"href":"https:\/\/olemosaic.orbitalia.org\/pt-pt\/wp-json\/wp\/v2\/product_tag?post=35300"}],"curies":[{"name":"wp","href":"https:\/\/api.w.org\/{rel}","templated":true}]}}