{"id":35270,"date":"2025-02-20T23:34:50","date_gmt":"2025-02-20T22:34:50","guid":{"rendered":"https:\/\/olemosaic.orbitalia.org\/producto\/bol-de-coco-rojo-flamenco-4\/"},"modified":"2025-07-25T20:37:56","modified_gmt":"2025-07-25T18:37:56","slug":"taca-de-coco-vermelha-flamenco-4","status":"publish","type":"product","link":"https:\/\/olemosaic.orbitalia.org\/pt-pt\/produto\/taca-de-coco-vermelha-flamenco-4\/","title":{"rendered":"Ta\u00e7a de coco vermelha. Flamenco. Vermelho e preto."},"content":{"rendered":"<p>Esta vibrante ta\u00e7a de coco vermelha ilustrada com flamingos \u00e9 uma aut\u00eantica joia do folclore andaluz, perfeita para quem procura uma recorda\u00e7\u00e3o representativa da Andaluzia. Com um design deslumbrante em tons de vermelho e preto, esta ta\u00e7a destaca-se pelo seu belo motivo central de flamingos, aves que simbolizam a gra\u00e7a e a beleza da regi\u00e3o. Os detalhes em forma de cora\u00e7\u00f5es em redor do rebordo conferem um toque rom\u00e2ntico, evocando o esp\u00edrito caloroso da cultura andaluza. Cada ta\u00e7a \u00e9 pintada \u00e0 m\u00e3o, lo que garante que cada pe\u00e7a seja \u00fanica, refletindo a rica tradi\u00e7\u00e3o artesanal que caracteriza esta terra.<\/p>\n<p>Esta ta\u00e7a de coco n\u00e3o s\u00f3 \u00e9 ideal para servir aperitivos ou como pe\u00e7a decorativa, como tamb\u00e9m confere um toque de cor e cultura a qualquer lar. O seu design atraente e a sua autenticidade tornam-na um presente perfeito para turistas que desejam levar consigo um peda\u00e7o da Andaluzia. Na Ol\u00e9 Mosaic, como distribuidores de recorda\u00e7\u00f5es de alta qualidade e autenticidade, sabemos que cada recorda\u00e7\u00e3o deve ser especial e significativa. Esta ta\u00e7a \u00e9 uma pe\u00e7a \u00fanica que se destaca entre as recorda\u00e7\u00f5es da Andaluzia, garantindo que os seus clientes encontrem uma abordagem aut\u00eantica e cultural na sua procura por produtos representativos.<\/p>\n","protected":false},"excerpt":{"rendered":"<p>Ta\u00e7a de coco vermelha decorada com uma ilustra\u00e7\u00e3o de flamingos. Esta atraente ta\u00e7a apresenta um design vibrante em tons de vermelho e preto, com um bonito motivo de flamingos no centro, s\u00edmbolo do folclore andaluz. Acabada com detalhes em forma de cora\u00e7\u00f5es e design artesanal, pintada \u00e0 m\u00e3o, esta ta\u00e7a \u00e9 ideal para adicionar um toque de cor e cultura a qualquer lar, evocando a ess\u00eancia da Andaluzia em cada utiliza\u00e7\u00e3o.<\/p>\n","protected":false},"featured_media":13459,"template":"","meta":{"_acf_changed":false},"product_brand":[],"product_cat":[513],"product_tag":[516],"class_list":{"0":"post-35270","1":"product","2":"type-product","3":"status-publish","4":"has-post-thumbnail","6":"product_cat-bols","7":"product_tag-animais","8":"pa_motivo-flamingos","10":"first","11":"instock","12":"shipping-taxable","13":"product-type-simple"},"acf":[],"_links":{"self":[{"href":"https:\/\/olemosaic.orbitalia.org\/pt-pt\/wp-json\/wp\/v2\/product\/35270","targetHints":{"allow":["GET"]}}],"collection":[{"href":"https:\/\/olemosaic.orbitalia.org\/pt-pt\/wp-json\/wp\/v2\/product"}],"about":[{"href":"https:\/\/olemosaic.orbitalia.org\/pt-pt\/wp-json\/wp\/v2\/types\/product"}],"wp:featuredmedia":[{"embeddable":true,"href":"https:\/\/olemosaic.orbitalia.org\/pt-pt\/wp-json\/wp\/v2\/media\/13459"}],"wp:attachment":[{"href":"https:\/\/olemosaic.orbitalia.org\/pt-pt\/wp-json\/wp\/v2\/media?parent=35270"}],"wp:term":[{"taxonomy":"product_brand","embeddable":true,"href":"https:\/\/olemosaic.orbitalia.org\/pt-pt\/wp-json\/wp\/v2\/product_brand?post=35270"},{"taxonomy":"product_cat","embeddable":true,"href":"https:\/\/olemosaic.orbitalia.org\/pt-pt\/wp-json\/wp\/v2\/product_cat?post=35270"},{"taxonomy":"product_tag","embeddable":true,"href":"https:\/\/olemosaic.orbitalia.org\/pt-pt\/wp-json\/wp\/v2\/product_tag?post=35270"}],"curies":[{"name":"wp","href":"https:\/\/api.w.org\/{rel}","templated":true}]}}