{"id":35269,"date":"2025-02-20T22:34:50","date_gmt":"2025-02-20T22:34:50","guid":{"rendered":"https:\/\/olemosaic.orbitalia.org\/producto\/bol-de-ceramica-de-15-cm-salamandra-mallorca-beige\/"},"modified":"2025-07-25T18:54:20","modified_gmt":"2025-07-25T16:54:20","slug":"taca-de-ceramica-de-15-cm-salamandra-maiorca-bege","status":"publish","type":"product","link":"https:\/\/olemosaic.orbitalia.org\/pt-pt\/produto\/taca-de-ceramica-de-15-cm-salamandra-maiorca-bege\/","title":{"rendered":"Ta\u00e7a de cer\u00e2mica de 15 cm. Salamandra. Maiorca. Bege"},"content":{"rendered":"<p>Esta vibrante ta\u00e7a de cer\u00e2mica de 15 cm, decorada com motivos de salamandras e flores, \u00e9 uma aut\u00eantica recorda\u00e7\u00e3o representativa da bela ilha de Maiorca. O seu design colorido destaca-se por um fundo branco que serve de tela para uma alegre composi\u00e7\u00e3o de salamandras em tons de azul, vermelho e verde, rodeadas de pequenas e encantadoras flores em cores vibrantes que evocam o esplendor da natureza local. O exterior da ta\u00e7a apresenta uma atraente cor bege, contrastada com um rebordo preto que a torna ideal para conferir um toque alegre e mediterr\u00e2nico a qualquer mesa ou cozinha, tornando-a um objeto decorativo e funcional.<\/p>\n<p>Esta ta\u00e7a n\u00e3o \u00e9 apenas uma pe\u00e7a de artesanato \u00fanica, mas tamb\u00e9m representa a rica tradi\u00e7\u00e3o cultural de Maiorca, onde as t\u00e9cnicas de cer\u00e2mica artesanal t\u00eam sido um legado art\u00edstico transmitido de gera\u00e7\u00e3o em gera\u00e7\u00e3o. A salamandra, s\u00edmbolo da vida e da vitalidade, ganha vida nesta pe\u00e7a, tornando-a uma recorda\u00e7\u00e3o ideal para quem deseja levar um pouco do esp\u00edrito balear para as suas casas.<\/p>\n<p>Na Ol\u00e9 Mosaic, somos especialistas na distribui\u00e7\u00e3o de recorda\u00e7\u00f5es por grosso, oferecendo produtos t\u00edpicos que refletem a autenticidade e o valor cultural de Espanha. Esta ta\u00e7a de cer\u00e2mica \u00e9 uma excelente op\u00e7\u00e3o para lojas de presentes tur\u00edsticos que procuram artigos de qualidade com um forte significado cultural. Com o seu design encantador e a sua liga\u00e7\u00e3o \u00e0 tradi\u00e7\u00e3o maiorquina, esta recorda\u00e7\u00e3o \u00e9 um presente perfeito para turistas que desejam recordar a sua visita a Maiorca de forma especial.<\/p>\n","protected":false},"excerpt":{"rendered":"<p>Ta\u00e7a de cer\u00e2mica de 15 cm decorada com motivos de salamandras e flores, representativa da tradi\u00e7\u00e3o artesanal maiorquina. Esta colorida ta\u00e7a apresenta um fundo branco adornado com salamandras em tons de azul, vermelho e verde, rodeadas de pequenas flores de cores vibrantes. O exterior, de uma atraente cor bege com um rebordo preto, \u00e9 ideal para dar um toque alegre a qualquer mesa ou cozinha. Uma recorda\u00e7\u00e3o encantadora que evoca o esp\u00edrito mediterr\u00e2nico.<\/p>\n","protected":false},"featured_media":7723,"template":"","meta":{"_acf_changed":false},"product_brand":[],"product_cat":[513],"product_tag":[516,515],"class_list":{"0":"post-35269","1":"product","2":"type-product","3":"status-publish","4":"has-post-thumbnail","6":"product_cat-bols","7":"product_tag-animais","8":"product_tag-ceramica","9":"pa_ciudad-mallorca","10":"pa_motivo-salamandras","11":"pa_pais-espana","13":"first","14":"instock","15":"shipping-taxable","16":"product-type-simple"},"acf":[],"_links":{"self":[{"href":"https:\/\/olemosaic.orbitalia.org\/pt-pt\/wp-json\/wp\/v2\/product\/35269","targetHints":{"allow":["GET"]}}],"collection":[{"href":"https:\/\/olemosaic.orbitalia.org\/pt-pt\/wp-json\/wp\/v2\/product"}],"about":[{"href":"https:\/\/olemosaic.orbitalia.org\/pt-pt\/wp-json\/wp\/v2\/types\/product"}],"wp:featuredmedia":[{"embeddable":true,"href":"https:\/\/olemosaic.orbitalia.org\/pt-pt\/wp-json\/wp\/v2\/media\/7723"}],"wp:attachment":[{"href":"https:\/\/olemosaic.orbitalia.org\/pt-pt\/wp-json\/wp\/v2\/media?parent=35269"}],"wp:term":[{"taxonomy":"product_brand","embeddable":true,"href":"https:\/\/olemosaic.orbitalia.org\/pt-pt\/wp-json\/wp\/v2\/product_brand?post=35269"},{"taxonomy":"product_cat","embeddable":true,"href":"https:\/\/olemosaic.orbitalia.org\/pt-pt\/wp-json\/wp\/v2\/product_cat?post=35269"},{"taxonomy":"product_tag","embeddable":true,"href":"https:\/\/olemosaic.orbitalia.org\/pt-pt\/wp-json\/wp\/v2\/product_tag?post=35269"}],"curies":[{"name":"wp","href":"https:\/\/api.w.org\/{rel}","templated":true}]}}