{"id":35247,"date":"2025-02-20T22:34:50","date_gmt":"2025-02-20T22:34:50","guid":{"rendered":"https:\/\/olemosaic.orbitalia.org\/producto\/vaso-de-chupito-de-vidrio-glaceado-panoramica-sevilla\/"},"modified":"2025-07-25T18:56:25","modified_gmt":"2025-07-25T16:56:25","slug":"copo-de-shot-de-vidro-fosco-panoramica-sevilha","status":"publish","type":"product","link":"https:\/\/olemosaic.orbitalia.org\/pt-pt\/produto\/copo-de-shot-de-vidro-fosco-panoramica-sevilha\/","title":{"rendered":"Copo de shot de vidro fosco. Panor\u00e2mica. Sevilha."},"content":{"rendered":"<p>Este copo de shot de vidro fosco oferece uma vibrante panor\u00e2mica de Sevilha, tornando-se a recorda\u00e7\u00e3o ideal desta emblem\u00e1tica cidade andaluza. O seu design colorido representa artisticamente elementos arquitet\u00f3nicos ic\u00f3nicos, como a majestosa Giralda, apresentados de forma estilizada e cheia de vida. O acabamento mate do copo real\u00e7a a sua sofistica\u00e7\u00e3o, enquanto os tons brilhantes e os detalhes meticulosamente elaborados capturam a ess\u00eancia cultural e a rica hist\u00f3ria de Sevilha.<\/p>\n<p>Cada copo apresenta ilustra\u00e7\u00f5es intrincadas que mostram a arquitetura distintiva da cidade, desde os seus telhados de azulejos at\u00e9 aos detalhes ornamentais. Este souvenir n\u00e3o \u00e9 apenas perfeito para desfrutar das suas bebidas favoritas, mas tamb\u00e9m se destaca como uma declara\u00e7\u00e3o da rica heran\u00e7a andaluza. Ideal para turistas que procuram uma forma \u00fanica de recordar a sua viagem, este copo de shot \u00e9 mais do que um simples objeto: \u00e9 uma pe\u00e7a de arte que celebra o patrim\u00f3nio sevilhano.<\/p>\n<p>Na Ol\u00e9 Mosaic, somos especialistas na distribui\u00e7\u00e3o de souvenirs por grosso, oferecendo produtos aut\u00eanticos que refletem a cultura espanhola. Este copo de shot de vidro fosco \u00e9 ideal para lojas de presentes tur\u00edsticos que desejem oferecer artigos de qualidade que liguem emocionalmente com os seus clientes. Incorpore este copo no seu cat\u00e1logo e proporcione aos seus clientes a oportunidade de levar para casa um peda\u00e7o de Sevilha.<\/p>\n","protected":false},"excerpt":{"rendered":"<p>Copo de shot de vidro fosco com uma vibrante panor\u00e2mica de Sevilha. Este copo destaca-se pelo seu design colorido, que apresenta elementos arquitet\u00f3nicos ic\u00f3nicos da cidade, como a Giralda. Decorado com um acabamento mate, o copo combina tons brilhantes e detalhes art\u00edsticos que capturam a ess\u00eancia de Sevilha. Ideal para desfrutar das suas bebidas favoritas, esta recorda\u00e7\u00e3o \u00e9 perfeita para rememorar a rica cultura andaluza.<\/p>\n","protected":false},"featured_media":7920,"template":"","meta":{"_acf_changed":false},"product_brand":[],"product_cat":[815],"product_tag":[],"class_list":{"0":"post-35247","1":"product","2":"type-product","3":"status-publish","4":"has-post-thumbnail","6":"product_cat-copos-de-shot","7":"pa_ciudad-sevilla","8":"pa_motivo-panoramas","9":"pa_pais-espana","11":"first","12":"instock","13":"shipping-taxable","14":"product-type-simple"},"acf":[],"_links":{"self":[{"href":"https:\/\/olemosaic.orbitalia.org\/pt-pt\/wp-json\/wp\/v2\/product\/35247","targetHints":{"allow":["GET"]}}],"collection":[{"href":"https:\/\/olemosaic.orbitalia.org\/pt-pt\/wp-json\/wp\/v2\/product"}],"about":[{"href":"https:\/\/olemosaic.orbitalia.org\/pt-pt\/wp-json\/wp\/v2\/types\/product"}],"wp:featuredmedia":[{"embeddable":true,"href":"https:\/\/olemosaic.orbitalia.org\/pt-pt\/wp-json\/wp\/v2\/media\/7920"}],"wp:attachment":[{"href":"https:\/\/olemosaic.orbitalia.org\/pt-pt\/wp-json\/wp\/v2\/media?parent=35247"}],"wp:term":[{"taxonomy":"product_brand","embeddable":true,"href":"https:\/\/olemosaic.orbitalia.org\/pt-pt\/wp-json\/wp\/v2\/product_brand?post=35247"},{"taxonomy":"product_cat","embeddable":true,"href":"https:\/\/olemosaic.orbitalia.org\/pt-pt\/wp-json\/wp\/v2\/product_cat?post=35247"},{"taxonomy":"product_tag","embeddable":true,"href":"https:\/\/olemosaic.orbitalia.org\/pt-pt\/wp-json\/wp\/v2\/product_tag?post=35247"}],"curies":[{"name":"wp","href":"https:\/\/api.w.org\/{rel}","templated":true}]}}