{"id":35231,"date":"2025-02-20T22:34:49","date_gmt":"2025-02-20T22:34:49","guid":{"rendered":"https:\/\/olemosaic.orbitalia.org\/producto\/vaso-de-chupito-de-vidrio-glaceado-panoramica-barcelona\/"},"modified":"2025-07-25T20:10:16","modified_gmt":"2025-07-25T18:10:16","slug":"copo-de-shot-de-vidro-fosco-panoramica-barcelona","status":"publish","type":"product","link":"https:\/\/olemosaic.orbitalia.org\/pt-pt\/produto\/copo-de-shot-de-vidro-fosco-panoramica-barcelona\/","title":{"rendered":"Copo de shot de vidro fosco. Panor\u00e2mica. Barcelona."},"content":{"rendered":"<p>Este copo de shot de vidro fosco \u00e9 uma encantadora recorda\u00e7\u00e3o de Barcelona, ideal para desfrutar das suas bebidas favoritas e rememorar os seus momentos mais memor\u00e1veis na vibrante capital catal\u00e3. O design apresenta uma panor\u00e2mica do emblem\u00e1tico monumento a Colombo, que se ergue majestoso no porto da cidade, rodeado de palmeiras que evocam o clima mediterr\u00e2nico. A t\u00e9cnica de serigrafia utilizada para a sua decora\u00e7\u00e3o amplifica a express\u00e3o art\u00edstica do copo, reproduzindo coloridos mosaicos que parecem ganhar vida na superf\u00edcie, alcan\u00e7ando um efeito visual impactante.<\/p>\n<p>A inscri\u00e7\u00e3o &#8220;Barcelona&#8221; na parte superior, juntamente com os detalhes que mostram gaivotas sobre o fundo marinho, adicionam um toque de autenticidade e esp\u00edrito local. Este copo n\u00e3o \u00e9 apenas funcional, mas tamb\u00e9m serve como uma excelente lembran\u00e7a que captura a ess\u00eancia da cidade e a sua rica cultura. Com a sua estrutura de vidro resistente, \u00e9 perfeito para os turistas que procuram levar para casa um fragmento da beleza de Barcelona.<\/p>\n<p>Na Ol\u00e9 Mosaic, especializamo-nos na distribui\u00e7\u00e3o de lembran\u00e7as por grosso, e este copo de shot de vidro fosco apresenta-se como uma op\u00e7\u00e3o ideal para lojas de presentes tur\u00edsticos que desejem oferecer produtos emblem\u00e1ticos e aut\u00eanticos. Uma recorda\u00e7\u00e3o de Barcelona que n\u00e3o s\u00f3 embeleza qualquer cole\u00e7\u00e3o, mas tamb\u00e9m assegura um peda\u00e7o da tradi\u00e7\u00e3o e do folclore desta bela cidade.<\/p>\n","protected":false},"excerpt":{"rendered":"<p>Copo de shot de vidro fosco com uma encantadora panor\u00e2mica de Barcelona. Este atraente copo apresenta uma vibrante ilustra\u00e7\u00e3o do monumento a Colombo, rodeado de palmeiras e com o mar de fundo. O design destaca-se pela sua t\u00e9cnica de serigrafia, que reproduz coloridos mosaicos e detalhes naturais, com a inscri\u00e7\u00e3o &#8220;Barcelona&#8221; na parte superior. Perfeito para recordar os seus momentos na capital catal\u00e3 enquanto desfruta de uma bebida.<\/p>\n","protected":false},"featured_media":7912,"template":"","meta":{"_acf_changed":false},"product_brand":[],"product_cat":[815],"product_tag":[],"class_list":{"0":"post-35231","1":"product","2":"type-product","3":"status-publish","4":"has-post-thumbnail","6":"product_cat-copos-de-shot","7":"pa_ciudad-barcelona","8":"pa_motivo-panoramas","9":"pa_pais-espana","11":"first","12":"instock","13":"shipping-taxable","14":"product-type-simple"},"acf":[],"_links":{"self":[{"href":"https:\/\/olemosaic.orbitalia.org\/pt-pt\/wp-json\/wp\/v2\/product\/35231","targetHints":{"allow":["GET"]}}],"collection":[{"href":"https:\/\/olemosaic.orbitalia.org\/pt-pt\/wp-json\/wp\/v2\/product"}],"about":[{"href":"https:\/\/olemosaic.orbitalia.org\/pt-pt\/wp-json\/wp\/v2\/types\/product"}],"wp:featuredmedia":[{"embeddable":true,"href":"https:\/\/olemosaic.orbitalia.org\/pt-pt\/wp-json\/wp\/v2\/media\/7912"}],"wp:attachment":[{"href":"https:\/\/olemosaic.orbitalia.org\/pt-pt\/wp-json\/wp\/v2\/media?parent=35231"}],"wp:term":[{"taxonomy":"product_brand","embeddable":true,"href":"https:\/\/olemosaic.orbitalia.org\/pt-pt\/wp-json\/wp\/v2\/product_brand?post=35231"},{"taxonomy":"product_cat","embeddable":true,"href":"https:\/\/olemosaic.orbitalia.org\/pt-pt\/wp-json\/wp\/v2\/product_cat?post=35231"},{"taxonomy":"product_tag","embeddable":true,"href":"https:\/\/olemosaic.orbitalia.org\/pt-pt\/wp-json\/wp\/v2\/product_tag?post=35231"}],"curies":[{"name":"wp","href":"https:\/\/api.w.org\/{rel}","templated":true}]}}