{"id":35229,"date":"2025-02-20T22:34:48","date_gmt":"2025-02-20T22:34:48","guid":{"rendered":"https:\/\/olemosaic.orbitalia.org\/producto\/vaso-de-chupito-de-vidrio-glaceado-toro\/"},"modified":"2025-07-25T19:54:45","modified_gmt":"2025-07-25T17:54:45","slug":"copo-de-shot-de-vidro-fosco-touro","status":"publish","type":"product","link":"https:\/\/olemosaic.orbitalia.org\/pt-pt\/produto\/copo-de-shot-de-vidro-fosco-touro\/","title":{"rendered":"Copo de shot de vidro fosco. Touro."},"content":{"rendered":"<p>Este copo de shot de vidro fosco \u00e9 um aut\u00eantico s\u00edmbolo da cultura espanhola, concebido para animar qualquer celebra\u00e7\u00e3o. Adornado com um touro colorido, emblema do folclore nacional, este copo apresenta um design vibrante que atrai o olhar instantaneamente. O requintado mosaico que ilustra o touro \u00e9 composto por diversos tons brilhantes, do azul ao vermelho, criando um efeito visual que real\u00e7a a sua majestade. \u00c0 sua volta, delicados elementos florais emolduram a figura, enquanto a palavra &#8220;ESPANHA&#8221; se destaca em letras chamativas, marcando o orgulho da identidade espanhola.<\/p>\n<p>Este copo, com o seu elegante acabamento e base em tons vermelhos, n\u00e3o \u00e9 apenas um objeto funcional, mas tamb\u00e9m uma recorda\u00e7\u00e3o original que encapsula a riqueza cultural de Espanha. Ideal para turistas e amantes da cultura, este copo de shot oferece uma experi\u00eancia \u00fanica em cada gole, permitindo aos seus propriet\u00e1rios desfrutar de um peda\u00e7o da tradi\u00e7\u00e3o espanhola. Na Ol\u00e9 Mosaic, somos especialistas na distribui\u00e7\u00e3o de lembran\u00e7as por grosso, e este copo de shot \u00e9 uma escolha de destaque para lojas de presentes tur\u00edsticos. Com a sua autenticidade e relev\u00e2ncia cultural, representa uma excelente oportunidade para quem procura recorda\u00e7\u00f5es aut\u00eanticas que transcendam a simples mem\u00f3ria.<\/p>\n","protected":false},"excerpt":{"rendered":"<p>Copo de shot de vidro fosco decorado com um vistoso touro, emblema da cultura espanhola. O design apresenta um mosaico vibrante que representa o touro com grande detalhe, acompanhado de elementos florais e a palavra &#8220;ESPANHA&#8221; em letras chamativas. Com um acabamento elegante e uma base em tons vermelhos, este copo \u00e9 perfeito para brindar durante celebra\u00e7\u00f5es, capturando a ess\u00eancia do folclore espanhol em cada gole.<\/p>\n","protected":false},"featured_media":7917,"template":"","meta":{"_acf_changed":false},"product_brand":[],"product_cat":[815],"product_tag":[516],"class_list":{"0":"post-35229","1":"product","2":"type-product","3":"status-publish","4":"has-post-thumbnail","6":"product_cat-copos-de-shot","7":"product_tag-animais","8":"pa_motivo-touros","10":"first","11":"instock","12":"shipping-taxable","13":"product-type-simple"},"acf":[],"_links":{"self":[{"href":"https:\/\/olemosaic.orbitalia.org\/pt-pt\/wp-json\/wp\/v2\/product\/35229","targetHints":{"allow":["GET"]}}],"collection":[{"href":"https:\/\/olemosaic.orbitalia.org\/pt-pt\/wp-json\/wp\/v2\/product"}],"about":[{"href":"https:\/\/olemosaic.orbitalia.org\/pt-pt\/wp-json\/wp\/v2\/types\/product"}],"wp:featuredmedia":[{"embeddable":true,"href":"https:\/\/olemosaic.orbitalia.org\/pt-pt\/wp-json\/wp\/v2\/media\/7917"}],"wp:attachment":[{"href":"https:\/\/olemosaic.orbitalia.org\/pt-pt\/wp-json\/wp\/v2\/media?parent=35229"}],"wp:term":[{"taxonomy":"product_brand","embeddable":true,"href":"https:\/\/olemosaic.orbitalia.org\/pt-pt\/wp-json\/wp\/v2\/product_brand?post=35229"},{"taxonomy":"product_cat","embeddable":true,"href":"https:\/\/olemosaic.orbitalia.org\/pt-pt\/wp-json\/wp\/v2\/product_cat?post=35229"},{"taxonomy":"product_tag","embeddable":true,"href":"https:\/\/olemosaic.orbitalia.org\/pt-pt\/wp-json\/wp\/v2\/product_tag?post=35229"}],"curies":[{"name":"wp","href":"https:\/\/api.w.org\/{rel}","templated":true}]}}