{"id":35201,"date":"2025-02-20T22:34:48","date_gmt":"2025-02-20T22:34:48","guid":{"rendered":"https:\/\/olemosaic.orbitalia.org\/producto\/vaso-de-chupito-de-vidrio-panoramica-sevilla\/"},"modified":"2025-07-25T19:55:54","modified_gmt":"2025-07-25T17:55:54","slug":"copo-de-shot-de-vidro-panoramica-sevilha","status":"publish","type":"product","link":"https:\/\/olemosaic.orbitalia.org\/pt-pt\/produto\/copo-de-shot-de-vidro-panoramica-sevilha\/","title":{"rendered":"Copo de shot de vidro. Panor\u00e2mica. Sevilha."},"content":{"rendered":"<p>Este copinho de shot de vidro \u00e9 uma encantadora recorda\u00e7\u00e3o de Sevilha, que captura a ess\u00eancia desta vibrante cidade andaluza atrav\u00e9s de uma colorida panor\u00e2mica. Com uma ilustra\u00e7\u00e3o detalhada, o copo apresenta monumentos emblem\u00e1ticos como a Giralda, que se ergue majestosa como s\u00edmbolo da cidade, emoldurada por elementos florais decorativos que conferem um toque alegre e festivo. As cores vibrantes em tons de vermelho, amarelo e verde contrastam na perfei\u00e7\u00e3o com o fundo transparente do copo, criando uma pe\u00e7a visualmente impactante, ideal para qualquer cole\u00e7\u00e3o. Na parte superior, o nome &#8220;SEVILHA&#8221; \u00e9 exibido com uma tipografia atraente, acrescentando um toque distintivo que faz deste copo uma recorda\u00e7\u00e3o aut\u00eantica e memor\u00e1vel.<\/p>\n<p>Este copinho de shot n\u00e3o \u00e9 apenas perfeito para desfrutar de uma bebida, mas tamb\u00e9m atua como um lembrete da rica heran\u00e7a cultural e arquitect\u00f3nica de Sevilha, ideal para os turistas que procuram levar um pedacinho desta maravilhosa cidade. Na Ol\u00e9 Mosaic, oferecemos este copo inesquec\u00edvel como parte da nossa gama de souvenirs, garantindo que cada pe\u00e7a distribu\u00edda respeite a autenticidade e a beleza do patrim\u00f3nio sevilhano. Sem d\u00favida, \u00e9 uma excelente op\u00e7\u00e3o para lojas de presentes tur\u00edsticos que procuram recorda\u00e7\u00f5es aut\u00eanticas de Sevilha.<\/p>\n","protected":false},"excerpt":{"rendered":"<p>Copo de shot de vidro com uma colorida panor\u00e2mica de Sevilha. O copo mostra uma ilustra\u00e7\u00e3o detalhada dos monumentos mais emblem\u00e1ticos da cidade, como a Giralda, rodeados de elementos florais decorativos. As cores vibrantes em tons de vermelho, amarelo e verde destacam-se sobre o fundo transparente, e o nome &#8220;SEVILHA&#8221; aparece com uma tipografia atraente. Perfeito para tomar um shot e levar uma recorda\u00e7\u00e3o da beleza sevilhana.<\/p>\n","protected":false},"featured_media":7505,"template":"","meta":{"_acf_changed":false},"product_brand":[],"product_cat":[815],"product_tag":[],"class_list":{"0":"post-35201","1":"product","2":"type-product","3":"status-publish","4":"has-post-thumbnail","6":"product_cat-copos-de-shot","7":"pa_ciudad-sevilla","8":"pa_motivo-panoramas","9":"pa_pais-espana","11":"first","12":"instock","13":"shipping-taxable","14":"product-type-simple"},"acf":[],"_links":{"self":[{"href":"https:\/\/olemosaic.orbitalia.org\/pt-pt\/wp-json\/wp\/v2\/product\/35201","targetHints":{"allow":["GET"]}}],"collection":[{"href":"https:\/\/olemosaic.orbitalia.org\/pt-pt\/wp-json\/wp\/v2\/product"}],"about":[{"href":"https:\/\/olemosaic.orbitalia.org\/pt-pt\/wp-json\/wp\/v2\/types\/product"}],"wp:featuredmedia":[{"embeddable":true,"href":"https:\/\/olemosaic.orbitalia.org\/pt-pt\/wp-json\/wp\/v2\/media\/7505"}],"wp:attachment":[{"href":"https:\/\/olemosaic.orbitalia.org\/pt-pt\/wp-json\/wp\/v2\/media?parent=35201"}],"wp:term":[{"taxonomy":"product_brand","embeddable":true,"href":"https:\/\/olemosaic.orbitalia.org\/pt-pt\/wp-json\/wp\/v2\/product_brand?post=35201"},{"taxonomy":"product_cat","embeddable":true,"href":"https:\/\/olemosaic.orbitalia.org\/pt-pt\/wp-json\/wp\/v2\/product_cat?post=35201"},{"taxonomy":"product_tag","embeddable":true,"href":"https:\/\/olemosaic.orbitalia.org\/pt-pt\/wp-json\/wp\/v2\/product_tag?post=35201"}],"curies":[{"name":"wp","href":"https:\/\/api.w.org\/{rel}","templated":true}]}}