{"id":35200,"date":"2025-02-20T23:34:48","date_gmt":"2025-02-20T22:34:48","guid":{"rendered":"https:\/\/olemosaic.orbitalia.org\/producto\/vaso-de-chupito-de-vidrio-bailaora-2\/"},"modified":"2025-07-25T18:35:41","modified_gmt":"2025-07-25T16:35:41","slug":"copo-de-shot-de-vidro-bailarina-arte-flamenca","status":"publish","type":"product","link":"https:\/\/olemosaic.orbitalia.org\/pt-pt\/produto\/copo-de-shot-de-vidro-bailarina-arte-flamenca\/","title":{"rendered":"Copo de shot de vidro. Bailarina. Arte Flamenca."},"content":{"rendered":"<p>Este copo de shot de vidro \u00e9 uma aut\u00eantica homenagem \u00e0 vibrante cultura andaluza, concebido para capturar a ess\u00eancia do flamenco. Decorado com uma representa\u00e7\u00e3o din\u00e2mica de duas bailarinas, este copo pintado \u00e0 m\u00e3o destaca-se pelos seus coloridos trajes de folhos, onde o vermelho e o verde iluminam a cena, evocando a energia e a paix\u00e3o da arte flamenca. As bailarinas, em pleno movimento, seguram copos nas m\u00e3os, simbolizando a celebra\u00e7\u00e3o e a alegria, o que o torna uma recorda\u00e7\u00e3o ideal para quem procura capturar a aut\u00eantica experi\u00eancia andaluza.<\/p>\n<p>O copo apresenta um design elegante, com um fundo suave que real\u00e7a os detalhes ornamentais que adornam as figuras, real\u00e7ando o seu apelo visual. Com a sua capacidade perfeita para um shot, n\u00e3o \u00e9 apenas funcional, mas tamb\u00e9m um espetacular elemento decorativo que pode embelezar qualquer espa\u00e7o. Este souvenir \u00e9 perfeito para turistas que desejam levar um peda\u00e7o da Andaluzia, recordando a riqueza cultural da regi\u00e3o cada vez que o utilizam.<\/p>\n<p>Na Ol\u00e9 Mosaic, somos especialistas na distribui\u00e7\u00e3o de souvenirs por grosso, oferecendo produtos aut\u00eanticos que real\u00e7am a tradi\u00e7\u00e3o espanhola, como este copo de shot flamenco. Ideal para lojas de presentes tur\u00edsticos que procuram artigos de qualidade e relev\u00e2ncia cultural, este copo \u00e9 uma pe\u00e7a que encantar\u00e1 qualquer amante do flamenco e da cultura andaluza.<\/p>\n","protected":false},"excerpt":{"rendered":"<p>Copo de shot de vidro decorado com uma representa\u00e7\u00e3o din\u00e2mica de duas bailarinas flamencas. Pintado com estilo artesanal, este atraente copo destaca-se pelos seus coloridos trajes de folhos, sobre um fundo que evoca a energia e a paix\u00e3o da arte flamenca. Os detalhes em vermelho e verde, juntamente com elementos ornamentais, conferem um toque vibrante, tornando-o um souvenir perfeito que celebra a ess\u00eancia da cultura andaluza. Ideal para desfrutar das suas bebidas e como objeto decorativo.<\/p>\n","protected":false},"featured_media":8803,"template":"","meta":{"_acf_changed":false},"product_brand":[],"product_cat":[815],"product_tag":[],"class_list":{"0":"post-35200","1":"product","2":"type-product","3":"status-publish","4":"has-post-thumbnail","6":"product_cat-copos-de-shot","7":"pa_motivo-dancarinos","9":"first","10":"instock","11":"shipping-taxable","12":"product-type-simple"},"acf":[],"_links":{"self":[{"href":"https:\/\/olemosaic.orbitalia.org\/pt-pt\/wp-json\/wp\/v2\/product\/35200","targetHints":{"allow":["GET"]}}],"collection":[{"href":"https:\/\/olemosaic.orbitalia.org\/pt-pt\/wp-json\/wp\/v2\/product"}],"about":[{"href":"https:\/\/olemosaic.orbitalia.org\/pt-pt\/wp-json\/wp\/v2\/types\/product"}],"wp:featuredmedia":[{"embeddable":true,"href":"https:\/\/olemosaic.orbitalia.org\/pt-pt\/wp-json\/wp\/v2\/media\/8803"}],"wp:attachment":[{"href":"https:\/\/olemosaic.orbitalia.org\/pt-pt\/wp-json\/wp\/v2\/media?parent=35200"}],"wp:term":[{"taxonomy":"product_brand","embeddable":true,"href":"https:\/\/olemosaic.orbitalia.org\/pt-pt\/wp-json\/wp\/v2\/product_brand?post=35200"},{"taxonomy":"product_cat","embeddable":true,"href":"https:\/\/olemosaic.orbitalia.org\/pt-pt\/wp-json\/wp\/v2\/product_cat?post=35200"},{"taxonomy":"product_tag","embeddable":true,"href":"https:\/\/olemosaic.orbitalia.org\/pt-pt\/wp-json\/wp\/v2\/product_tag?post=35200"}],"curies":[{"name":"wp","href":"https:\/\/api.w.org\/{rel}","templated":true}]}}