{"id":35182,"date":"2025-02-20T23:34:47","date_gmt":"2025-02-20T22:34:47","guid":{"rendered":"https:\/\/olemosaic.orbitalia.org\/producto\/vaso-de-chupito-de-vidrio-salamandra-mallorca\/"},"modified":"2025-07-25T20:29:49","modified_gmt":"2025-07-25T18:29:49","slug":"copo-de-shot-de-vidro-salamandra-maiorca","status":"publish","type":"product","link":"https:\/\/olemosaic.orbitalia.org\/pt-pt\/produto\/copo-de-shot-de-vidro-salamandra-maiorca\/","title":{"rendered":"Copo de shot de vidro. Salamandra. Maiorca."},"content":{"rendered":"<p>Este copo de shot de vidro, decorado com salamandras vibrantes, \u00e9 uma aut\u00eantica homenagem \u00e0 beleza de Maiorca. Cada copo apresenta ilustra\u00e7\u00f5es com efeito pintado \u00e0 m\u00e3o que capturam a ess\u00eancia da fauna local, destacando salamandras numa alegre combina\u00e7\u00e3o de cores como o azul, o verde e o vermelho. As salamandras s\u00e3o acompanhadas por encantadoras flores multicoloridas, criando um design l\u00fadico que evoca as paisagens mediterr\u00e2nicas e o folclore da ilha. Na parte superior, a palavra &#8220;MALLORCA&#8221; \u00e9 exibida com eleg\u00e2ncia, lembrando aos turistas a beleza do destino que t\u00eam nas m\u00e3os.<\/p>\n<p>Este copo n\u00e3o \u00e9 apenas um objeto funcional para desfrutar de bebidas, mas tamb\u00e9m uma pe\u00e7a de arte que representa uma recorda\u00e7\u00e3o aut\u00eantica da rica cultura de Maiorca. Ideal para quem procura recorda\u00e7\u00f5es de qualidade, este copo de shot \u00e9 o complemento perfeito para qualquer celebra\u00e7\u00e3o, evocando momentos especiais e experi\u00eancias \u00fanicas vividas na ilha.<\/p>\n<p>Na Ol\u00e9 Mosaic, orgulhamo-nos de ser distribuidores de recorda\u00e7\u00f5es por grosso, oferecendo produtos aut\u00eanticos que capturam a ess\u00eancia de cada regi\u00e3o. Este copo de shot de salamandra \u00e9 uma excelente op\u00e7\u00e3o para lojas de presentes tur\u00edsticos que procuram incluir artigos que se destaquem pelo seu significado cultural e apelo visual, tornando-se assim um cl\u00e1ssico entre as recorda\u00e7\u00f5es de Maiorca.<\/p>\n","protected":false},"excerpt":{"rendered":"<p>Copo de shot de vidro decorado com motivos coloridos de salamandras, inspirado no emblem\u00e1tico estilo de Maiorca. Este atraente copo apresenta ilustra\u00e7\u00f5es com efeito pintado \u00e0 m\u00e3o de salamandras em tons vibrantes de azul, verde e vermelho, acompanhadas de flores e da palavra &#8220;MALLORCA&#8221;. O seu design alegre e art\u00edstico reflete o folclore local, tornando-o uma recorda\u00e7\u00e3o perfeita para desfrutar dos sabores da ilha e ideal para comemorar momentos especiais.<\/p>\n","protected":false},"featured_media":7498,"template":"","meta":{"_acf_changed":false},"product_brand":[],"product_cat":[815],"product_tag":[516],"class_list":{"0":"post-35182","1":"product","2":"type-product","3":"status-publish","4":"has-post-thumbnail","6":"product_cat-copos-de-shot","7":"product_tag-animais","8":"pa_ciudad-mallorca","9":"pa_motivo-salamandras","10":"pa_pais-espana","12":"first","13":"instock","14":"shipping-taxable","15":"product-type-simple"},"acf":[],"_links":{"self":[{"href":"https:\/\/olemosaic.orbitalia.org\/pt-pt\/wp-json\/wp\/v2\/product\/35182","targetHints":{"allow":["GET"]}}],"collection":[{"href":"https:\/\/olemosaic.orbitalia.org\/pt-pt\/wp-json\/wp\/v2\/product"}],"about":[{"href":"https:\/\/olemosaic.orbitalia.org\/pt-pt\/wp-json\/wp\/v2\/types\/product"}],"wp:featuredmedia":[{"embeddable":true,"href":"https:\/\/olemosaic.orbitalia.org\/pt-pt\/wp-json\/wp\/v2\/media\/7498"}],"wp:attachment":[{"href":"https:\/\/olemosaic.orbitalia.org\/pt-pt\/wp-json\/wp\/v2\/media?parent=35182"}],"wp:term":[{"taxonomy":"product_brand","embeddable":true,"href":"https:\/\/olemosaic.orbitalia.org\/pt-pt\/wp-json\/wp\/v2\/product_brand?post=35182"},{"taxonomy":"product_cat","embeddable":true,"href":"https:\/\/olemosaic.orbitalia.org\/pt-pt\/wp-json\/wp\/v2\/product_cat?post=35182"},{"taxonomy":"product_tag","embeddable":true,"href":"https:\/\/olemosaic.orbitalia.org\/pt-pt\/wp-json\/wp\/v2\/product_tag?post=35182"}],"curies":[{"name":"wp","href":"https:\/\/api.w.org\/{rel}","templated":true}]}}