{"id":35181,"date":"2025-02-20T23:34:47","date_gmt":"2025-02-20T22:34:47","guid":{"rendered":"https:\/\/olemosaic.orbitalia.org\/producto\/vaso-de-chupito-de-vidrio-bailaora\/"},"modified":"2025-07-25T19:22:17","modified_gmt":"2025-07-25T17:22:17","slug":"copo-de-shot-de-vidro-bailarina-de-flamenco","status":"publish","type":"product","link":"https:\/\/olemosaic.orbitalia.org\/pt-pt\/produto\/copo-de-shot-de-vidro-bailarina-de-flamenco\/","title":{"rendered":"Copo de shot de vidro. Bailarina de Flamenco."},"content":{"rendered":"<p>Este copo de shot de vidro, decorado com ilustra\u00e7\u00f5es vibrantes de bailarinas de flamenco, \u00e9 uma homenagem \u00e0 rica cultura espanhola e uma excelente op\u00e7\u00e3o para quem procura recorda\u00e7\u00f5es aut\u00eanticas de Espanha. Cada copo \u00e9 pintado \u00e0 m\u00e3o, exibindo detalhes coloridos em vermelho e azul que capturam o esp\u00edrito desta dan\u00e7a tradicional. Na parte superior, destaca-se a palavra &#8220;ESPA\u00d1A&#8221;, que refor\u00e7a a sua liga\u00e7\u00e3o cultural e a alegria que o flamenco evoca. As bailarinas, trajadas com vestidos tradicionais de folhos, s\u00e3o representadas em posturas din\u00e2micas, refletindo o movimento e a energia que caracterizam esta arte.<\/p>\n<p>O design do copo, que inclui elementos decorativos florais em redor das bailarinas, n\u00e3o s\u00f3 o torna uma recorda\u00e7\u00e3o atraente, como tamb\u00e9m o torna um objeto ideal para uso di\u00e1rio ou para exposi\u00e7\u00e3o. Este copo \u00e9 uma recorda\u00e7\u00e3o perfeita da paix\u00e3o e do folclore de Espanha, evocando sensa\u00e7\u00f5es de festa e celebra\u00e7\u00e3o no cora\u00e7\u00e3o da pen\u00ednsula ib\u00e9rica.<\/p>\n<p>Na Ol\u00e9 Mosaic, especializamo-nos na distribui\u00e7\u00e3o de recorda\u00e7\u00f5es por grosso, e este copo de shot \u00e9 uma excelente escolha para lojas de presentes tur\u00edsticos que procuram oferecer produtos que reflitam a ess\u00eancia cultural de Espanha. Com a sua autenticidade e design vibrante, este copo torna-se um presente memor\u00e1vel para aqueles que desejam levar consigo uma parte da tradi\u00e7\u00e3o espanhola.<\/p>\n","protected":false},"excerpt":{"rendered":"<p>Copo de shot de vidro decorado com ilustra\u00e7\u00f5es vibrantes de bailarinas de flamenco, que representam a rica cultura espanhola. Cada copo apresenta um design artesanal, pintado \u00e0 m\u00e3o, com detalhes coloridos em vermelho e azul, incluindo o texto &#8220;ESPA\u00d1A&#8221; na parte superior. As bailarinas, com os seus trajes tradicionais de folhos, capturam o movimento e a ess\u00eancia da arte flamenca, tornando este copo uma recorda\u00e7\u00e3o ideal da paix\u00e3o e do folclore de Espanha.<\/p>\n","protected":false},"featured_media":7499,"template":"","meta":{"_acf_changed":false},"product_brand":[],"product_cat":[815],"product_tag":[],"class_list":{"0":"post-35181","1":"product","2":"type-product","3":"status-publish","4":"has-post-thumbnail","6":"product_cat-copos-de-shot","7":"pa_motivo-dancarinos","9":"first","10":"instock","11":"shipping-taxable","12":"product-type-simple"},"acf":[],"_links":{"self":[{"href":"https:\/\/olemosaic.orbitalia.org\/pt-pt\/wp-json\/wp\/v2\/product\/35181","targetHints":{"allow":["GET"]}}],"collection":[{"href":"https:\/\/olemosaic.orbitalia.org\/pt-pt\/wp-json\/wp\/v2\/product"}],"about":[{"href":"https:\/\/olemosaic.orbitalia.org\/pt-pt\/wp-json\/wp\/v2\/types\/product"}],"wp:featuredmedia":[{"embeddable":true,"href":"https:\/\/olemosaic.orbitalia.org\/pt-pt\/wp-json\/wp\/v2\/media\/7499"}],"wp:attachment":[{"href":"https:\/\/olemosaic.orbitalia.org\/pt-pt\/wp-json\/wp\/v2\/media?parent=35181"}],"wp:term":[{"taxonomy":"product_brand","embeddable":true,"href":"https:\/\/olemosaic.orbitalia.org\/pt-pt\/wp-json\/wp\/v2\/product_brand?post=35181"},{"taxonomy":"product_cat","embeddable":true,"href":"https:\/\/olemosaic.orbitalia.org\/pt-pt\/wp-json\/wp\/v2\/product_cat?post=35181"},{"taxonomy":"product_tag","embeddable":true,"href":"https:\/\/olemosaic.orbitalia.org\/pt-pt\/wp-json\/wp\/v2\/product_tag?post=35181"}],"curies":[{"name":"wp","href":"https:\/\/api.w.org\/{rel}","templated":true}]}}