{"id":35158,"date":"2025-02-20T22:34:47","date_gmt":"2025-02-20T22:34:47","guid":{"rendered":"https:\/\/olemosaic.orbitalia.org\/producto\/vaso-de-chupito-de-vidrio-sagrada-familia-barcelona\/"},"modified":"2025-07-25T19:40:33","modified_gmt":"2025-07-25T17:40:33","slug":"copo-de-shot-de-vidro-sagrada-familia-barcelona","status":"publish","type":"product","link":"https:\/\/olemosaic.orbitalia.org\/pt-pt\/produto\/copo-de-shot-de-vidro-sagrada-familia-barcelona\/","title":{"rendered":"Copo de shot de vidro. Sagrada Fam\u00edlia. Barcelona."},"content":{"rendered":"<p>Este copo de shot de vidro decorado com a ic\u00f3nica Sagrada Fam\u00edlia \u00e9 uma recorda\u00e7\u00e3o imprescind\u00edvel para quem visita Barcelona. O seu design vibrante apresenta mosaicos de cores quentes, evocando a obra-prima do arquiteto modernista Antoni Gaud\u00ed. Cada canto deste copo capta a majestosidade e singularidade da Sagrada Fam\u00edlia, um dos s\u00edmbolos mais representativos da Cidade Condal. A ilustra\u00e7\u00e3o inclui detalhes meticulosamente elaborados que destacam as torres e fachadas da bas\u00edlica, complementados com as inscri\u00e7\u00f5es &#8220;Sagrada Fam\u00edlia&#8221; e &#8220;Barcelona&#8221;, que refor\u00e7am a sua liga\u00e7\u00e3o cultural e o seu valor como souvenir.<\/p>\n<p>O copo, ideal tanto para desfrutar de um shot como para exibir numa prateleira, n\u00e3o \u00e9 apenas uma pe\u00e7a utilit\u00e1ria, mas tamb\u00e9m uma homenagem \u00e0 rica heran\u00e7a art\u00edstica e arquitet\u00f3nica de Barcelona. Este copo de shot torna-se assim um excelente presente para turistas que procuram souvenirs aut\u00eanticos e representativos da cultura local. Na Ol\u00e9 Mosaic, dedicamo-nos \u00e0 distribui\u00e7\u00e3o de souvenirs por grosso, e este copo de shot \u00e9 uma op\u00e7\u00e3o perfeita para lojas de presentes tur\u00edsticos que querem oferecer produtos de qualidade e com significado cultural. Ao escolher este copo, n\u00e3o s\u00f3 adquire um objeto, mas um peda\u00e7o da hist\u00f3ria de Barcelona e do seu inconfund\u00edvel estilo modernista.<\/p>\n","protected":false},"excerpt":{"rendered":"<p>Copo de shot de vidro decorado com a ic\u00f3nica Sagrada Fam\u00edlia, s\u00edmbolo emblem\u00e1tico de Barcelona. O copo apresenta um design vibrante com mosaicos de cores quentes que evocam a arquitetura modernista de Gaud\u00ed. As inscri\u00e7\u00f5es &#8220;Sagrada Fam\u00edlia&#8221; e &#8220;Barcelona&#8221; complementam a ilustra\u00e7\u00e3o, destacando a obra-prima urbana. Ideal como recorda\u00e7\u00e3o ou para desfrutar de uma bebida com um toque cultural, \u00e9 uma pequena homenagem \u00e0 rica heran\u00e7a art\u00edstica da cidade.<\/p>\n","protected":false},"featured_media":7496,"template":"","meta":{"_acf_changed":false},"product_brand":[],"product_cat":[815],"product_tag":[],"class_list":{"0":"post-35158","1":"product","2":"type-product","3":"status-publish","4":"has-post-thumbnail","6":"product_cat-copos-de-shot","7":"pa_ciudad-barcelona","8":"pa_motivo-sagrada-familia","9":"pa_pais-espana","11":"first","12":"instock","13":"shipping-taxable","14":"product-type-simple"},"acf":[],"_links":{"self":[{"href":"https:\/\/olemosaic.orbitalia.org\/pt-pt\/wp-json\/wp\/v2\/product\/35158","targetHints":{"allow":["GET"]}}],"collection":[{"href":"https:\/\/olemosaic.orbitalia.org\/pt-pt\/wp-json\/wp\/v2\/product"}],"about":[{"href":"https:\/\/olemosaic.orbitalia.org\/pt-pt\/wp-json\/wp\/v2\/types\/product"}],"wp:featuredmedia":[{"embeddable":true,"href":"https:\/\/olemosaic.orbitalia.org\/pt-pt\/wp-json\/wp\/v2\/media\/7496"}],"wp:attachment":[{"href":"https:\/\/olemosaic.orbitalia.org\/pt-pt\/wp-json\/wp\/v2\/media?parent=35158"}],"wp:term":[{"taxonomy":"product_brand","embeddable":true,"href":"https:\/\/olemosaic.orbitalia.org\/pt-pt\/wp-json\/wp\/v2\/product_brand?post=35158"},{"taxonomy":"product_cat","embeddable":true,"href":"https:\/\/olemosaic.orbitalia.org\/pt-pt\/wp-json\/wp\/v2\/product_cat?post=35158"},{"taxonomy":"product_tag","embeddable":true,"href":"https:\/\/olemosaic.orbitalia.org\/pt-pt\/wp-json\/wp\/v2\/product_tag?post=35158"}],"curies":[{"name":"wp","href":"https:\/\/api.w.org\/{rel}","templated":true}]}}