{"id":35156,"date":"2025-02-20T22:34:46","date_gmt":"2025-02-20T22:34:46","guid":{"rendered":"https:\/\/olemosaic.orbitalia.org\/producto\/vaso-de-chupito-de-vidrio-panoramica-barcelona\/"},"modified":"2025-07-25T20:39:19","modified_gmt":"2025-07-25T18:39:19","slug":"copo-de-shot-de-vidro-panoramica-barcelona","status":"publish","type":"product","link":"https:\/\/olemosaic.orbitalia.org\/pt-pt\/produto\/copo-de-shot-de-vidro-panoramica-barcelona\/","title":{"rendered":"Copo de shot de vidro. Panor\u00e2mica. Barcelona."},"content":{"rendered":"<p>Este copo de shot de vidro com a panor\u00e2mica de Barcelona \u00e9 uma recorda\u00e7\u00e3o vibrante e aut\u00eantica, ideal para quem deseja levar consigo a ess\u00eancia desta encantadora cidade. O seu design cativante apresenta uma representa\u00e7\u00e3o colorida de elementos ic\u00f3nicos, como o Monumento a Colombo, que se ergue como um s\u00edmbolo do esp\u00edrito explorador de Barcelona, rodeado de palmeiras decorativas que evocam o ambiente mediterr\u00e2nico. Com um acabamento detalhado, o copo real\u00e7a os mosaicos caracter\u00edsticos de Gaud\u00ed, capturando a criatividade e a arte que definem a metr\u00f3pole. Cada \u00e2ngulo deste copo oferece uma vista distinta, onde as cores vivas destacam as formas sinuosas e os padr\u00f5es t\u00edpicos da obra de Gaud\u00ed.<\/p>\n<p>Fabricado em vidro resistente, este copo n\u00e3o s\u00f3 \u00e9 ideal para desfrutar de um shot, como tamb\u00e9m serve como um espetacular objeto decorativo. Perfeito para qualquer cole\u00e7\u00e3o de souvenirs de Barcelona, \u00e9 um presente ideal para turistas que procuram uma recorda\u00e7\u00e3o aut\u00eantica e representativa da cidade. Na Ol\u00e9 Mosaic, como distribuidores de souvenirs por grosso, oferecemos este copo como uma excelente op\u00e7\u00e3o para lojas de presentes tur\u00edsticos, assegurando que cada pe\u00e7a combine qualidade, arte e significado cultural num s\u00f3 artigo, tornando-o um imprescind\u00edvel para quem visita Barcelona.<\/p>\n","protected":false},"excerpt":{"rendered":"<p>Copo de shot de vidro com uma colorida panor\u00e2mica de Barcelona. Este design vibrante apresenta elementos ic\u00f3nicos como o Monumento a Colombo e palmeiras decorativas, tudo com um estilo que recorda os mosaicos de Gaud\u00ed. O copo, de vidro resistente, destaca-se pelo seu acabamento detalhado e pelas suas cores vivas, que capturam a ess\u00eancia da cidade. Ideal para desfrutar de um shot enquanto recorda os encantos de Barcelona.<\/p>\n","protected":false},"featured_media":7495,"template":"","meta":{"_acf_changed":false},"product_brand":[],"product_cat":[815],"product_tag":[],"class_list":{"0":"post-35156","1":"product","2":"type-product","3":"status-publish","4":"has-post-thumbnail","6":"product_cat-copos-de-shot","7":"pa_ciudad-barcelona","8":"pa_motivo-panoramas","9":"pa_pais-espana","11":"first","12":"instock","13":"shipping-taxable","14":"product-type-simple"},"acf":[],"_links":{"self":[{"href":"https:\/\/olemosaic.orbitalia.org\/pt-pt\/wp-json\/wp\/v2\/product\/35156","targetHints":{"allow":["GET"]}}],"collection":[{"href":"https:\/\/olemosaic.orbitalia.org\/pt-pt\/wp-json\/wp\/v2\/product"}],"about":[{"href":"https:\/\/olemosaic.orbitalia.org\/pt-pt\/wp-json\/wp\/v2\/types\/product"}],"wp:featuredmedia":[{"embeddable":true,"href":"https:\/\/olemosaic.orbitalia.org\/pt-pt\/wp-json\/wp\/v2\/media\/7495"}],"wp:attachment":[{"href":"https:\/\/olemosaic.orbitalia.org\/pt-pt\/wp-json\/wp\/v2\/media?parent=35156"}],"wp:term":[{"taxonomy":"product_brand","embeddable":true,"href":"https:\/\/olemosaic.orbitalia.org\/pt-pt\/wp-json\/wp\/v2\/product_brand?post=35156"},{"taxonomy":"product_cat","embeddable":true,"href":"https:\/\/olemosaic.orbitalia.org\/pt-pt\/wp-json\/wp\/v2\/product_cat?post=35156"},{"taxonomy":"product_tag","embeddable":true,"href":"https:\/\/olemosaic.orbitalia.org\/pt-pt\/wp-json\/wp\/v2\/product_tag?post=35156"}],"curies":[{"name":"wp","href":"https:\/\/api.w.org\/{rel}","templated":true}]}}