{"id":35137,"date":"2025-02-20T22:34:46","date_gmt":"2025-02-20T22:34:46","guid":{"rendered":"https:\/\/olemosaic.orbitalia.org\/producto\/vaso-de-chupito-de-ceramica-toro-beige\/"},"modified":"2025-07-25T20:21:18","modified_gmt":"2025-07-25T18:21:18","slug":"copo-de-shot-de-ceramica-touro-bege","status":"publish","type":"product","link":"https:\/\/olemosaic.orbitalia.org\/pt-pt\/produto\/copo-de-shot-de-ceramica-touro-bege\/","title":{"rendered":"Copo de shot de cer\u00e2mica. Touro. Bege."},"content":{"rendered":"<p>Este copinho de shot de cer\u00e2mica, decorado com um vibrante design de touros, \u00e9 um aut\u00eantico souvenir que captura a ess\u00eancia da cultura espanhola. Com um acabamento num suave tom bege, o copo apresenta uma colorida ilustra\u00e7\u00e3o de um touro adornado com intrincados motivos de mosaico em tonalidades verdes, azuis e vermelhas, que se destacam sobre um fundo de flores vermelhas, evocando a rica tradi\u00e7\u00e3o art\u00edstica de Espanha. A borda preta proporciona um elegante contraste, enquanto a palavra &#8220;Espa\u00f1a&#8221; \u00e9 impressa de forma clara, ligando ainda mais este produto \u00e0 sua heran\u00e7a cultural.<\/p>\n<p>O design do copo n\u00e3o s\u00f3 o torna num objeto funcional para desfrutar de um shot, como tamb\u00e9m funciona como um encantador elemento decorativo que alegrar\u00e1 qualquer espa\u00e7o. O touro, s\u00edmbolo ic\u00f3nico da hist\u00f3ria e da cultura espanhola, representa a valentia e a paix\u00e3o desta na\u00e7\u00e3o, consolidando a sua relev\u00e2ncia como uma recorda\u00e7\u00e3o significativa para turistas e visitantes.<\/p>\n<p>Na Ol\u00e9 Mosaic, somos especialistas na distribui\u00e7\u00e3o de souvenirs por grosso, e este copinho de shot de cer\u00e2mica \u00e9 uma op\u00e7\u00e3o ideal para lojas de presentes tur\u00edsticos que procuram produtos \u00fanicos e aut\u00eanticos. Com este copo, os clientes podem levar um pedacinho de Espanha e da sua rica cultura, tornando-o num souvenir imprescind\u00edvel na sua experi\u00eancia de viagem.<\/p>\n","protected":false},"excerpt":{"rendered":"<p>Copo de shot de cer\u00e2mica com um design colorido de touros, um s\u00edmbolo ic\u00f3nico de Espanha. Este copo bege apresenta uma vibrante ilustra\u00e7\u00e3o de um touro decorado com motivos de mosaico em tons verdes, azuis e vermelhos, sobre um fundo de flores vermelhas. O acabamento inclui uma borda preta e a palavra &#8220;Espa\u00f1a&#8221; impressa em letras claras, lo que ressalta a sua liga\u00e7\u00e3o cultural. Ideal para desfrutar de um shot ou como um bonito detalhe decorativo.<\/p>\n","protected":false},"featured_media":7026,"template":"","meta":{"_acf_changed":false},"product_brand":[],"product_cat":[815],"product_tag":[516,515],"class_list":{"0":"post-35137","1":"product","2":"type-product","3":"status-publish","4":"has-post-thumbnail","6":"product_cat-copos-de-shot","7":"product_tag-animais","8":"product_tag-ceramica","9":"pa_motivo-touros","11":"first","12":"instock","13":"shipping-taxable","14":"product-type-simple"},"acf":[],"_links":{"self":[{"href":"https:\/\/olemosaic.orbitalia.org\/pt-pt\/wp-json\/wp\/v2\/product\/35137","targetHints":{"allow":["GET"]}}],"collection":[{"href":"https:\/\/olemosaic.orbitalia.org\/pt-pt\/wp-json\/wp\/v2\/product"}],"about":[{"href":"https:\/\/olemosaic.orbitalia.org\/pt-pt\/wp-json\/wp\/v2\/types\/product"}],"wp:featuredmedia":[{"embeddable":true,"href":"https:\/\/olemosaic.orbitalia.org\/pt-pt\/wp-json\/wp\/v2\/media\/7026"}],"wp:attachment":[{"href":"https:\/\/olemosaic.orbitalia.org\/pt-pt\/wp-json\/wp\/v2\/media?parent=35137"}],"wp:term":[{"taxonomy":"product_brand","embeddable":true,"href":"https:\/\/olemosaic.orbitalia.org\/pt-pt\/wp-json\/wp\/v2\/product_brand?post=35137"},{"taxonomy":"product_cat","embeddable":true,"href":"https:\/\/olemosaic.orbitalia.org\/pt-pt\/wp-json\/wp\/v2\/product_cat?post=35137"},{"taxonomy":"product_tag","embeddable":true,"href":"https:\/\/olemosaic.orbitalia.org\/pt-pt\/wp-json\/wp\/v2\/product_tag?post=35137"}],"curies":[{"name":"wp","href":"https:\/\/api.w.org\/{rel}","templated":true}]}}