{"id":35135,"date":"2025-02-20T23:34:45","date_gmt":"2025-02-20T22:34:45","guid":{"rendered":"https:\/\/olemosaic.orbitalia.org\/producto\/vaso-de-chupito-de-ceramica-patio-blanco\/"},"modified":"2025-07-25T19:03:50","modified_gmt":"2025-07-25T17:03:50","slug":"copo-de-shot-de-ceramica-patio-branco","status":"publish","type":"product","link":"https:\/\/olemosaic.orbitalia.org\/pt-pt\/produto\/copo-de-shot-de-ceramica-patio-branco\/","title":{"rendered":"Copo de shot de cer\u00e2mica. P\u00e1tio. Branco."},"content":{"rendered":"<p>Este copo de shot de cer\u00e2mica, pintado \u00e0 m\u00e3o, \u00e9 uma aut\u00eantica joia que captura a ess\u00eancia do alegre folclore espanhol, tornando-se uma recorda\u00e7\u00e3o perfeita para quem visita Espanha. Desenhado com um motivo vibrante e colorido que representa um pitoresco p\u00e1tio andaluz, este copo exibe diversos elementos culturais: uma bailarina com o seu caracter\u00edstico vestido vermelho de bolas, um guitarrista e um ambiente que reflete o calor dos dias ensolarados da Andaluzia. Os detalhes art\u00edsticos, como os vasos repletos de flores e os candeeiros que iluminam a cena, evocam a atmosfera festiva t\u00edpica dos p\u00e1tios espanh\u00f3is.<\/p>\n<p>O interior do copo, numa atraente cor laranja, contrasta com as ilustra\u00e7\u00f5es externas, real\u00e7ando a beleza de cada design. Este copo n\u00e3o \u00e9 apenas funcional, mas tamb\u00e9m serve como uma recorda\u00e7\u00e3o significativa que real\u00e7a a rica heran\u00e7a cultural da regi\u00e3o. Ideal para desfrutar de bebidas e celebrar momentos especiais, este copo de shot \u00e9 um essencial para quem deseja levar para casa um peda\u00e7o da tradi\u00e7\u00e3o espanhola.<\/p>\n<p>Na Ol\u00e9 Mosaic, como distribuidores de cer\u00e2mica por grosso, oferecemos produtos aut\u00eanticos que celebram o esp\u00edrito de Espanha. Este copo \u00e9 uma excelente op\u00e7\u00e3o para lojas de presentes tur\u00edsticos que procuram oferecer souvenirs \u00fanicos e de qualidade, perfeitos para recordar a vivacidade e o encanto dos costumes espanh\u00f3is.<\/p>\n","protected":false},"excerpt":{"rendered":"<p>Copo de shot de cer\u00e2mica com design artesanal, pintado \u00e0 m\u00e3o, inspirado no alegre ambiente do folclore espanhol. Este colorido copo apresenta ilustra\u00e7\u00f5es que evocam um vibrante p\u00e1tio andaluz, com uma bailarina vestida de vermelho com bolas, acompanhada por um guitarrista e elementos decorativos como vasos com flores. O seu interior laranja real\u00e7a os motivos exteriores, oferecendo uma pe\u00e7a \u00fanica e encantadora para desfrutar das suas bebidas.<\/p>\n","protected":false},"featured_media":8407,"template":"","meta":{"_acf_changed":false},"product_brand":[],"product_cat":[815],"product_tag":[515],"class_list":{"0":"post-35135","1":"product","2":"type-product","3":"status-publish","4":"has-post-thumbnail","6":"product_cat-copos-de-shot","7":"product_tag-ceramica","8":"pa_motivo-patios","10":"first","11":"instock","12":"shipping-taxable","13":"product-type-simple"},"acf":[],"_links":{"self":[{"href":"https:\/\/olemosaic.orbitalia.org\/pt-pt\/wp-json\/wp\/v2\/product\/35135","targetHints":{"allow":["GET"]}}],"collection":[{"href":"https:\/\/olemosaic.orbitalia.org\/pt-pt\/wp-json\/wp\/v2\/product"}],"about":[{"href":"https:\/\/olemosaic.orbitalia.org\/pt-pt\/wp-json\/wp\/v2\/types\/product"}],"wp:featuredmedia":[{"embeddable":true,"href":"https:\/\/olemosaic.orbitalia.org\/pt-pt\/wp-json\/wp\/v2\/media\/8407"}],"wp:attachment":[{"href":"https:\/\/olemosaic.orbitalia.org\/pt-pt\/wp-json\/wp\/v2\/media?parent=35135"}],"wp:term":[{"taxonomy":"product_brand","embeddable":true,"href":"https:\/\/olemosaic.orbitalia.org\/pt-pt\/wp-json\/wp\/v2\/product_brand?post=35135"},{"taxonomy":"product_cat","embeddable":true,"href":"https:\/\/olemosaic.orbitalia.org\/pt-pt\/wp-json\/wp\/v2\/product_cat?post=35135"},{"taxonomy":"product_tag","embeddable":true,"href":"https:\/\/olemosaic.orbitalia.org\/pt-pt\/wp-json\/wp\/v2\/product_tag?post=35135"}],"curies":[{"name":"wp","href":"https:\/\/api.w.org\/{rel}","templated":true}]}}