{"id":35126,"date":"2025-02-20T22:34:45","date_gmt":"2025-02-20T22:34:45","guid":{"rendered":"https:\/\/olemosaic.orbitalia.org\/producto\/vaso-de-chupito-de-ceramica-gallos-blanco\/"},"modified":"2025-07-25T20:17:58","modified_gmt":"2025-07-25T18:17:58","slug":"copo-de-shot-de-ceramica-galos-branco","status":"publish","type":"product","link":"https:\/\/olemosaic.orbitalia.org\/pt-pt\/produto\/copo-de-shot-de-ceramica-galos-branco\/","title":{"rendered":"Copo de shot de cer\u00e2mica. Galos. Branco."},"content":{"rendered":"<p>Este copo de shot de cer\u00e2mica \u00e9 uma bela representa\u00e7\u00e3o da tradi\u00e7\u00e3o cultural espanhola. O seu vibrante design de galos acrescenta um toque festivo a qualquer celebra\u00e7\u00e3o. Com a sua base branca, o copo destaca-se por um galo decorado em cores vivas, predominantemente vermelho e preto, que se complementa com chamativos detalhes de cora\u00e7\u00f5es e um fundo alegre, cheio de motivos florais em tons de azul e amarelo. O interior colorido e o acabamento brilhante tornam-no atraente \u00e0 vista, al\u00e9m de ser um elemento funcional para degustar shots com amigos e familiares.<\/p>\n<p>Este copo de shot n\u00e3o \u00e9 apenas um utens\u00edlio divertido para as suas celebra\u00e7\u00f5es, mas tamb\u00e9m um souvenir perfeito que evoca o folclore espanhol, representando uma das figuras mais ic\u00f3nicas da cultura popular. A imagem do galo est\u00e1 associada \u00e0 alegria e \u00e0 boa sorte, pelo que este objeto \u00e9 uma recorda\u00e7\u00e3o simb\u00f3lica e ideal para quem procura capturar a ess\u00eancia de Espanha no seu lar.<\/p>\n<p>Na Ol\u00e9 Mosaic somos especialistas na distribui\u00e7\u00e3o de souvenirs por grosso, e este copo de shot de cer\u00e2mica \u00e9 uma excelente op\u00e7\u00e3o para lojas de presentes tur\u00edsticos que procuram adicionar produtos aut\u00eanticos e cheios de significado ao seu cat\u00e1logo. A sua relev\u00e2ncia cultural e o seu apelo visual tornam-no uma escolha ideal para turistas que desejam levar consigo um pouco do esp\u00edrito festivo de Espanha.<\/p>\n","protected":false},"excerpt":{"rendered":"<p>Copo de shot de cer\u00e2mica com um vibrante design de galos, ideal para dar um toque festivo a qualquer celebra\u00e7\u00e3o. Este copo destaca-se pela sua base branca decorada com motivos florais e um galo em cores vivas, real\u00e7ando o vermelho e o preto, com detalhes de cora\u00e7\u00f5es e um fundo alegre. Com um acabamento brilhante e um interior colorido, \u00e9 um souvenir perfeito que evoca a tradi\u00e7\u00e3o e a cultura espanhola, ideal para degustar shots ou como pe\u00e7a decorativa.<\/p>\n","protected":false},"featured_media":8925,"template":"","meta":{"_acf_changed":false},"product_brand":[],"product_cat":[815],"product_tag":[516,515],"class_list":{"0":"post-35126","1":"product","2":"type-product","3":"status-publish","4":"has-post-thumbnail","6":"product_cat-copos-de-shot","7":"product_tag-animais","8":"product_tag-ceramica","9":"pa_motivo-galos","11":"first","12":"instock","13":"shipping-taxable","14":"product-type-simple"},"acf":[],"_links":{"self":[{"href":"https:\/\/olemosaic.orbitalia.org\/pt-pt\/wp-json\/wp\/v2\/product\/35126","targetHints":{"allow":["GET"]}}],"collection":[{"href":"https:\/\/olemosaic.orbitalia.org\/pt-pt\/wp-json\/wp\/v2\/product"}],"about":[{"href":"https:\/\/olemosaic.orbitalia.org\/pt-pt\/wp-json\/wp\/v2\/types\/product"}],"wp:featuredmedia":[{"embeddable":true,"href":"https:\/\/olemosaic.orbitalia.org\/pt-pt\/wp-json\/wp\/v2\/media\/8925"}],"wp:attachment":[{"href":"https:\/\/olemosaic.orbitalia.org\/pt-pt\/wp-json\/wp\/v2\/media?parent=35126"}],"wp:term":[{"taxonomy":"product_brand","embeddable":true,"href":"https:\/\/olemosaic.orbitalia.org\/pt-pt\/wp-json\/wp\/v2\/product_brand?post=35126"},{"taxonomy":"product_cat","embeddable":true,"href":"https:\/\/olemosaic.orbitalia.org\/pt-pt\/wp-json\/wp\/v2\/product_cat?post=35126"},{"taxonomy":"product_tag","embeddable":true,"href":"https:\/\/olemosaic.orbitalia.org\/pt-pt\/wp-json\/wp\/v2\/product_tag?post=35126"}],"curies":[{"name":"wp","href":"https:\/\/api.w.org\/{rel}","templated":true}]}}