{"id":35124,"date":"2025-02-20T23:34:44","date_gmt":"2025-02-20T22:34:44","guid":{"rendered":"https:\/\/olemosaic.orbitalia.org\/producto\/vaso-de-chupito-de-ceramica-bailaora-beige-2\/"},"modified":"2025-07-25T19:03:36","modified_gmt":"2025-07-25T17:03:36","slug":"copo-de-shot-de-ceramica-bailarina-bege-2","status":"publish","type":"product","link":"https:\/\/olemosaic.orbitalia.org\/pt-pt\/produto\/copo-de-shot-de-ceramica-bailarina-bege-2\/","title":{"rendered":"Copo de shot de cer\u00e2mica. Bailarina. Bege. Espanha."},"content":{"rendered":"<p>Este copinho de shot de cer\u00e2mica \u00e9 uma aut\u00eantica joia do folclore espanhol, ideal para quem procura uma lembran\u00e7a representativa da sua visita a Espanha. Decorado com uma vibrante bailarina vestida com um cativante fato vermelho e branco, este copo captura a ess\u00eancia do flamenco em cada detalhe. O contraste com o fundo bege real\u00e7a a figura din\u00e2mica da bailarina, que, em pleno movimento, emana alegria e vivacidade, tornando este copo n\u00e3o s\u00f3 funcional, mas tamb\u00e9m uma pe\u00e7a decorativa cheia de cor e energia.<\/p>\n<p>A bailarina, com o seu caracter\u00edstico vestido de folhos, \u00e9 acompanhada por um fundo festivo e pela palavra \u201cESPA\u00d1A\u201d em letras coloridas, evocando a paix\u00e3o e a arte que caracterizam a cultura espanhola. Cada gole neste copinho de shot torna-se uma celebra\u00e7\u00e3o da tradi\u00e7\u00e3o flamenca, transformando-o numa excelente op\u00e7\u00e3o para desfrutar das suas bebidas e partilhar momentos inesquec\u00edveis com amigos e fam\u00edlia.<\/p>\n<p>Na Ol\u00e9 Mosaic, como distribuidores de souvenirs de cer\u00e2mica, oferecemos produtos aut\u00eanticos que refletem a cultura de Espanha, e este copinho de shot \u00e9 um excelente exemplo disso. Perfeito para lojas de presentes tur\u00edsticos, este copo n\u00e3o \u00e9 apenas uma recorda\u00e7\u00e3o da sua viagem, mas uma pe\u00e7a que permite partilhar a rica heran\u00e7a cultural espanhola com todos.<\/p>\n","protected":false},"excerpt":{"rendered":"<p>Copo de shot de cer\u00e2mica decorado com uma bailarina vestida com um vibrante fato vermelho e branco, que representa o esp\u00edrito do flamenco. Com um fundo bege e detalhes vermelhos, este copo exibe a palavra &#8220;ESPA\u00d1A&#8221; em cores, acrescentando um toque cultural e festivo. Ideal para desfrutar das suas bebidas, \u00e9 uma pe\u00e7a aut\u00eantica que captura a ess\u00eancia do folclore espanhol em cada gole.<\/p>\n","protected":false},"featured_media":7051,"template":"","meta":{"_acf_changed":false},"product_brand":[],"product_cat":[815],"product_tag":[515],"class_list":{"0":"post-35124","1":"product","2":"type-product","3":"status-publish","4":"has-post-thumbnail","6":"product_cat-copos-de-shot","7":"product_tag-ceramica","8":"pa_motivo-dancarinos","10":"first","11":"instock","12":"shipping-taxable","13":"product-type-simple"},"acf":[],"_links":{"self":[{"href":"https:\/\/olemosaic.orbitalia.org\/pt-pt\/wp-json\/wp\/v2\/product\/35124","targetHints":{"allow":["GET"]}}],"collection":[{"href":"https:\/\/olemosaic.orbitalia.org\/pt-pt\/wp-json\/wp\/v2\/product"}],"about":[{"href":"https:\/\/olemosaic.orbitalia.org\/pt-pt\/wp-json\/wp\/v2\/types\/product"}],"wp:featuredmedia":[{"embeddable":true,"href":"https:\/\/olemosaic.orbitalia.org\/pt-pt\/wp-json\/wp\/v2\/media\/7051"}],"wp:attachment":[{"href":"https:\/\/olemosaic.orbitalia.org\/pt-pt\/wp-json\/wp\/v2\/media?parent=35124"}],"wp:term":[{"taxonomy":"product_brand","embeddable":true,"href":"https:\/\/olemosaic.orbitalia.org\/pt-pt\/wp-json\/wp\/v2\/product_brand?post=35124"},{"taxonomy":"product_cat","embeddable":true,"href":"https:\/\/olemosaic.orbitalia.org\/pt-pt\/wp-json\/wp\/v2\/product_cat?post=35124"},{"taxonomy":"product_tag","embeddable":true,"href":"https:\/\/olemosaic.orbitalia.org\/pt-pt\/wp-json\/wp\/v2\/product_tag?post=35124"}],"curies":[{"name":"wp","href":"https:\/\/api.w.org\/{rel}","templated":true}]}}