{"id":35062,"date":"2025-02-20T23:34:42","date_gmt":"2025-02-20T22:34:42","guid":{"rendered":"https:\/\/olemosaic.orbitalia.org\/producto\/vaso-de-chupito-de-ceramica-bogavante-blanco\/"},"modified":"2025-07-25T18:45:40","modified_gmt":"2025-07-25T16:45:40","slug":"copo-de-shot-de-ceramica-lavagante-branco","status":"publish","type":"product","link":"https:\/\/olemosaic.orbitalia.org\/pt-pt\/produto\/copo-de-shot-de-ceramica-lavagante-branco\/","title":{"rendered":"Copo de shot de cer\u00e2mica. Lavagante. Branco."},"content":{"rendered":"<p>Este copinho de shot de cer\u00e2mica, decorado com vibrantes lavagantes, \u00e9 uma homenagem \u00e0 rica tradi\u00e7\u00e3o gastron\u00f3mica marinha da costa espanhola. Com um fundo branco adornado com intrincados detalhes azulados, o copo apresenta um design alegre e colorido que capta a ess\u00eancia do litoral e das suas iguarias. Os lavagantes, pintados \u00e0 m\u00e3o com tonalidades vivas como o vermelho, amarelo e verde, evocam a frescura do mar e a alegria de desfrutar de umas boas bebidas em companhia.<\/p>\n<p>O interior do copo \u00e9 de um vermelho brilhante, criando um contraste perfeito com o exterior, lo que acrescenta um toque de sofistica\u00e7\u00e3o e festividade a qualquer mesa. Este copinho n\u00e3o s\u00f3 \u00e9 ideal para desfrutar de um shot em celebra\u00e7\u00f5es e reuni\u00f5es, como tamb\u00e9m atua como um precioso objeto decorativo que recorda aos visitantes a cultura culin\u00e1ria da regi\u00e3o.<\/p>\n<p>Como um aut\u00eantico souvenir, este copinho de shot simboliza a liga\u00e7\u00e3o com as tradi\u00e7\u00f5es marinheiras, tornando-se uma recorda\u00e7\u00e3o representativa das excurs\u00f5es pela costa. Na Ol\u00e9 Mosaic, como grossista de artigos de cer\u00e2mica, oferecemos produtos que n\u00e3o s\u00f3 s\u00e3o funcionais, como tamb\u00e9m celebram a riqueza cultural de Espanha. Este copinho de lavagantes \u00e9 uma op\u00e7\u00e3o perfeita para lojas de presentes tur\u00edsticos que procuram proporcionar aos seus clientes souvenirs aut\u00eanticos e de alta qualidade.<\/p>\n","protected":false},"excerpt":{"rendered":"<p>Copo de shot de cer\u00e2mica decorado com alegres lavagantes, que evocam a rica gastronomia marinha da regi\u00e3o. Este design encantador apresenta um fundo branco com detalhes azulados e um interior vermelho brilhante. Os lavagantes, pintados \u00e0 m\u00e3o com cores vivas, captam a ess\u00eancia do mar e a tradi\u00e7\u00e3o culin\u00e1ria. Ideal para desfrutar de um shot em qualquer celebra\u00e7\u00e3o, evocando a costa e as suas iguarias.<\/p>\n","protected":false},"featured_media":9474,"template":"","meta":{"_acf_changed":false},"product_brand":[],"product_cat":[815],"product_tag":[516,515],"class_list":{"0":"post-35062","1":"product","2":"type-product","3":"status-publish","4":"has-post-thumbnail","6":"product_cat-copos-de-shot","7":"product_tag-animais","8":"product_tag-ceramica","9":"pa_motivo-lavagantes","11":"first","12":"instock","13":"shipping-taxable","14":"product-type-simple"},"acf":[],"_links":{"self":[{"href":"https:\/\/olemosaic.orbitalia.org\/pt-pt\/wp-json\/wp\/v2\/product\/35062","targetHints":{"allow":["GET"]}}],"collection":[{"href":"https:\/\/olemosaic.orbitalia.org\/pt-pt\/wp-json\/wp\/v2\/product"}],"about":[{"href":"https:\/\/olemosaic.orbitalia.org\/pt-pt\/wp-json\/wp\/v2\/types\/product"}],"wp:featuredmedia":[{"embeddable":true,"href":"https:\/\/olemosaic.orbitalia.org\/pt-pt\/wp-json\/wp\/v2\/media\/9474"}],"wp:attachment":[{"href":"https:\/\/olemosaic.orbitalia.org\/pt-pt\/wp-json\/wp\/v2\/media?parent=35062"}],"wp:term":[{"taxonomy":"product_brand","embeddable":true,"href":"https:\/\/olemosaic.orbitalia.org\/pt-pt\/wp-json\/wp\/v2\/product_brand?post=35062"},{"taxonomy":"product_cat","embeddable":true,"href":"https:\/\/olemosaic.orbitalia.org\/pt-pt\/wp-json\/wp\/v2\/product_cat?post=35062"},{"taxonomy":"product_tag","embeddable":true,"href":"https:\/\/olemosaic.orbitalia.org\/pt-pt\/wp-json\/wp\/v2\/product_tag?post=35062"}],"curies":[{"name":"wp","href":"https:\/\/api.w.org\/{rel}","templated":true}]}}