{"id":34989,"date":"2025-02-20T23:34:39","date_gmt":"2025-02-20T22:34:39","guid":{"rendered":"https:\/\/olemosaic.orbitalia.org\/producto\/vaso-de-chupito-de-ceramica-alicatado-blanco-3\/"},"modified":"2025-07-25T18:46:26","modified_gmt":"2025-07-25T16:46:26","slug":"copo-de-shot-de-ceramica-alicatado-branco-3","status":"publish","type":"product","link":"https:\/\/olemosaic.orbitalia.org\/pt-pt\/produto\/copo-de-shot-de-ceramica-alicatado-branco-3\/","title":{"rendered":"Copo de shot de cer\u00e2mica. Alicatado. Fundo branco. Espanha."},"content":{"rendered":"<p>Este copo de shot de cer\u00e2mica alicatada \u00e9 um detalhe ideal para quem procura uma recorda\u00e7\u00e3o aut\u00eantica de Espanha. O seu design vibrante destaca-se por um colorido motivo geom\u00e9trico que combina formas em branco, azul, vermelho, verde e preto, evocando a rica tradi\u00e7\u00e3o da cer\u00e2mica espanhola. Na parte superior, o acabamento em vermelho intenso confere um toque de eleg\u00e2ncia, enquanto a base \u00e9 adornada com uma delicada faixa de padr\u00f5es de estrelas, que complementam de forma harmoniosa o design geral do copo.<\/p>\n<p>Feito com cer\u00e2mica de alta qualidade, este copo n\u00e3o \u00e9 apenas funcional, mas tamb\u00e9m uma express\u00e3o art\u00edstica da cultura local, perfeito para servir bebidas em diversas ocasi\u00f5es, desde celebra\u00e7\u00f5es festivas a jantares informais. As cores vivas e as formas entrela\u00e7adas evocam o calor e a festividade que caracterizam muitas regi\u00f5es de Espanha, tornando-o um souvenir ideal para turistas interessados em levar um peda\u00e7o da autenticidade espanhola.<\/p>\n<p>Na Ol\u00e9 Mosaic, o nosso compromisso \u00e9 oferecer souvenirs de cer\u00e2mica por grosso que reflitam a ess\u00eancia da sua origem. Este copo de shot \u00e9 uma excelente op\u00e7\u00e3o para lojas de presentes tur\u00edsticos que desejem oferecer produtos funcionais com um contexto cultural significativo. Ideal para quem procura recordar a sua experi\u00eancia em Espanha com um produto que represente a sua vibrante tradi\u00e7\u00e3o artesanal.<\/p>\n","protected":false},"excerpt":{"rendered":"<p>Copo de shot de cer\u00e2mica alicatada, ideal para servir bebidas em qualquer ocasi\u00e3o. Este design destaca-se pelo seu colorido motivo geom\u00e9trico, com formas em branco, azul, vermelho, verde e preto, que evocam a rica tradi\u00e7\u00e3o artesanal da cer\u00e2mica espanhola. A parte superior apresenta um acabamento em vermelho vibrante, enquanto a base est\u00e1 adornada com uma elegante faixa de estrelas. Perfeito para quem procura uma recorda\u00e7\u00e3o aut\u00eantica de Espanha.<\/p>\n","protected":false},"featured_media":8449,"template":"","meta":{"_acf_changed":false},"product_brand":[],"product_cat":[815],"product_tag":[515],"class_list":{"0":"post-34989","1":"product","2":"type-product","3":"status-publish","4":"has-post-thumbnail","6":"product_cat-copos-de-shot","7":"product_tag-ceramica","8":"pa_motivo-ladrilho","10":"first","11":"instock","12":"shipping-taxable","13":"product-type-simple"},"acf":[],"_links":{"self":[{"href":"https:\/\/olemosaic.orbitalia.org\/pt-pt\/wp-json\/wp\/v2\/product\/34989","targetHints":{"allow":["GET"]}}],"collection":[{"href":"https:\/\/olemosaic.orbitalia.org\/pt-pt\/wp-json\/wp\/v2\/product"}],"about":[{"href":"https:\/\/olemosaic.orbitalia.org\/pt-pt\/wp-json\/wp\/v2\/types\/product"}],"wp:featuredmedia":[{"embeddable":true,"href":"https:\/\/olemosaic.orbitalia.org\/pt-pt\/wp-json\/wp\/v2\/media\/8449"}],"wp:attachment":[{"href":"https:\/\/olemosaic.orbitalia.org\/pt-pt\/wp-json\/wp\/v2\/media?parent=34989"}],"wp:term":[{"taxonomy":"product_brand","embeddable":true,"href":"https:\/\/olemosaic.orbitalia.org\/pt-pt\/wp-json\/wp\/v2\/product_brand?post=34989"},{"taxonomy":"product_cat","embeddable":true,"href":"https:\/\/olemosaic.orbitalia.org\/pt-pt\/wp-json\/wp\/v2\/product_cat?post=34989"},{"taxonomy":"product_tag","embeddable":true,"href":"https:\/\/olemosaic.orbitalia.org\/pt-pt\/wp-json\/wp\/v2\/product_tag?post=34989"}],"curies":[{"name":"wp","href":"https:\/\/api.w.org\/{rel}","templated":true}]}}