{"id":34948,"date":"2025-02-20T23:34:38","date_gmt":"2025-02-20T22:34:38","guid":{"rendered":"https:\/\/olemosaic.orbitalia.org\/producto\/vaso-de-ceramica-salamandra-y-flores-blanco\/"},"modified":"2025-07-25T18:43:10","modified_gmt":"2025-07-25T16:43:10","slug":"copo-de-ceramica-salamandra-e-flores-branco","status":"publish","type":"product","link":"https:\/\/olemosaic.orbitalia.org\/pt-pt\/produto\/copo-de-ceramica-salamandra-e-flores-branco\/","title":{"rendered":"Copo de cer\u00e2mica. Salamandra e flores. Branco."},"content":{"rendered":"<p>Este copo de cer\u00e2mica destaca-se pelo seu design vibrante, que incorpora salamandras e flores, evocando a ess\u00eancia da arte e da natureza espanholas. Com um acabamento em mosaico, este recipiente apresenta uma base branca que real\u00e7a as suas ilustra\u00e7\u00f5es detalhadas em tons multicoloridos, jogando com uma paleta que recorda o calor do sol espanhol. A parte superior, de uma atraente cor azul, complementa as cores vivas das salamandras, criando um contraste marcante que n\u00e3o passa despercebido. Cada copo \u00e9 pintado \u00e0 m\u00e3o, pelo que n\u00e3o \u00e9 apenas um objeto funcional, mas tamb\u00e9m uma obra de arte que reflete a destreza dos artes\u00e3os locais.<\/p>\n<p>A salamandra, s\u00edmbolo de renova\u00e7\u00e3o e transforma\u00e7\u00e3o em diversas culturas, juntamente com as flores estilizadas, representa a profunda liga\u00e7\u00e3o da cer\u00e2mica espanhola com a natureza e o folclore do pa\u00eds. Este copo \u00e9 uma recorda\u00e7\u00e3o \u00fanica que encapsula a rica heran\u00e7a cultural espanhola, oferecendo aos turistas um peda\u00e7o aut\u00eantico da sua viagem a Espanha. \u00c9 uma excelente op\u00e7\u00e3o para quem procura souvenirs de cer\u00e2mica que sejam pr\u00e1ticos e, ao mesmo tempo, repletos de hist\u00f3ria e beleza.<\/p>\n<p>Na Ol\u00e9 Mosaic, distribu\u00edmos cer\u00e2mica artesanal por grosso, e este copo \u00e9 uma excelente adi\u00e7\u00e3o para lojas de presentes tur\u00edsticos que desejem oferecer produtos aut\u00eanticos e visualmente cativantes. Com este copo de salamandras e flores, os turistas poder\u00e3o levar uma recorda\u00e7\u00e3o que celebra a riqueza cultural de Espanha.<\/p>\n","protected":false},"excerpt":{"rendered":"<p>Copo de cer\u00e2mica em tons brancos, adornado com um design vibrante de salamandras e flores. Este recipiente apresenta um acabamento em mosaico, conseguido atrav\u00e9s de uma t\u00e9cnica de design artesanal, pintado \u00e0 m\u00e3o, que real\u00e7a o seu colorido e detalhe. A parte superior \u00e9 de uma atraente cor azul, que complementa as ilustra\u00e7\u00f5es de salamandras multicoloridas e flores estilizadas. Ideal para os amantes da cer\u00e2mica artesanal e uma recorda\u00e7\u00e3o encantadora da cultura espanhola.<\/p>\n","protected":false},"featured_media":8341,"template":"","meta":{"_acf_changed":false},"product_brand":[],"product_cat":[828],"product_tag":[516,515],"class_list":{"0":"post-34948","1":"product","2":"type-product","3":"status-publish","4":"has-post-thumbnail","6":"product_cat-copos","7":"product_tag-animais","8":"product_tag-ceramica","9":"pa_motivo-salamandras","11":"first","12":"instock","13":"shipping-taxable","14":"product-type-simple"},"acf":[],"_links":{"self":[{"href":"https:\/\/olemosaic.orbitalia.org\/pt-pt\/wp-json\/wp\/v2\/product\/34948","targetHints":{"allow":["GET"]}}],"collection":[{"href":"https:\/\/olemosaic.orbitalia.org\/pt-pt\/wp-json\/wp\/v2\/product"}],"about":[{"href":"https:\/\/olemosaic.orbitalia.org\/pt-pt\/wp-json\/wp\/v2\/types\/product"}],"wp:featuredmedia":[{"embeddable":true,"href":"https:\/\/olemosaic.orbitalia.org\/pt-pt\/wp-json\/wp\/v2\/media\/8341"}],"wp:attachment":[{"href":"https:\/\/olemosaic.orbitalia.org\/pt-pt\/wp-json\/wp\/v2\/media?parent=34948"}],"wp:term":[{"taxonomy":"product_brand","embeddable":true,"href":"https:\/\/olemosaic.orbitalia.org\/pt-pt\/wp-json\/wp\/v2\/product_brand?post=34948"},{"taxonomy":"product_cat","embeddable":true,"href":"https:\/\/olemosaic.orbitalia.org\/pt-pt\/wp-json\/wp\/v2\/product_cat?post=34948"},{"taxonomy":"product_tag","embeddable":true,"href":"https:\/\/olemosaic.orbitalia.org\/pt-pt\/wp-json\/wp\/v2\/product_tag?post=34948"}],"curies":[{"name":"wp","href":"https:\/\/api.w.org\/{rel}","templated":true}]}}