{"id":34946,"date":"2025-02-20T22:34:38","date_gmt":"2025-02-20T22:34:38","guid":{"rendered":"https:\/\/olemosaic.orbitalia.org\/producto\/vaso-de-ceramica-patio-blanco\/"},"modified":"2025-07-25T20:28:46","modified_gmt":"2025-07-25T18:28:46","slug":"copo-de-ceramica-patio-branco","status":"publish","type":"product","link":"https:\/\/olemosaic.orbitalia.org\/pt-pt\/produto\/copo-de-ceramica-patio-branco\/","title":{"rendered":"Copo de cer\u00e2mica. P\u00e1tio. Branco."},"content":{"rendered":"<p>Este copo de cer\u00e2mica decorado \u00e9 uma celebra\u00e7\u00e3o vibrante do esp\u00edrito andaluz, perfeito para quem procura uma recorda\u00e7\u00e3o aut\u00eantica de Espanha. Com o seu design colorido e alegre, apresenta uma bela ilustra\u00e7\u00e3o que capta a ess\u00eancia de um p\u00e1tio andaluz, adornado com motivos t\u00edpicos que evocam a cultura local. Desde a guitarra\u2026<\/p>\n<p>O copo mostra imagens v\u00edvidas de bailaores de flamenco, vestidos com trajes tradicionais que refletem a rica heran\u00e7a cultural da regi\u00e3o. Uma bailaora exibindo um vestido vermelho com folhos e um bailaor elegante, acompanhados de cadeiras coloridas e uma moldura de janela ornamentada, tudo rodeado de flores vermelhas exuberantes que adicionam um toque tropical e festivo. A cer\u00e2mica brilhante e polida n\u00e3o s\u00f3 embeleza o copo, como tamb\u00e9m o torna resistente e pr\u00e1tico para o uso di\u00e1rio.<\/p>\n<p>Complementado com uma pr\u00e1tica tampa vermelha, este copo \u00e9 perfeito para desfrutar das suas bebidas favoritas, enquanto mergulha na vibrante cultura da Andaluzia. Um souvenir ideal para turistas que desejam levar um peda\u00e7o de Espanha consigo. Na Ol\u00e9 Mosaic, oferecemos este copo como uma excelente op\u00e7\u00e3o para lojas de presentes tur\u00edsticos que procuram produtos aut\u00eanticos e culturalmente significativos. Como distribuidores de souvenirs, garantimos a qualidade e o design em cada um dos nossos artigos.<\/p>\n","protected":false},"excerpt":{"rendered":"<p>Copo de cer\u00e2mica decorado que capta a ess\u00eancia de um vibrante p\u00e1tio andaluz. Apresenta um design colorido com motivos t\u00edpicos, como uma guitarra, cadeiras alegres e bailarinos de flamenco, tudo rodeado de flores vermelhas. A cer\u00e2mica brilhante \u00e9 complementada por uma pr\u00e1tica tampa vermelha, ideal para desfrutar das suas bebidas favoritas enquanto transmite o esp\u00edrito festivo de Espanha. Um artigo perfeito para adicionar um toque de cultura ao seu dia a dia.<\/p>\n","protected":false},"featured_media":8404,"template":"","meta":{"_acf_changed":false},"product_brand":[],"product_cat":[828],"product_tag":[515],"class_list":{"0":"post-34946","1":"product","2":"type-product","3":"status-publish","4":"has-post-thumbnail","6":"product_cat-copos","7":"product_tag-ceramica","8":"pa_motivo-patios","10":"first","11":"instock","12":"shipping-taxable","13":"product-type-simple"},"acf":[],"_links":{"self":[{"href":"https:\/\/olemosaic.orbitalia.org\/pt-pt\/wp-json\/wp\/v2\/product\/34946","targetHints":{"allow":["GET"]}}],"collection":[{"href":"https:\/\/olemosaic.orbitalia.org\/pt-pt\/wp-json\/wp\/v2\/product"}],"about":[{"href":"https:\/\/olemosaic.orbitalia.org\/pt-pt\/wp-json\/wp\/v2\/types\/product"}],"wp:featuredmedia":[{"embeddable":true,"href":"https:\/\/olemosaic.orbitalia.org\/pt-pt\/wp-json\/wp\/v2\/media\/8404"}],"wp:attachment":[{"href":"https:\/\/olemosaic.orbitalia.org\/pt-pt\/wp-json\/wp\/v2\/media?parent=34946"}],"wp:term":[{"taxonomy":"product_brand","embeddable":true,"href":"https:\/\/olemosaic.orbitalia.org\/pt-pt\/wp-json\/wp\/v2\/product_brand?post=34946"},{"taxonomy":"product_cat","embeddable":true,"href":"https:\/\/olemosaic.orbitalia.org\/pt-pt\/wp-json\/wp\/v2\/product_cat?post=34946"},{"taxonomy":"product_tag","embeddable":true,"href":"https:\/\/olemosaic.orbitalia.org\/pt-pt\/wp-json\/wp\/v2\/product_tag?post=34946"}],"curies":[{"name":"wp","href":"https:\/\/api.w.org\/{rel}","templated":true}]}}