{"id":34945,"date":"2025-02-20T22:34:38","date_gmt":"2025-02-20T22:34:38","guid":{"rendered":"https:\/\/olemosaic.orbitalia.org\/producto\/vaso-de-ceramica-flores-blanco\/"},"modified":"2025-07-25T20:04:47","modified_gmt":"2025-07-25T18:04:47","slug":"copo-de-ceramica-flores-branco","status":"publish","type":"product","link":"https:\/\/olemosaic.orbitalia.org\/pt-pt\/produto\/copo-de-ceramica-flores-branco\/","title":{"rendered":"Copo de cer\u00e2mica. Flores. Branco."},"content":{"rendered":"<p>Este copo de cer\u00e2mica decorado \u00e9 uma aut\u00eantica joia da arte mediterr\u00e2nica, perfeito para quem procura uma recorda\u00e7\u00e3o vibrante e funcional de Espanha. Com um design inspirado nos tradicionais mosaicos da regi\u00e3o, o copo apresenta um fundo branco que real\u00e7a um banquete de cores, com tons brilhantes de vermelho, amarelo, azul e verde, evocando os caracter\u00edsticos azulejos que adornam pra\u00e7as e edif\u00edcios emblem\u00e1ticos. A tampa azul adiciona um toque contempor\u00e2neo e pr\u00e1tico, garantindo que as suas bebidas, sejam frias ou quentes, se mantenham em perfeitas condi\u00e7\u00f5es.<\/p>\n<p>A ilustra\u00e7\u00e3o floral, com os seus contornos detalhados e cores variadas, n\u00e3o s\u00f3 confere um ar alegre a qualquer mesa, como tamb\u00e9m estabelece uma liga\u00e7\u00e3o cultural com a rica tradi\u00e7\u00e3o da cer\u00e2mica decorativa espanhola. Este copo n\u00e3o \u00e9 apenas um utens\u00edlio, mas um testemunho da mestria artesanal e do esp\u00edrito festivo dos costumes espanh\u00f3is. Concebido para ser funcional e esteticicamente agrad\u00e1vel, \u00e9 o souvenir perfeito para turistas que procuram uma recorda\u00e7\u00e3o aut\u00eantica da sua experi\u00eancia. Na Ol\u00e9 Mosaic, orgulhamo-nos de oferecer produtos de cer\u00e2mica \u00fanicos por grosso que refletem a cultura espanhola, e este copo \u00e9 a escolha ideal para lojas de presentes tur\u00edsticos que desejem oferecer qualidade e encanto aos seus clientes.<\/p>\n","protected":false},"excerpt":{"rendered":"<p>Copo de cer\u00e2mica decorado com um design floral vibrante em estilo mosaico. Este atraente copo, branco com tampa azul, exibe um banquete de cores que inclui vermelho, amarelo, azul e verde, evocando o esp\u00edrito dos azulejos t\u00edpicos das regi\u00f5es mediterr\u00e2nicas. Ideal para bebidas frias ou quentes, combina funcionalidade e est\u00e9tica, sendo perfeito para adicionar um toque alegre a qualquer mesa.<\/p>\n","protected":false},"featured_media":9014,"template":"","meta":{"_acf_changed":false},"product_brand":[],"product_cat":[828],"product_tag":[515],"class_list":{"0":"post-34945","1":"product","2":"type-product","3":"status-publish","4":"has-post-thumbnail","6":"product_cat-copos","7":"product_tag-ceramica","8":"pa_motivo-flores","10":"first","11":"instock","12":"shipping-taxable","13":"product-type-simple"},"acf":[],"_links":{"self":[{"href":"https:\/\/olemosaic.orbitalia.org\/pt-pt\/wp-json\/wp\/v2\/product\/34945","targetHints":{"allow":["GET"]}}],"collection":[{"href":"https:\/\/olemosaic.orbitalia.org\/pt-pt\/wp-json\/wp\/v2\/product"}],"about":[{"href":"https:\/\/olemosaic.orbitalia.org\/pt-pt\/wp-json\/wp\/v2\/types\/product"}],"wp:featuredmedia":[{"embeddable":true,"href":"https:\/\/olemosaic.orbitalia.org\/pt-pt\/wp-json\/wp\/v2\/media\/9014"}],"wp:attachment":[{"href":"https:\/\/olemosaic.orbitalia.org\/pt-pt\/wp-json\/wp\/v2\/media?parent=34945"}],"wp:term":[{"taxonomy":"product_brand","embeddable":true,"href":"https:\/\/olemosaic.orbitalia.org\/pt-pt\/wp-json\/wp\/v2\/product_brand?post=34945"},{"taxonomy":"product_cat","embeddable":true,"href":"https:\/\/olemosaic.orbitalia.org\/pt-pt\/wp-json\/wp\/v2\/product_cat?post=34945"},{"taxonomy":"product_tag","embeddable":true,"href":"https:\/\/olemosaic.orbitalia.org\/pt-pt\/wp-json\/wp\/v2\/product_tag?post=34945"}],"curies":[{"name":"wp","href":"https:\/\/api.w.org\/{rel}","templated":true}]}}