{"id":34944,"date":"2025-02-20T22:34:38","date_gmt":"2025-02-20T22:34:38","guid":{"rendered":"https:\/\/olemosaic.orbitalia.org\/producto\/vaso-de-ceramica-barcelona-blanco\/"},"modified":"2025-07-25T19:55:24","modified_gmt":"2025-07-25T17:55:24","slug":"copo-de-ceramica-barcelona-branco","status":"publish","type":"product","link":"https:\/\/olemosaic.orbitalia.org\/pt-pt\/produto\/copo-de-ceramica-barcelona-branco\/","title":{"rendered":"Copo de cer\u00e2mica. Barcelona. Branco."},"content":{"rendered":"<p>Este copo de cer\u00e2mica decorado \u00e9 uma recorda\u00e7\u00e3o atraente de Barcelona que capta a ess\u00eancia vibrante desta cidade ic\u00f3nica. Com um design que evoca o estilo caracter\u00edstico do trencad\u00eds, o copo apresenta uma ilustra\u00e7\u00e3o colorida da famosa Sagrada Fam\u00edlia e do miradouro de Colombo, representados em tons brilhantes de azul, vermelho, amarelo e verde que refletem a energia e a diversidade cultural de Barcelona. O detalhe visual do copo \u00e9 impressionante, mostrando a majestade da Sagrada Fam\u00edlia com as suas torres e formas \u00fanicas, juntamente com a representa\u00e7\u00e3o do colorido miradouro de Colombo, tudo emoldurado por um c\u00e9u azul que real\u00e7a ainda mais os seus atributos art\u00edsticos.<\/p>\n<p>A pr\u00e1tica tampa vermelha adiciona um elemento funcional ao design, permitindo levar as suas bebidas favoritas de forma confort\u00e1vel e segura, o que torna este copo num acess\u00f3rio ideal para desfrutar de caf\u00e9, ch\u00e1 ou qualquer bebida refrescante enquanto percorre a cidade, ou como uma recorda\u00e7\u00e3o especial em casa. Este copo n\u00e3o \u00e9 apenas um objeto de uso di\u00e1rio, mas tamb\u00e9m um s\u00edmbolo do patrim\u00f3nio arquitet\u00f3nico e art\u00edstico de Barcelona, o que o torna um presente representativo que liga os turistas \u00e0 rica cultura local. Na Ol\u00e9 Mosaic, oferecemos esta e outras recorda\u00e7\u00f5es de cer\u00e2mica representativas, perfeitas para lojas de presentes tur\u00edsticos que procuram produtos aut\u00eanticos, coloridos e de qualidade.<\/p>\n","protected":false},"excerpt":{"rendered":"<p>Copo de cer\u00e2mica decorado com uma representa\u00e7\u00e3o vibrante de Barcelona, ideal para as suas bebidas favoritas. O copo exibe uma ilustra\u00e7\u00e3o colorida da cidade, incluindo a Sagrada Fam\u00edlia e o Miradouro de Colombo, com cores brilhantes e um design inspirado no estilo trencad\u00eds. Com a sua pr\u00e1tica tampa vermelha, combina funcionalidade e arte, sendo o souvenir perfeito para recordar a ess\u00eancia desta cidade ic\u00f3nica.<\/p>\n","protected":false},"featured_media":12089,"template":"","meta":{"_acf_changed":false},"product_brand":[],"product_cat":[828],"product_tag":[515],"class_list":{"0":"post-34944","1":"product","2":"type-product","3":"status-publish","4":"has-post-thumbnail","6":"product_cat-copos","7":"product_tag-ceramica","8":"pa_ciudad-barcelona","9":"pa_pais-espana","11":"first","12":"instock","13":"shipping-taxable","14":"product-type-simple"},"acf":[],"_links":{"self":[{"href":"https:\/\/olemosaic.orbitalia.org\/pt-pt\/wp-json\/wp\/v2\/product\/34944","targetHints":{"allow":["GET"]}}],"collection":[{"href":"https:\/\/olemosaic.orbitalia.org\/pt-pt\/wp-json\/wp\/v2\/product"}],"about":[{"href":"https:\/\/olemosaic.orbitalia.org\/pt-pt\/wp-json\/wp\/v2\/types\/product"}],"wp:featuredmedia":[{"embeddable":true,"href":"https:\/\/olemosaic.orbitalia.org\/pt-pt\/wp-json\/wp\/v2\/media\/12089"}],"wp:attachment":[{"href":"https:\/\/olemosaic.orbitalia.org\/pt-pt\/wp-json\/wp\/v2\/media?parent=34944"}],"wp:term":[{"taxonomy":"product_brand","embeddable":true,"href":"https:\/\/olemosaic.orbitalia.org\/pt-pt\/wp-json\/wp\/v2\/product_brand?post=34944"},{"taxonomy":"product_cat","embeddable":true,"href":"https:\/\/olemosaic.orbitalia.org\/pt-pt\/wp-json\/wp\/v2\/product_cat?post=34944"},{"taxonomy":"product_tag","embeddable":true,"href":"https:\/\/olemosaic.orbitalia.org\/pt-pt\/wp-json\/wp\/v2\/product_tag?post=34944"}],"curies":[{"name":"wp","href":"https:\/\/api.w.org\/{rel}","templated":true}]}}