{"id":34928,"date":"2025-02-20T23:34:37","date_gmt":"2025-02-20T22:34:37","guid":{"rendered":"https:\/\/olemosaic.orbitalia.org\/producto\/vaso-de-ceramica-bailaora-beige\/"},"modified":"2025-07-25T18:43:08","modified_gmt":"2025-07-25T16:43:08","slug":"copo-de-ceramica-bailarina-bege","status":"publish","type":"product","link":"https:\/\/olemosaic.orbitalia.org\/pt-pt\/produto\/copo-de-ceramica-bailarina-bege\/","title":{"rendered":"Copo de cer\u00e2mica. Bailarina. Bege."},"content":{"rendered":"<p>Este copo de cer\u00e2mica, decorado com uma ilustra\u00e7\u00e3o vibrante de bailarinas de flamenco, \u00e9 uma recorda\u00e7\u00e3o ic\u00f3nica da rica cultura espanhola. O seu design em tons bege oferece o cen\u00e1rio perfeito para real\u00e7ar os detalhes pintados \u00e0 m\u00e3o, onde duas cativantes bailarinas vestem trajes tradicionais adornados com folhos vermelhos e manchas de cor. As bailarinas, rodeadas de exuberantes rosas vermelhas, evocam a paix\u00e3o e o fervor da dan\u00e7a flamenca, uma express\u00e3o art\u00edstica emblem\u00e1tica de Espanha.<\/p>\n<p>O copo n\u00e3o s\u00f3 se destaca pelo seu design cativante, mas tamb\u00e9m pela sua funcionalidade. Inclui uma tampa vermelha, ideal para desfrutar das suas bebidas favoritas em movimento, o que torna este produto uma excelente op\u00e7\u00e3o para turistas que procuram uma recorda\u00e7\u00e3o pr\u00e1tica e est\u00e9tica. A palavra &#8220;ESPA\u00d1A&#8221;, impressa em letras alegres, refor\u00e7a a sua autenticidade como recorda\u00e7\u00e3o representativa do folclore espanhol, tornando-o uma escolha ideal para aqueles que desejam levar um peda\u00e7o da ess\u00eancia deste pa\u00eds vibrante.<\/p>\n<p>Na Ol\u00e9 Mosaic, especializamo-nos na distribui\u00e7\u00e3o de recorda\u00e7\u00f5es por grosso, e este copo de cer\u00e2mica \u00e9 uma pe\u00e7a \u00fanica que refletir\u00e1 a beleza de Espanha em cada casa. Perfeito para lojas de presentes tur\u00edsticos, este copo \u00e9 um artigo que os visitantes recordar\u00e3o e guardar\u00e3o com carinho, simbolizando a riqueza cultural e o esp\u00edrito festivo da tradi\u00e7\u00e3o flamenca e espanhola.<\/p>\n","protected":false},"excerpt":{"rendered":"<p>Copo de cer\u00e2mica decorado com uma ilustra\u00e7\u00e3o colorida de bailarinas de flamenco, que representa a vibrante cultura espanhola. Este atraente copo, em tons bege, apresenta detalhes pintados \u00e0 m\u00e3o, com duas bailarinas vestidas com trajes tradicionais e rodeadas de rosas vermelhas. O produto inclui uma tampa vermelha, ideal para levar bebidas, e a palavra &#8220;ESPA\u00d1A&#8221; impressa, refletindo a ess\u00eancia do folclore espanhol em cada gole.<\/p>\n","protected":false},"featured_media":7369,"template":"","meta":{"_acf_changed":false},"product_brand":[],"product_cat":[828],"product_tag":[515],"class_list":{"0":"post-34928","1":"product","2":"type-product","3":"status-publish","4":"has-post-thumbnail","6":"product_cat-copos","7":"product_tag-ceramica","8":"pa_motivo-dancarinos","10":"first","11":"instock","12":"shipping-taxable","13":"product-type-simple"},"acf":[],"_links":{"self":[{"href":"https:\/\/olemosaic.orbitalia.org\/pt-pt\/wp-json\/wp\/v2\/product\/34928","targetHints":{"allow":["GET"]}}],"collection":[{"href":"https:\/\/olemosaic.orbitalia.org\/pt-pt\/wp-json\/wp\/v2\/product"}],"about":[{"href":"https:\/\/olemosaic.orbitalia.org\/pt-pt\/wp-json\/wp\/v2\/types\/product"}],"wp:featuredmedia":[{"embeddable":true,"href":"https:\/\/olemosaic.orbitalia.org\/pt-pt\/wp-json\/wp\/v2\/media\/7369"}],"wp:attachment":[{"href":"https:\/\/olemosaic.orbitalia.org\/pt-pt\/wp-json\/wp\/v2\/media?parent=34928"}],"wp:term":[{"taxonomy":"product_brand","embeddable":true,"href":"https:\/\/olemosaic.orbitalia.org\/pt-pt\/wp-json\/wp\/v2\/product_brand?post=34928"},{"taxonomy":"product_cat","embeddable":true,"href":"https:\/\/olemosaic.orbitalia.org\/pt-pt\/wp-json\/wp\/v2\/product_cat?post=34928"},{"taxonomy":"product_tag","embeddable":true,"href":"https:\/\/olemosaic.orbitalia.org\/pt-pt\/wp-json\/wp\/v2\/product_tag?post=34928"}],"curies":[{"name":"wp","href":"https:\/\/api.w.org\/{rel}","templated":true}]}}