{"id":34927,"date":"2025-02-20T22:34:37","date_gmt":"2025-02-20T22:34:37","guid":{"rendered":"https:\/\/olemosaic.orbitalia.org\/producto\/vaso-de-ceramica-flores-barcelona-blanco\/"},"modified":"2025-07-25T18:43:11","modified_gmt":"2025-07-25T16:43:11","slug":"copo-de-ceramica-flores-barcelona-branco","status":"publish","type":"product","link":"https:\/\/olemosaic.orbitalia.org\/pt-pt\/produto\/copo-de-ceramica-flores-barcelona-branco\/","title":{"rendered":"Copo de cer\u00e2mica. Flores. Barcelona. Branco."},"content":{"rendered":"<p>Este copo de cer\u00e2mica, decorado com um design floral vibrante, \u00e9 uma recorda\u00e7\u00e3o emblem\u00e1tica de Barcelona que captura a ess\u00eancia art\u00edstica e colorida da cidade. Com a sua elegante base branca e um design exuberante em vermelho, amarelo, azul e verde, evoca a alegria do mosaico gaudiniano que adorna tantos espa\u00e7os ic\u00f3nicos da capital catal\u00e3. Os motivos florais, entrela\u00e7ados com um padr\u00e3o de estilo mosaico, n\u00e3o s\u00f3 oferecem um impacto visual chamativo, como tamb\u00e9m refletem a dedica\u00e7\u00e3o \u00e0 arte e \u00e0 cor que caracteriza a cultura barcelonesa.<\/p>\n<p>Este copo \u00e9 perfeito para desfrutar das suas bebidas favoritas, combinando funcionalidade e arte num \u00fanico objeto. O seu material de cer\u00e2mica garante durabilidade, enquanto o seu design singular e atraente o torna um excelente presente ou recorda\u00e7\u00e3o de Barcelona, ideal para quem procura um peda\u00e7o da vibrante cultura local. Este produto n\u00e3o \u00e9 apenas um copo, mas uma recorda\u00e7\u00e3o aut\u00eantica que encapsula a beleza e o esp\u00edrito mediterr\u00e2nico da cidade.<\/p>\n<p>Na Ol\u00e9 Mosaic, oferecemos este copo de cer\u00e2mica como parte da nossa sele\u00e7\u00e3o de recorda\u00e7\u00f5es de alta qualidade de Barcelona, sendo uma op\u00e7\u00e3o perfeita para lojas de presentes tur\u00edsticos que procuram produtos distintivos. Como grossistas de artigos de cer\u00e2mica, garantimos autenticidade e beleza em cada pe\u00e7a, tornando este copo um artigo irresist\u00edvel para turistas e colecionadores.<\/p>\n","protected":false},"excerpt":{"rendered":"<p>Copo de cer\u00e2mica decorado com um design floral vibrante, inspirado nos famosos mosaicos de Barcelona. Este elegante copo, em tons brancos e azuis, destaca uma bela variedade de cores como o vermelho, o amarelo e o azul nos seus motivos florais, evocando a alegria e a arte da cidade. Perfeito para desfrutar das suas bebidas favoritas, combina funcionalidade e arte num \u00fanico produto, sendo uma recorda\u00e7\u00e3o ideal da capital catal\u00e3.<\/p>\n","protected":false},"featured_media":9064,"template":"","meta":{"_acf_changed":false},"product_brand":[],"product_cat":[828],"product_tag":[515],"class_list":{"0":"post-34927","1":"product","2":"type-product","3":"status-publish","4":"has-post-thumbnail","6":"product_cat-copos","7":"product_tag-ceramica","8":"pa_ciudad-barcelona","9":"pa_motivo-flores","10":"pa_pais-espana","12":"first","13":"instock","14":"shipping-taxable","15":"product-type-simple"},"acf":[],"_links":{"self":[{"href":"https:\/\/olemosaic.orbitalia.org\/pt-pt\/wp-json\/wp\/v2\/product\/34927","targetHints":{"allow":["GET"]}}],"collection":[{"href":"https:\/\/olemosaic.orbitalia.org\/pt-pt\/wp-json\/wp\/v2\/product"}],"about":[{"href":"https:\/\/olemosaic.orbitalia.org\/pt-pt\/wp-json\/wp\/v2\/types\/product"}],"wp:featuredmedia":[{"embeddable":true,"href":"https:\/\/olemosaic.orbitalia.org\/pt-pt\/wp-json\/wp\/v2\/media\/9064"}],"wp:attachment":[{"href":"https:\/\/olemosaic.orbitalia.org\/pt-pt\/wp-json\/wp\/v2\/media?parent=34927"}],"wp:term":[{"taxonomy":"product_brand","embeddable":true,"href":"https:\/\/olemosaic.orbitalia.org\/pt-pt\/wp-json\/wp\/v2\/product_brand?post=34927"},{"taxonomy":"product_cat","embeddable":true,"href":"https:\/\/olemosaic.orbitalia.org\/pt-pt\/wp-json\/wp\/v2\/product_cat?post=34927"},{"taxonomy":"product_tag","embeddable":true,"href":"https:\/\/olemosaic.orbitalia.org\/pt-pt\/wp-json\/wp\/v2\/product_tag?post=34927"}],"curies":[{"name":"wp","href":"https:\/\/api.w.org\/{rel}","templated":true}]}}