{"id":34926,"date":"2025-02-20T22:34:37","date_gmt":"2025-02-20T22:34:37","guid":{"rendered":"https:\/\/olemosaic.orbitalia.org\/producto\/vaso-de-ceramica-toros-blanco\/"},"modified":"2025-07-25T20:07:35","modified_gmt":"2025-07-25T18:07:35","slug":"copo-de-ceramica-touros-branco","status":"publish","type":"product","link":"https:\/\/olemosaic.orbitalia.org\/pt-pt\/produto\/copo-de-ceramica-touros-branco\/","title":{"rendered":"Copo de cer\u00e2mica. Touros. Branco."},"content":{"rendered":"<p>Este copo de cer\u00e2mica, decorado com touros coloridos, \u00e9 uma aut\u00eantica homenagem \u00e0 vibrante cultura espanhola. Sobre um fundo branco chamativo, o seu design apresenta um mosaico intrincado que captura a ess\u00eancia das festas tradicionais: um touro, representado em diversos tons, ergue-se com for\u00e7a e majestade, acompanhado por um sol radiante que evoca o calor do clima ib\u00e9rico. Flores vermelhas adornam a base, conferindo um toque de frescura e alegria, e simbolizam a paix\u00e3o da cultura espanhola.<\/p>\n<p>O copo \u00e9 perfeito para quem deseja levar consigo um peda\u00e7o de Espanha. A sua tampa azul torna-o um acess\u00f3rio ideal para desfrutar das suas bebidas favoritas em qualquer lugar. N\u00e3o \u00e9 apenas funcional, mas tamb\u00e9m uma pe\u00e7a decorativa que reflete a arte tradicional do mosaico, muito caracter\u00edstica da regi\u00e3o, e que, sem d\u00favida, cativar\u00e1 os turistas que valorizam a autenticidade nas suas recorda\u00e7\u00f5es.<\/p>\n<p>Na Ol\u00e9 Mosaic, dedicamo-nos \u00e0 distribui\u00e7\u00e3o de recorda\u00e7\u00f5es por grosso, oferecendo produtos que representam a riqueza cultural de Espanha. Este copo de cer\u00e2mica, com o seu design de touros e o seu simbolismo, \u00e9 uma excelente escolha para lojas de presentes tur\u00edsticos que procuram oferecer aos seus clientes recorda\u00e7\u00f5es aut\u00eanticas e memor\u00e1veis. Com a sua combina\u00e7\u00e3o de arte e funcionalidade, \u00e9 uma recorda\u00e7\u00e3o excecional que converter\u00e1 cada gole numa celebra\u00e7\u00e3o da heran\u00e7a espanhola.<\/p>\n","protected":false},"excerpt":{"rendered":"<p>Copo de cer\u00e2mica decorado com touros coloridos num design vibrante que celebra a cultura espanhola. Com um fundo branco chamativo, o copo apresenta um mosaico intrincado com touros em diversos tons, juntamente com um sol radiante e flores vermelhas que evocam a energia das festas tradicionais. Inclui uma tampa azul, ideal para levar as suas bebidas favoritas enquanto desfruta do estilo aut\u00eantico que representa.<\/p>\n","protected":false},"featured_media":8522,"template":"","meta":{"_acf_changed":false},"product_brand":[],"product_cat":[828],"product_tag":[516,515],"class_list":{"0":"post-34926","1":"product","2":"type-product","3":"status-publish","4":"has-post-thumbnail","6":"product_cat-copos","7":"product_tag-animais","8":"product_tag-ceramica","9":"pa_motivo-touros","11":"first","12":"instock","13":"shipping-taxable","14":"product-type-simple"},"acf":[],"_links":{"self":[{"href":"https:\/\/olemosaic.orbitalia.org\/pt-pt\/wp-json\/wp\/v2\/product\/34926","targetHints":{"allow":["GET"]}}],"collection":[{"href":"https:\/\/olemosaic.orbitalia.org\/pt-pt\/wp-json\/wp\/v2\/product"}],"about":[{"href":"https:\/\/olemosaic.orbitalia.org\/pt-pt\/wp-json\/wp\/v2\/types\/product"}],"wp:featuredmedia":[{"embeddable":true,"href":"https:\/\/olemosaic.orbitalia.org\/pt-pt\/wp-json\/wp\/v2\/media\/8522"}],"wp:attachment":[{"href":"https:\/\/olemosaic.orbitalia.org\/pt-pt\/wp-json\/wp\/v2\/media?parent=34926"}],"wp:term":[{"taxonomy":"product_brand","embeddable":true,"href":"https:\/\/olemosaic.orbitalia.org\/pt-pt\/wp-json\/wp\/v2\/product_brand?post=34926"},{"taxonomy":"product_cat","embeddable":true,"href":"https:\/\/olemosaic.orbitalia.org\/pt-pt\/wp-json\/wp\/v2\/product_cat?post=34926"},{"taxonomy":"product_tag","embeddable":true,"href":"https:\/\/olemosaic.orbitalia.org\/pt-pt\/wp-json\/wp\/v2\/product_tag?post=34926"}],"curies":[{"name":"wp","href":"https:\/\/api.w.org\/{rel}","templated":true}]}}