{"id":34925,"date":"2025-02-20T22:34:37","date_gmt":"2025-02-20T22:34:37","guid":{"rendered":"https:\/\/olemosaic.orbitalia.org\/producto\/vaso-de-ceramica-mosaico-blanco\/"},"modified":"2025-07-25T18:52:44","modified_gmt":"2025-07-25T16:52:44","slug":"copo-de-ceramica-mosaico-branco","status":"publish","type":"product","link":"https:\/\/olemosaic.orbitalia.org\/pt-pt\/produto\/copo-de-ceramica-mosaico-branco\/","title":{"rendered":"Copo de cer\u00e2mica. Mosaico. Branco."},"content":{"rendered":"<p>Este copo de cer\u00e2mica decorado com mosaicos coloridos \u00e9 uma excelente amostra da rica heran\u00e7a cultural espanhola, ideal para desfrutar das suas bebidas favoritas. O seu design vibrante apresenta uma variedade de padr\u00f5es tradicionais em tons azuis, vermelhos e amarelos, evocando a beleza da arte do azulejo que adorna muitas cidades do pa\u00eds, especialmente a Andaluzia e Val\u00eancia. Fabricado em cer\u00e2mica resistente, este copo n\u00e3o s\u00f3 \u00e9 atraente, como tamb\u00e9m funcional, o que o torna a recorda\u00e7\u00e3o perfeita para quem procura uma pe\u00e7a aut\u00eantica de Espanha.<\/p>\n<p>A tampa de silicone vermelha adiciona um toque moderno e pr\u00e1tico, garantindo que a sua bebida se mantenha fresca e segura enquanto se desloca. O copo, pintado \u00e0 m\u00e3o com detalhes intrincados, captura a ess\u00eancia do design artesanal espanhol e torna-se um elemento decorativo que, al\u00e9m de ser \u00fatil, embeleza qualquer espa\u00e7o. Este copo mosaico destaca-se pela sua capacidade de ligar o utilizador \u00e0 cultura e \u00e0 arte local, sendo um presente \u00fanico e significativo. Na Ol\u00e9 Mosaic, especializamo-nos na distribui\u00e7\u00e3o de recorda\u00e7\u00f5es por grosso, oferecendo produtos que celebram a rica tradi\u00e7\u00e3o espanhola. Este copo de cer\u00e2mica \u00e9 uma op\u00e7\u00e3o atraente para as lojas de presentes tur\u00edsticos que procuram autenticar a sua oferta com artigos representativos de grande valor cultural.<\/p>\n","protected":false},"excerpt":{"rendered":"<p>Copo de cer\u00e2mica decorado com mosaicos coloridos, ideal para desfrutar das suas bebidas favoritas. O seu design apresenta uma variedade de motivos tradicionais espanh\u00f3is em tons azuis, vermelhos e amarelos, que evocam a arte do azulejo. Fabricado em cer\u00e2mica resistente e acompanhado por uma tampa de silicone vermelha, este copo combina funcionalidade e est\u00e9tica, tornando-o uma atraente recorda\u00e7\u00e3o que reflete a rica heran\u00e7a cultural de Espanha.<\/p>\n","protected":false},"featured_media":9026,"template":"","meta":{"_acf_changed":false},"product_brand":[],"product_cat":[828],"product_tag":[515],"class_list":{"0":"post-34925","1":"product","2":"type-product","3":"status-publish","4":"has-post-thumbnail","6":"product_cat-copos","7":"product_tag-ceramica","8":"pa_motivo-mosaico","10":"first","11":"instock","12":"shipping-taxable","13":"product-type-simple"},"acf":[],"_links":{"self":[{"href":"https:\/\/olemosaic.orbitalia.org\/pt-pt\/wp-json\/wp\/v2\/product\/34925","targetHints":{"allow":["GET"]}}],"collection":[{"href":"https:\/\/olemosaic.orbitalia.org\/pt-pt\/wp-json\/wp\/v2\/product"}],"about":[{"href":"https:\/\/olemosaic.orbitalia.org\/pt-pt\/wp-json\/wp\/v2\/types\/product"}],"wp:featuredmedia":[{"embeddable":true,"href":"https:\/\/olemosaic.orbitalia.org\/pt-pt\/wp-json\/wp\/v2\/media\/9026"}],"wp:attachment":[{"href":"https:\/\/olemosaic.orbitalia.org\/pt-pt\/wp-json\/wp\/v2\/media?parent=34925"}],"wp:term":[{"taxonomy":"product_brand","embeddable":true,"href":"https:\/\/olemosaic.orbitalia.org\/pt-pt\/wp-json\/wp\/v2\/product_brand?post=34925"},{"taxonomy":"product_cat","embeddable":true,"href":"https:\/\/olemosaic.orbitalia.org\/pt-pt\/wp-json\/wp\/v2\/product_cat?post=34925"},{"taxonomy":"product_tag","embeddable":true,"href":"https:\/\/olemosaic.orbitalia.org\/pt-pt\/wp-json\/wp\/v2\/product_tag?post=34925"}],"curies":[{"name":"wp","href":"https:\/\/api.w.org\/{rel}","templated":true}]}}