{"id":34924,"date":"2025-02-20T23:34:37","date_gmt":"2025-02-20T22:34:37","guid":{"rendered":"https:\/\/olemosaic.orbitalia.org\/producto\/vaso-de-ceramica-salamandra-mallorca-beige\/"},"modified":"2025-07-25T18:43:10","modified_gmt":"2025-07-25T16:43:10","slug":"copo-de-ceramica-salamandra-maiorca-bege","status":"publish","type":"product","link":"https:\/\/olemosaic.orbitalia.org\/pt-pt\/produto\/copo-de-ceramica-salamandra-maiorca-bege\/","title":{"rendered":"Copo de cer\u00e2mica. Salamandra. Maiorca. Bege."},"content":{"rendered":"<p>Este copo de cer\u00e2mica decorado com salamandras coloridas \u00e9 uma recorda\u00e7\u00e3o ideal para evocar a beleza de Maiorca. Com um suave tom bege, este elegante copo \u00e9 pintado \u00e0 m\u00e3o com ilustra\u00e7\u00f5es vibrantes de salamandras que exibem um estilo l\u00fadico e art\u00edstico, tornando-o uma pe\u00e7a \u00fanica que captura a ess\u00eancia da fauna local. Os detalhes intrincados das salamandras est\u00e3o representados em tons azuis, verdes e vermelhos, oferecendo um contraste atraente e cheio de vida. A parte superior do copo \u00e9 rematada com uma tampa de silicone vermelha que, al\u00e9m de adicionar um toque de cor, proporciona uma funcionalidade pr\u00e1tica, ideal para levar bebidas para qualquer lugar. A palavra &#8220;MALLORCA&#8221; est\u00e1 impressa de forma destacada, refor\u00e7ando a sua liga\u00e7\u00e3o com a ilha.<\/p>\n<p>Este copo \u00e9 mais do que um simples objeto; \u00e9 uma lembran\u00e7a das temperaturas quentes e da vibrante vida selvagem de Maiorca. As salamandras s\u00e3o um s\u00edmbolo da diversidade ecol\u00f3gica da regi\u00e3o, representando a rica heran\u00e7a natural que tanto agrada aos visitantes. Na Ol\u00e9 Mosaic, como distribuidores de recorda\u00e7\u00f5es por grosso, oferecemos este copo como uma excelente op\u00e7\u00e3o para lojas de presentes tur\u00edsticos que procurem artigos aut\u00eanticos e representativos de Maiorca. Com o seu design atraente e a sua liga\u00e7\u00e3o cultural, este copo de cer\u00e2mica \u00e9 uma excelente recorda\u00e7\u00e3o que encanta tanto turistas como locais.<\/p>\n","protected":false},"excerpt":{"rendered":"<p>Copo de cer\u00e2mica decorado com salamandras coloridas, ideal para recordar a beleza de Maiorca. Este elegante copo de tom bege apresenta um design artesanal, pintado \u00e0 m\u00e3o, com ilustra\u00e7\u00f5es detalhadas de salamandras em tons vibrantes, dispostas de forma l\u00fadica. A parte superior \u00e9 rematada com uma tampa de silicone vermelha, o que o torna pr\u00e1tico e atraente. Com a palavra &#8220;MALLORCA&#8221; impressa, \u00e9 uma recorda\u00e7\u00e3o perfeita para os amantes da ilha.<\/p>\n","protected":false},"featured_media":7364,"template":"","meta":{"_acf_changed":false},"product_brand":[],"product_cat":[828],"product_tag":[516,515],"class_list":{"0":"post-34924","1":"product","2":"type-product","3":"status-publish","4":"has-post-thumbnail","6":"product_cat-copos","7":"product_tag-animais","8":"product_tag-ceramica","9":"pa_ciudad-mallorca","10":"pa_motivo-salamandras","11":"pa_pais-espana","13":"first","14":"instock","15":"shipping-taxable","16":"product-type-simple"},"acf":[],"_links":{"self":[{"href":"https:\/\/olemosaic.orbitalia.org\/pt-pt\/wp-json\/wp\/v2\/product\/34924","targetHints":{"allow":["GET"]}}],"collection":[{"href":"https:\/\/olemosaic.orbitalia.org\/pt-pt\/wp-json\/wp\/v2\/product"}],"about":[{"href":"https:\/\/olemosaic.orbitalia.org\/pt-pt\/wp-json\/wp\/v2\/types\/product"}],"wp:featuredmedia":[{"embeddable":true,"href":"https:\/\/olemosaic.orbitalia.org\/pt-pt\/wp-json\/wp\/v2\/media\/7364"}],"wp:attachment":[{"href":"https:\/\/olemosaic.orbitalia.org\/pt-pt\/wp-json\/wp\/v2\/media?parent=34924"}],"wp:term":[{"taxonomy":"product_brand","embeddable":true,"href":"https:\/\/olemosaic.orbitalia.org\/pt-pt\/wp-json\/wp\/v2\/product_brand?post=34924"},{"taxonomy":"product_cat","embeddable":true,"href":"https:\/\/olemosaic.orbitalia.org\/pt-pt\/wp-json\/wp\/v2\/product_cat?post=34924"},{"taxonomy":"product_tag","embeddable":true,"href":"https:\/\/olemosaic.orbitalia.org\/pt-pt\/wp-json\/wp\/v2\/product_tag?post=34924"}],"curies":[{"name":"wp","href":"https:\/\/api.w.org\/{rel}","templated":true}]}}