{"id":34919,"date":"2025-02-20T22:34:36","date_gmt":"2025-02-20T22:34:36","guid":{"rendered":"https:\/\/olemosaic.orbitalia.org\/producto\/vaso-de-ceramica-mosaico-barcelona-blanco\/"},"modified":"2025-07-25T18:52:43","modified_gmt":"2025-07-25T16:52:43","slug":"copo-de-ceramica-mosaico-barcelona-branco","status":"publish","type":"product","link":"https:\/\/olemosaic.orbitalia.org\/pt-pt\/produto\/copo-de-ceramica-mosaico-barcelona-branco\/","title":{"rendered":"Copo de cer\u00e2mica. Mosaico. Barcelona. Branco."},"content":{"rendered":"<p>Este copo de cer\u00e2mica com design de mosaico \u00e9 uma atraente homenagem \u00e0 rica heran\u00e7a cultural de Barcelona. A sua vibrante cole\u00e7\u00e3o de padr\u00f5es geom\u00e9tricos, entrela\u00e7ados numa mistura de cores azul, vermelho e amarelo, evoca a ic\u00f3nica azulejaria da cidade, refletindo a ess\u00eancia art\u00edstica das suas ruas e monumentos. A superf\u00edcie branca do copo contrasta na perfei\u00e7\u00e3o com as cores brilhantes e os designs intrincados, criando um efeito visual cativante que recorda as obras de grandes artistas como Antoni Gaud\u00ed. A inscri\u00e7\u00e3o &#8220;Barcelona&#8221;, com um estilo moderno, adiciona um toque distintivo que permite aos turistas levar um peda\u00e7o da cidade. Al\u00e9m disso, vem acompanhado de uma tampa de silicone vermelha que n\u00e3o s\u00f3 proporciona funcionalidade, mas tamb\u00e9m acentua o seu apelo moderno e pr\u00e1tico. Este copo \u00e9 a recorda\u00e7\u00e3o ideal para quem deseja recordar a sua visita a Barcelona, combinando est\u00e9tica e utilidade num \u00fanico produto. Na Ol\u00e9 Mosaic, especializamo-nos na distribui\u00e7\u00e3o de lembran\u00e7as por grosso, oferecendo este copo de cer\u00e2mica como uma op\u00e7\u00e3o perfeita para lojas de presentes tur\u00edsticos que desejem destacar a autenticidade e diversidade cultural de Barcelona.<\/p>\n","protected":false},"excerpt":{"rendered":"<p>Copo de cer\u00e2mica com design de mosaico inspirado na rica heran\u00e7a cultural de Barcelona. Este atraente copo apresenta uma vibrante cole\u00e7\u00e3o de padr\u00f5es geom\u00e9tricos numa mistura de cores azul, vermelho e amarelo, que evocam a azulejaria t\u00edpica da cidade. A inscri\u00e7\u00e3o \u00abBarcelona\u00bb adiciona um toque distintivo, enquanto a sua tampa de silicone vermelha proporciona conforto e funcionalidade. Uma lembran\u00e7a perfeita para desfrutar das suas bebidas com estilo e recordar a sua visita \u00e0 cidade.<\/p>\n","protected":false},"featured_media":9112,"template":"","meta":{"_acf_changed":false},"product_brand":[],"product_cat":[828],"product_tag":[515],"class_list":{"0":"post-34919","1":"product","2":"type-product","3":"status-publish","4":"has-post-thumbnail","6":"product_cat-copos","7":"product_tag-ceramica","8":"pa_ciudad-barcelona","9":"pa_motivo-mosaico","10":"pa_pais-espana","12":"first","13":"instock","14":"shipping-taxable","15":"product-type-simple"},"acf":[],"_links":{"self":[{"href":"https:\/\/olemosaic.orbitalia.org\/pt-pt\/wp-json\/wp\/v2\/product\/34919","targetHints":{"allow":["GET"]}}],"collection":[{"href":"https:\/\/olemosaic.orbitalia.org\/pt-pt\/wp-json\/wp\/v2\/product"}],"about":[{"href":"https:\/\/olemosaic.orbitalia.org\/pt-pt\/wp-json\/wp\/v2\/types\/product"}],"wp:featuredmedia":[{"embeddable":true,"href":"https:\/\/olemosaic.orbitalia.org\/pt-pt\/wp-json\/wp\/v2\/media\/9112"}],"wp:attachment":[{"href":"https:\/\/olemosaic.orbitalia.org\/pt-pt\/wp-json\/wp\/v2\/media?parent=34919"}],"wp:term":[{"taxonomy":"product_brand","embeddable":true,"href":"https:\/\/olemosaic.orbitalia.org\/pt-pt\/wp-json\/wp\/v2\/product_brand?post=34919"},{"taxonomy":"product_cat","embeddable":true,"href":"https:\/\/olemosaic.orbitalia.org\/pt-pt\/wp-json\/wp\/v2\/product_cat?post=34919"},{"taxonomy":"product_tag","embeddable":true,"href":"https:\/\/olemosaic.orbitalia.org\/pt-pt\/wp-json\/wp\/v2\/product_tag?post=34919"}],"curies":[{"name":"wp","href":"https:\/\/api.w.org\/{rel}","templated":true}]}}