{"id":34886,"date":"2025-02-20T23:34:36","date_gmt":"2025-02-20T22:34:36","guid":{"rendered":"https:\/\/olemosaic.orbitalia.org\/producto\/vaso-de-ceramica-toro-beige\/"},"modified":"2025-07-25T18:51:10","modified_gmt":"2025-07-25T16:51:10","slug":"copo-de-ceramica-touro-bege","status":"publish","type":"product","link":"https:\/\/olemosaic.orbitalia.org\/pt-pt\/produto\/copo-de-ceramica-touro-bege\/","title":{"rendered":"Copo de cer\u00e2mica. Touro. Bege."},"content":{"rendered":"<p>Este copo de cer\u00e2mica com um design colorido de touros t\u00edpicos de Espanha \u00e9 uma pe\u00e7a vibrante que n\u00e3o s\u00f3 representa a rica tradi\u00e7\u00e3o taurom\u00e1quica do pa\u00eds, mas tamb\u00e9m \u00e9 uma recorda\u00e7\u00e3o perfeita para quem deseja levar um pedacinho da cultura espanhola. O copo, em tons de bege, apresenta uma s\u00e9rie de touros estilizados em posi\u00e7\u00f5es din\u00e2micas, que simbolizam a for\u00e7a e a majestade destes emblem\u00e1ticos animais. Os touros est\u00e3o adornados com mosaicos numa variedade de cores, o que lhes confere um efeito visual impactante e moderno. No rebordo, a palavra &#8220;ESPA\u00d1A&#8221; em letras coloridas adiciona um toque adicional que real\u00e7a a autenticidade e o orgulho nacional.<\/p>\n<p>Este copo \u00e9 ideal tanto para o uso di\u00e1rio como para exibi\u00e7\u00e3o, tornando-se um acess\u00f3rio funcional e decorativo. A t\u00e9cnica de pintura \u00e0 m\u00e3o n\u00e3o s\u00f3 garante a exclusividade de cada produto, como tamb\u00e9m real\u00e7a o car\u00e1ter art\u00edstico que se espera de uma recorda\u00e7\u00e3o representativa de Espanha. Na Ol\u00e9 Mosaic, especializamo-nos na distribui\u00e7\u00e3o de recorda\u00e7\u00f5es por grosso, e este copo de cer\u00e2mica \u00e9 uma op\u00e7\u00e3o de destaque para lojas de presentes tur\u00edsticos que procuram produtos que reflitam a ess\u00eancia cultural da regi\u00e3o. Sem d\u00favida, \u00e9 uma excelente escolha para quem deseja celebrar a tradi\u00e7\u00e3o com um objeto de qualidade e relev\u00e2ncia.<\/p>\n","protected":false},"excerpt":{"rendered":"<p>Copo de cer\u00e2mica com um design colorido de touros t\u00edpicos de Espanha. Este atraente copo, em tons de bege e decorado com mosaicos vibrantes, apresenta imagens estilizadas de touros em posi\u00e7\u00e3o din\u00e2mica, rodeadas por um rebordo vermelho e a palavra &#8220;ESPA\u00d1A&#8221;. A t\u00e9cnica de design artesanal, pintada \u00e0 m\u00e3o, real\u00e7a o car\u00e1ter art\u00edstico do copo, tornando-o uma recorda\u00e7\u00e3o ideal para os amantes da cultura espanhola e da sua rica tradi\u00e7\u00e3o taurom\u00e1quica. Perfeito tanto para o uso di\u00e1rio como para exibi\u00e7\u00e3o.<\/p>\n","protected":false},"featured_media":7368,"template":"","meta":{"_acf_changed":false},"product_brand":[],"product_cat":[828],"product_tag":[516,515],"class_list":{"0":"post-34886","1":"product","2":"type-product","3":"status-publish","4":"has-post-thumbnail","6":"product_cat-copos","7":"product_tag-animais","8":"product_tag-ceramica","9":"pa_motivo-touros","11":"first","12":"instock","13":"shipping-taxable","14":"product-type-simple"},"acf":[],"_links":{"self":[{"href":"https:\/\/olemosaic.orbitalia.org\/pt-pt\/wp-json\/wp\/v2\/product\/34886","targetHints":{"allow":["GET"]}}],"collection":[{"href":"https:\/\/olemosaic.orbitalia.org\/pt-pt\/wp-json\/wp\/v2\/product"}],"about":[{"href":"https:\/\/olemosaic.orbitalia.org\/pt-pt\/wp-json\/wp\/v2\/types\/product"}],"wp:featuredmedia":[{"embeddable":true,"href":"https:\/\/olemosaic.orbitalia.org\/pt-pt\/wp-json\/wp\/v2\/media\/7368"}],"wp:attachment":[{"href":"https:\/\/olemosaic.orbitalia.org\/pt-pt\/wp-json\/wp\/v2\/media?parent=34886"}],"wp:term":[{"taxonomy":"product_brand","embeddable":true,"href":"https:\/\/olemosaic.orbitalia.org\/pt-pt\/wp-json\/wp\/v2\/product_brand?post=34886"},{"taxonomy":"product_cat","embeddable":true,"href":"https:\/\/olemosaic.orbitalia.org\/pt-pt\/wp-json\/wp\/v2\/product_cat?post=34886"},{"taxonomy":"product_tag","embeddable":true,"href":"https:\/\/olemosaic.orbitalia.org\/pt-pt\/wp-json\/wp\/v2\/product_tag?post=34886"}],"curies":[{"name":"wp","href":"https:\/\/api.w.org\/{rel}","templated":true}]}}