{"id":34866,"date":"2025-02-20T23:34:35","date_gmt":"2025-02-20T22:34:35","guid":{"rendered":"https:\/\/olemosaic.orbitalia.org\/producto\/tapon-de-ceramica-salamandra-y-flores-mallorca-blanco\/"},"modified":"2025-07-25T18:47:47","modified_gmt":"2025-07-25T16:47:47","slug":"rolha-de-ceramica-salamandra-e-flores-maiorca-branco","status":"publish","type":"product","link":"https:\/\/olemosaic.orbitalia.org\/pt-pt\/produto\/rolha-de-ceramica-salamandra-e-flores-maiorca-branco\/","title":{"rendered":"Rolha de cer\u00e2mica. Salamandra e flores. Maiorca. Branco."},"content":{"rendered":"<p>Esta rolha de cer\u00e2mica decorativa \u00e9 uma encantadora recorda\u00e7\u00e3o de Maiorca que combina arte e funcionalidade de forma excecional. Com um design vibrante que mostra uma colorida salamandra e bonitas flores sobre um fundo branco, esta pe\u00e7a destaca-se pela sua paleta de cores quentes e brilhantes, em tons de vermelho, verde, azul e amarelo. A salamandra, um s\u00edmbolo da natureza vibrante da ilha, contorce-se com gra\u00e7a, enquanto as flores acrescentam um toque de frescura, evocando a beleza das paisagens de Maiorca.<\/p>\n<p>Cada rolha \u00e9 uma obra-prima de cer\u00e2mica com efeito pintado \u00e0 m\u00e3o, o que garante a autenticidade e singularidade do produto. A inscri\u00e7\u00e3o &#8220;Mallorca&#8221; na rolha n\u00e3o s\u00f3 real\u00e7a a sua origem, como tamb\u00e9m a torna uma recorda\u00e7\u00e3o perfeita para quem procura levar um peda\u00e7o desta ilha paradis\u00edaca. Ideal para fechar garrafas ou como elemento decorativo, esta rolha confere um ar distintivo e mediterr\u00e2nico a qualquer casa.<\/p>\n<p>No contexto cultural, esta rolha representa a rica tradi\u00e7\u00e3o artesanal de Maiorca, sendo uma excelente recorda\u00e7\u00e3o que captura a ess\u00eancia da vida na ilha. Na Ol\u00e9 Mosaic, como grossista de recorda\u00e7\u00f5es, oferecemos artigos aut\u00eanticos que refletem a heran\u00e7a cultural de Espanha, o que torna esta rolha uma op\u00e7\u00e3o ideal para lojas de presentes tur\u00edsticos que desejem oferecer produtos de alta qualidade e valor cultural.<\/p>\n","protected":false},"excerpt":{"rendered":"<p>Rolha decorativa de cer\u00e2mica, inspirada na cultura de Maiorca. Esta original rolha destaca-se pelo seu design colorido com uma salamandra e flores sobre uma base branca que real\u00e7a as vibrantes cores vermelho, verde, azul e amarelo. A pe\u00e7a, realizada em cer\u00e2mica com design artesanal, pintado \u00e0 m\u00e3o, inclui a inscri\u00e7\u00e3o &#8216;Mallorca&#8217;, fundindo arte e funcionalidade para selar as suas garrafas com um toque de estilo mediterr\u00e2nico. Ideal como recorda\u00e7\u00e3o ou para dar um ar distintivo \u00e0 sua casa.<\/p>\n","protected":false},"featured_media":8050,"template":"","meta":{"_acf_changed":false},"product_brand":[],"product_cat":[831],"product_tag":[516,515],"class_list":{"0":"post-34866","1":"product","2":"type-product","3":"status-publish","4":"has-post-thumbnail","6":"product_cat-rolhas","7":"product_tag-animais","8":"product_tag-ceramica","9":"pa_ciudad-mallorca","10":"pa_motivo-salamandras","11":"pa_pais-espana","13":"first","14":"instock","15":"shipping-taxable","16":"product-type-simple"},"acf":[],"_links":{"self":[{"href":"https:\/\/olemosaic.orbitalia.org\/pt-pt\/wp-json\/wp\/v2\/product\/34866","targetHints":{"allow":["GET"]}}],"collection":[{"href":"https:\/\/olemosaic.orbitalia.org\/pt-pt\/wp-json\/wp\/v2\/product"}],"about":[{"href":"https:\/\/olemosaic.orbitalia.org\/pt-pt\/wp-json\/wp\/v2\/types\/product"}],"wp:featuredmedia":[{"embeddable":true,"href":"https:\/\/olemosaic.orbitalia.org\/pt-pt\/wp-json\/wp\/v2\/media\/8050"}],"wp:attachment":[{"href":"https:\/\/olemosaic.orbitalia.org\/pt-pt\/wp-json\/wp\/v2\/media?parent=34866"}],"wp:term":[{"taxonomy":"product_brand","embeddable":true,"href":"https:\/\/olemosaic.orbitalia.org\/pt-pt\/wp-json\/wp\/v2\/product_brand?post=34866"},{"taxonomy":"product_cat","embeddable":true,"href":"https:\/\/olemosaic.orbitalia.org\/pt-pt\/wp-json\/wp\/v2\/product_cat?post=34866"},{"taxonomy":"product_tag","embeddable":true,"href":"https:\/\/olemosaic.orbitalia.org\/pt-pt\/wp-json\/wp\/v2\/product_tag?post=34866"}],"curies":[{"name":"wp","href":"https:\/\/api.w.org\/{rel}","templated":true}]}}