{"id":34863,"date":"2025-02-20T23:34:34","date_gmt":"2025-02-20T22:34:34","guid":{"rendered":"https:\/\/olemosaic.orbitalia.org\/producto\/tapon-de-ceramica-madrid-blanco\/"},"modified":"2025-07-25T19:25:47","modified_gmt":"2025-07-25T17:25:47","slug":"rolha-de-ceramica-madrid-branco","status":"publish","type":"product","link":"https:\/\/olemosaic.orbitalia.org\/pt-pt\/produto\/rolha-de-ceramica-madrid-branco\/","title":{"rendered":"Rolha de cer\u00e2mica. Madrid. Branco."},"content":{"rendered":"<p>Esta rolha de cer\u00e2mica decorada \u00e9 uma encantadora recorda\u00e7\u00e3o, inspirada na emblem\u00e1tica Plaza Mayor de Madrid, uma das pra\u00e7as mais ic\u00f3nicas da capital espanhola. A rolha, de uma elegante cor branca, apresenta um vibrante design pintado \u00e0 m\u00e3o que captura a ess\u00eancia da pra\u00e7a, mostrando detalhes delicados da sua famosa fonte, bem como personagens locais que adicionam um toque de vida e autenticidade \u00e0 pe\u00e7a. Na parte superior, o nome &#8220;MADRID&#8221;, em letras coloridas, destaca-se com alegria, tornando esta rolha uma recorda\u00e7\u00e3o que n\u00e3o s\u00f3 \u00e9 funcional, como tamb\u00e9m celebra o esp\u00edrito da cidade.<\/p>\n<p>Cada elemento do design foi minuciosamente elaborado, refletindo a rica hist\u00f3ria e cultura de Madrid, desde a sua arquitetura renascentista at\u00e9 \u00e0 din\u00e2mica vida de rua que caracteriza a pra\u00e7a. Esta rolha de cer\u00e2mica n\u00e3o \u00e9 apenas ideal para preservar vinhos e azeites, mas tamb\u00e9m se afirma como um objeto decorativo que recordar\u00e1 aos viajantes os momentos vividos na vibrante Plaza Mayor.<\/p>\n<p>Na Ol\u00e9 Mosaic, especializamo-nos em oferecer recorda\u00e7\u00f5es aut\u00eanticas de qualidade, e esta rolha de cer\u00e2mica \u00e9 uma excelente op\u00e7\u00e3o para lojas de presentes tur\u00edsticos que procuram produtos representativos da cultura espanhola. Como distribuidores de cer\u00e2mica por grosso, garantimos que cada pe\u00e7a respeita o legado art\u00edstico da sua origem, tornando esta rolha um presente perfeito para quem deseja levar um peda\u00e7o de Madrid para casa.<\/p>\n","protected":false},"excerpt":{"rendered":"<p>Rolha de cer\u00e2mica decorada, inspirada na emblem\u00e1tica Plaza Mayor de Madrid. Esta atraente rolha branca apresenta um design artesanal, pintado \u00e0 m\u00e3o, que inclui elementos representativos da cidade, como a sua famosa fonte e personagens locais, tudo em cores vivas. A parte superior inclui o nome &#8216;MADRID&#8217; em letras coloridas, o que torna esta rolha um souvenir perfeito que combina arte e funcionalidade, ideal para recordar a ess\u00eancia da capital espanhola.<\/p>\n","protected":false},"featured_media":9960,"template":"","meta":{"_acf_changed":false},"product_brand":[],"product_cat":[831],"product_tag":[515],"class_list":{"0":"post-34863","1":"product","2":"type-product","3":"status-publish","4":"has-post-thumbnail","6":"product_cat-rolhas","7":"product_tag-ceramica","8":"pa_ciudad-madrid","9":"pa_pais-espana","11":"first","12":"instock","13":"shipping-taxable","14":"product-type-simple"},"acf":[],"_links":{"self":[{"href":"https:\/\/olemosaic.orbitalia.org\/pt-pt\/wp-json\/wp\/v2\/product\/34863","targetHints":{"allow":["GET"]}}],"collection":[{"href":"https:\/\/olemosaic.orbitalia.org\/pt-pt\/wp-json\/wp\/v2\/product"}],"about":[{"href":"https:\/\/olemosaic.orbitalia.org\/pt-pt\/wp-json\/wp\/v2\/types\/product"}],"wp:featuredmedia":[{"embeddable":true,"href":"https:\/\/olemosaic.orbitalia.org\/pt-pt\/wp-json\/wp\/v2\/media\/9960"}],"wp:attachment":[{"href":"https:\/\/olemosaic.orbitalia.org\/pt-pt\/wp-json\/wp\/v2\/media?parent=34863"}],"wp:term":[{"taxonomy":"product_brand","embeddable":true,"href":"https:\/\/olemosaic.orbitalia.org\/pt-pt\/wp-json\/wp\/v2\/product_brand?post=34863"},{"taxonomy":"product_cat","embeddable":true,"href":"https:\/\/olemosaic.orbitalia.org\/pt-pt\/wp-json\/wp\/v2\/product_cat?post=34863"},{"taxonomy":"product_tag","embeddable":true,"href":"https:\/\/olemosaic.orbitalia.org\/pt-pt\/wp-json\/wp\/v2\/product_tag?post=34863"}],"curies":[{"name":"wp","href":"https:\/\/api.w.org\/{rel}","templated":true}]}}