{"id":34862,"date":"2025-02-20T22:34:34","date_gmt":"2025-02-20T22:34:34","guid":{"rendered":"https:\/\/olemosaic.orbitalia.org\/producto\/tapon-de-ceramica-flores-barcelona-blanco\/"},"modified":"2025-07-25T19:56:49","modified_gmt":"2025-07-25T17:56:49","slug":"rolha-de-ceramica-flores-barcelona-branco","status":"publish","type":"product","link":"https:\/\/olemosaic.orbitalia.org\/pt-pt\/produto\/rolha-de-ceramica-flores-barcelona-branco\/","title":{"rendered":"Rolha de cer\u00e2mica. Flores. Barcelona. Branco."},"content":{"rendered":"<p>Esta rolha de cer\u00e2mica decorada \u00e9 um atraente souvenir de Barcelona que captura a ess\u00eancia vibrante e art\u00edstica da ic\u00f3nica cidade. O seu design apresenta um topo branco com um impactante motivo central: uma flor vermelha rodeada de azulejos coloridos em tons de azul, amarelo e laranja, que evocam a famosa obra de mosaico que adorna muitos edif\u00edcios de Gaud\u00ed e outros artistas locais. A base de corti\u00e7a garante uma selagem perfeita para as garrafas, tornando esta rolha um acess\u00f3rio funcional ideal para qualquer casa.<\/p>\n<p>Esta rolha de cer\u00e2mica n\u00e3o serve apenas como um fecho pr\u00e1tico para as suas garrafas de vinho ou azeite, mas \u00e9 tamb\u00e9m uma pe\u00e7a decorativa que adiciona um toque distinto a qualquer cozinha ou sala de jantar. A sua beleza inspiradora e a sua liga\u00e7\u00e3o com a rica tradi\u00e7\u00e3o art\u00edstica de Barcelona tornam-na uma recorda\u00e7\u00e3o representativa da cidade, uma excelente op\u00e7\u00e3o para turistas que procuram um peda\u00e7o da cultura catal\u00e3 para levar para casa.<\/p>\n<p>Na Ol\u00e9 Mosaic, especializamo-nos na distribui\u00e7\u00e3o de souvenirs por grosso, oferecendo produtos aut\u00eanticos que celebram a heran\u00e7a cultural das suas regi\u00f5es. Esta rolha de cer\u00e2mica \u00e9 uma op\u00e7\u00e3o ideal para lojas de presentes tur\u00edsticos que procuram oferecer artigos \u00fanicos e de qualidade. Com o seu charme e funcionalidade, \u00e9 um souvenir memor\u00e1vel que encantar\u00e1 qualquer visitante de Barcelona.<\/p>\n","protected":false},"excerpt":{"rendered":"<p>Rolha de cer\u00e2mica decorada com um vibrante design floral, inspirado na famosa obra de mosaico de Barcelona. Esta atraente rolha apresenta uma base de corti\u00e7a, com um topo branco que mostra uma flor vermelha no centro, rodeada de azulejos coloridos em tons de azul, amarelo e laranja. Perfeita para selar garrafas, este souvenir captura a ess\u00eancia art\u00edstica e colorida da cidade condal, adicionando um toque distinto a qualquer casa.<\/p>\n","protected":false},"featured_media":9079,"template":"","meta":{"_acf_changed":false},"product_brand":[],"product_cat":[831],"product_tag":[515],"class_list":{"0":"post-34862","1":"product","2":"type-product","3":"status-publish","4":"has-post-thumbnail","6":"product_cat-rolhas","7":"product_tag-ceramica","8":"pa_ciudad-barcelona","9":"pa_motivo-flores","10":"pa_pais-espana","12":"first","13":"instock","14":"shipping-taxable","15":"product-type-simple"},"acf":[],"_links":{"self":[{"href":"https:\/\/olemosaic.orbitalia.org\/pt-pt\/wp-json\/wp\/v2\/product\/34862","targetHints":{"allow":["GET"]}}],"collection":[{"href":"https:\/\/olemosaic.orbitalia.org\/pt-pt\/wp-json\/wp\/v2\/product"}],"about":[{"href":"https:\/\/olemosaic.orbitalia.org\/pt-pt\/wp-json\/wp\/v2\/types\/product"}],"wp:featuredmedia":[{"embeddable":true,"href":"https:\/\/olemosaic.orbitalia.org\/pt-pt\/wp-json\/wp\/v2\/media\/9079"}],"wp:attachment":[{"href":"https:\/\/olemosaic.orbitalia.org\/pt-pt\/wp-json\/wp\/v2\/media?parent=34862"}],"wp:term":[{"taxonomy":"product_brand","embeddable":true,"href":"https:\/\/olemosaic.orbitalia.org\/pt-pt\/wp-json\/wp\/v2\/product_brand?post=34862"},{"taxonomy":"product_cat","embeddable":true,"href":"https:\/\/olemosaic.orbitalia.org\/pt-pt\/wp-json\/wp\/v2\/product_cat?post=34862"},{"taxonomy":"product_tag","embeddable":true,"href":"https:\/\/olemosaic.orbitalia.org\/pt-pt\/wp-json\/wp\/v2\/product_tag?post=34862"}],"curies":[{"name":"wp","href":"https:\/\/api.w.org\/{rel}","templated":true}]}}