{"id":34808,"date":"2025-02-20T22:34:32","date_gmt":"2025-02-20T22:34:32","guid":{"rendered":"https:\/\/olemosaic.orbitalia.org\/producto\/saleros-de-ceramica-mosaico-blanco\/"},"modified":"2025-07-25T20:05:22","modified_gmt":"2025-07-25T18:05:22","slug":"saleiros-de-ceramica-mosaico-branco","status":"publish","type":"product","link":"https:\/\/olemosaic.orbitalia.org\/pt-pt\/produto\/saleiros-de-ceramica-mosaico-branco\/","title":{"rendered":"Saleiros de cer\u00e2mica. Mosaico. Branco."},"content":{"rendered":"<p>Este conjunto de saleiros de cer\u00e2mica, inspirado nos vibrantes designs de mosaicos, \u00e9 uma recorda\u00e7\u00e3o evocativa da rica tradi\u00e7\u00e3o decorativa espanhola. Cada saleiro oferece uma exibi\u00e7\u00e3o de cores vivas, com tons intensos de azul, vermelho e laranja, combinados em intrincados padr\u00f5es geom\u00e9tricos e florais que recordam os azulejos que adornam a arquitetura ic\u00f3nica do pa\u00eds, desde a Alhambra at\u00e9 \u00e0s ruas de Sevilha. Fabricados com cer\u00e2mica de alta qualidade, estes saleiros t\u00eam um acabamento com um esmalte branco brilhante que real\u00e7a a sua beleza e confere um toque de eleg\u00e2ncia a qualquer mesa.<\/p>\n<p>Concebidos n\u00e3o apenas para serem funcionais, estes saleiros s\u00e3o aut\u00eanticas pe\u00e7as decorativas que acrescentam um ar art\u00edstico \u00e0 gastronomia. A sua singularidade torna-os uma excelente recorda\u00e7\u00e3o para colecionadores e amantes da cultura, oferecendo um pedacinho de Espanha que pode ser desfrutado diariamente. Na Ol\u00e9 Mosaic, especializamo-nos na distribui\u00e7\u00e3o grossista de recorda\u00e7\u00f5es, e estes saleiros s\u00e3o uma op\u00e7\u00e3o perfeita para lojas de presentes tur\u00edsticos que procuram produtos aut\u00eanticos e de qualidade. As recorda\u00e7\u00f5es de cer\u00e2mica, como estes saleiros de mosaico, s\u00e3o ideais para quem deseja levar para casa uma lembran\u00e7a memor\u00e1vel que celebre a requintada heran\u00e7a cultural de Espanha.<\/p>\n","protected":false},"excerpt":{"rendered":"<p>Saleiros de cer\u00e2mica com um vibrante design de mosaico, que evocam a rica tradi\u00e7\u00e3o decorativa de Espanha. Cada saleiro apresenta uma fus\u00e3o de cores vivas como o azul, o vermelho e o laranja, com intrincados padr\u00f5es geom\u00e9tricos e florais que lhe conferem um toque art\u00edstico. A cer\u00e2mica \u00e9 de alta qualidade e os saleiros t\u00eam um acabamento em branco brilhante, perfeitos para adicionar um toque de eleg\u00e2ncia e cultura \u00e0 sua mesa. Ideais para colecionadores e amantes da gastronomia.<\/p>\n","protected":false},"featured_media":8896,"template":"","meta":{"_acf_changed":false},"product_brand":[],"product_cat":[821],"product_tag":[515],"class_list":{"0":"post-34808","1":"product","2":"type-product","3":"status-publish","4":"has-post-thumbnail","6":"product_cat-saleiros","7":"product_tag-ceramica","8":"pa_motivo-mosaico","10":"first","11":"instock","12":"shipping-taxable","13":"product-type-simple"},"acf":[],"_links":{"self":[{"href":"https:\/\/olemosaic.orbitalia.org\/pt-pt\/wp-json\/wp\/v2\/product\/34808","targetHints":{"allow":["GET"]}}],"collection":[{"href":"https:\/\/olemosaic.orbitalia.org\/pt-pt\/wp-json\/wp\/v2\/product"}],"about":[{"href":"https:\/\/olemosaic.orbitalia.org\/pt-pt\/wp-json\/wp\/v2\/types\/product"}],"wp:featuredmedia":[{"embeddable":true,"href":"https:\/\/olemosaic.orbitalia.org\/pt-pt\/wp-json\/wp\/v2\/media\/8896"}],"wp:attachment":[{"href":"https:\/\/olemosaic.orbitalia.org\/pt-pt\/wp-json\/wp\/v2\/media?parent=34808"}],"wp:term":[{"taxonomy":"product_brand","embeddable":true,"href":"https:\/\/olemosaic.orbitalia.org\/pt-pt\/wp-json\/wp\/v2\/product_brand?post=34808"},{"taxonomy":"product_cat","embeddable":true,"href":"https:\/\/olemosaic.orbitalia.org\/pt-pt\/wp-json\/wp\/v2\/product_cat?post=34808"},{"taxonomy":"product_tag","embeddable":true,"href":"https:\/\/olemosaic.orbitalia.org\/pt-pt\/wp-json\/wp\/v2\/product_tag?post=34808"}],"curies":[{"name":"wp","href":"https:\/\/api.w.org\/{rel}","templated":true}]}}