{"id":34805,"date":"2025-02-20T23:34:31","date_gmt":"2025-02-20T22:34:31","guid":{"rendered":"https:\/\/olemosaic.orbitalia.org\/producto\/4-bols-de-coco-de-13-x-6-cm-animales-del-mar-barcelona\/"},"modified":"2025-07-25T18:55:32","modified_gmt":"2025-07-25T16:55:32","slug":"4-tacas-de-coco-de-13-x-6-cm-animais-do-mar-barcelona","status":"publish","type":"product","link":"https:\/\/olemosaic.orbitalia.org\/pt-pt\/produto\/4-tacas-de-coco-de-13-x-6-cm-animais-do-mar-barcelona\/","title":{"rendered":"4 Ta\u00e7as de coco de 13 x 6 cm. Animais do mar. Barcelona."},"content":{"rendered":"<p>Este conjunto de quatro ta\u00e7as de cer\u00e2mica pintadas \u00e0 m\u00e3o \u00e9 uma aut\u00eantica representa\u00e7\u00e3o da criatividade e do ambiente colorido de Barcelona. Cada ta\u00e7a apresenta um mosaico vibrante que combina tons de rosa, azul e amarelo, evocando as coloridas fachadas dos edif\u00edcios modernistas da cidade. Decoradas com motivos marinhos como um golfinho, uma tartaruga e um cavalo-marinho, estas ta\u00e7as n\u00e3o s\u00e3o apenas funcionais, mas tamb\u00e9m servem como uma bela pe\u00e7a decorativa que reflete a vida mediterr\u00e2nica.<\/p>\n<p>O delicado acabamento brilhante de cada ta\u00e7a real\u00e7a os detalhes das ilustra\u00e7\u00f5es, tornando cada pe\u00e7a \u00fanica e especial. Com um design que integra de forma harmoniosa elementos da fauna marinha, estas ta\u00e7as s\u00e3o ideais para apresentar aperitivos, servir saladas ou simplesmente como um atraente elemento decorativo em qualquer casa.<\/p>\n<p>Produzidas com t\u00e9cnicas tradicionais, estas ta\u00e7as s\u00e3o mais do que simples utensilios de cozinha; s\u00e3o uma recorda\u00e7\u00e3o cultural que liga os visitantes \u00e0 rica heran\u00e7a de Barcelona. Perfeitas como recorda\u00e7\u00f5es da cidade, s\u00e3o uma excelente op\u00e7\u00e3o para lojas de presentes tur\u00edsticos que procuram produtos aut\u00eanticos e atraentes. Na Ol\u00e9 Mosaic, o seu grossista de recorda\u00e7\u00f5es artesanais, garantimos a qualidade e a autenticidade em cada pe\u00e7a deste encantador conjunto de ta\u00e7as de cer\u00e2mica, ideais para quem deseja levar um peda\u00e7o da cultura mediterr\u00e2nica para sua casa.<\/p>\n","protected":false},"excerpt":{"rendered":"<p>Conjunto de quatro ta\u00e7as de cer\u00e2mica pintadas \u00e0 m\u00e3o, inspiradas no vibrante ambiente de Barcelona. Cada ta\u00e7a apresenta um mosaico colorido que combina tons de rosa, azul e amarelo, emoldurando motivos marinhos como um golfinho, uma tartaruga e um cavalo-marinho. Com um delicado acabamento brilhante, estas ta\u00e7as n\u00e3o s\u00e3o apenas funcionais, mas tamb\u00e9m um elemento decorativo que reflete a riqueza cultural da cidade. S\u00e3o ideais para adicionar um toque mediterr\u00e2nico a qualquer casa.<\/p>\n","protected":false},"featured_media":13824,"template":"","meta":{"_acf_changed":false},"product_brand":[],"product_cat":[513],"product_tag":[516],"class_list":{"0":"post-34805","1":"product","2":"type-product","3":"status-publish","4":"has-post-thumbnail","6":"product_cat-bols","7":"product_tag-animais","8":"pa_ciudad-barcelona","9":"pa_motivo-animais-marinhos","10":"pa_pais-espana","12":"first","13":"instock","14":"shipping-taxable","15":"product-type-simple"},"acf":[],"_links":{"self":[{"href":"https:\/\/olemosaic.orbitalia.org\/pt-pt\/wp-json\/wp\/v2\/product\/34805","targetHints":{"allow":["GET"]}}],"collection":[{"href":"https:\/\/olemosaic.orbitalia.org\/pt-pt\/wp-json\/wp\/v2\/product"}],"about":[{"href":"https:\/\/olemosaic.orbitalia.org\/pt-pt\/wp-json\/wp\/v2\/types\/product"}],"wp:featuredmedia":[{"embeddable":true,"href":"https:\/\/olemosaic.orbitalia.org\/pt-pt\/wp-json\/wp\/v2\/media\/13824"}],"wp:attachment":[{"href":"https:\/\/olemosaic.orbitalia.org\/pt-pt\/wp-json\/wp\/v2\/media?parent=34805"}],"wp:term":[{"taxonomy":"product_brand","embeddable":true,"href":"https:\/\/olemosaic.orbitalia.org\/pt-pt\/wp-json\/wp\/v2\/product_brand?post=34805"},{"taxonomy":"product_cat","embeddable":true,"href":"https:\/\/olemosaic.orbitalia.org\/pt-pt\/wp-json\/wp\/v2\/product_cat?post=34805"},{"taxonomy":"product_tag","embeddable":true,"href":"https:\/\/olemosaic.orbitalia.org\/pt-pt\/wp-json\/wp\/v2\/product_tag?post=34805"}],"curies":[{"name":"wp","href":"https:\/\/api.w.org\/{rel}","templated":true}]}}